{"id":157,"date":"2011-01-09T19:38:26","date_gmt":"2011-01-09T17:38:26","guid":{"rendered":"http:\/\/test.graswurzel.net\/gwr\/"},"modified":"2024-09-07T13:15:19","modified_gmt":"2024-09-07T11:15:19","slug":"schnupperabo","status":"publish","type":"page","link":"https:\/\/www.graswurzel.net\/gwr\/service\/schnupperabo\/","title":{"rendered":"Schnupperabo"},"content":{"rendered":"<p>Zum Kennenlernen: 3 Ausgaben f\u00fcr\u00a0<b>9 EUR<\/b>, Ausland\u00a0<b>12 EUR.<\/b><\/p>\n\n<div class=\"wpcf7 no-js\" id=\"wpcf7-f14048-o1\" lang=\"de-DE\" dir=\"ltr\" data-wpcf7-id=\"14048\">\n<div class=\"screen-reader-response\"><p role=\"status\" aria-live=\"polite\" aria-atomic=\"true\"><\/p> <ul><\/ul><\/div>\n<form action=\"\/gwr\/wp-json\/wp\/v2\/pages\/157#wpcf7-f14048-o1\" method=\"post\" class=\"wpcf7-form init\" id=\"contactform\" aria-label=\"Kontaktformular\" novalidate=\"novalidate\" data-status=\"init\">\n<fieldset class=\"hidden-fields-container\"><input type=\"hidden\" name=\"_wpcf7\" value=\"14048\" \/><input type=\"hidden\" name=\"_wpcf7_version\" value=\"6.1.5\" \/><input type=\"hidden\" name=\"_wpcf7_locale\" value=\"de_DE\" \/><input type=\"hidden\" name=\"_wpcf7_unit_tag\" value=\"wpcf7-f14048-o1\" \/><input type=\"hidden\" name=\"_wpcf7_container_post\" value=\"0\" \/><input type=\"hidden\" name=\"_wpcf7_posted_data_hash\" value=\"\" \/>\n<\/fieldset>\n<div class=\"wpcf7-response-output alert alert-warning\"><\/div>\n\n<div class=\"form-group row\">\n    <div class=\"col-md-6\"><label for=\"Vorname\"><strong>Vorname<\/strong><\/label><div class=\"form-group Vorname\"><input class=\"wpcf7-form-control wpcf7-text wpcf7-validates-as-required form-control\" name=\"Vorname\" type=\"text\" value=\"\" aria-invalid=\"false\" aria-required=\"true\" required><\/div><\/div>\n    <div class=\"col-md-6\"><label for=\"Nachname\"><strong>Nachname<\/strong><\/label><div class=\"form-group Nachname\"><input class=\"wpcf7-form-control wpcf7-text wpcf7-validates-as-required form-control\" name=\"Nachname\" type=\"text\" value=\"\" aria-invalid=\"false\" aria-required=\"true\" required><\/div><\/div>\n    <div class=\"col-md-6\"><label for=\"Zusatz\">Adresszusatz<\/label><div class=\"form-group Zusatz\"><input class=\"wpcf7-form-control wpcf7-text form-control form-control\" name=\"Zusatz\" type=\"text\" value=\"\" placeholder=\"c\/o, Zustellhinweis...\" aria-invalid=\"false\"><\/div><\/div>\n    <div class=\"col-md-6\"><label for=\"Strasse\"><strong>Stra\u00dfe u. Hausnummer<\/strong><\/label><div class=\"form-group Strasse\"><input class=\"wpcf7-form-control wpcf7-text wpcf7-validates-as-required form-control\" name=\"Strasse\" type=\"text\" value=\"\" aria-invalid=\"false\" aria-required=\"true\" required><\/div><\/div>\n    <div class=\"col-md-6\"><label for=\"PLZ\"><strong>PLZ<\/strong><\/label><div class=\"form-group PLZ\"><input class=\"wpcf7-form-control wpcf7-text wpcf7-validates-as-required form-control\" name=\"PLZ\" type=\"text\" value=\"\" aria-invalid=\"false\" aria-required=\"true\" required><\/div><\/div>\n    <div class=\"col-md-6\"><label for=\"Ort\"><strong>Ort<\/strong><\/label><div class=\"form-group Ort\"><input class=\"wpcf7-form-control wpcf7-text wpcf7-validates-as-required form-control\" name=\"Ort\" type=\"text\" value=\"\" aria-invalid=\"false\" aria-required=\"true\" required><\/div><\/div>\n    <div class=\"col-md-6\"><label for=\"Land\">Land<\/label><div class=\"form-group Land\"><input class=\"wpcf7-form-control wpcf7-text form-control form-control\" name=\"Land\" type=\"text\" value=\"\" placeholder=\"nur wenn Adresse im Ausland\" aria-invalid=\"false\"><\/div><\/div>\n\n    <div class=\"col-md-6\">\n<label for=\"E-Mail\"><strong>E-Mail<\/strong><\/label><div class=\"form-group E-Mail\"><input class=\"wpcf7-form-control wpcf7-email wpcf7-validates-as-required wpcf7-text wpcf7-validates-as-email form-control\" name=\"E-Mail\" type=\"email\" value=\"\" aria-invalid=\"false\" aria-required=\"true\" required><\/div><\/div>\n<\/div>\n\n<div class=\"form-group wpcf7-form-control wpcf7-radio Abotyp\"><div class=\"radio\"><label><input name=\"Abotyp\" type=\"radio\" value=\"Schnupperabo Inland (3 Ausgaben, 9 EUR)\" checked aria-invalid=\"false\" aria-required=\"true\" required>Schnupperabo Inland (3 Ausgaben, 9 EUR)<\/label><\/div><div class=\"radio\"><label><input name=\"Abotyp\" type=\"radio\" value=\"Schnupperabo Ausland (3 Ausgaben, 12 EUR)\" aria-invalid=\"false\" aria-required=\"true\" required>Schnupperabo Ausland (3 Ausgaben, 12 EUR)<\/label><\/div><\/div>\n\n<p>Ich erteile euch hiermit das <b>SEPA-Lastschriftmandat<\/b> f\u00fcr das Schnupperabo zum Einzug von meinem Konto:<\/p>\n\n<div class=\"form-group row\">\n    <div class=\"col-md-6\"><label for=\"IBAN\"><strong>IBAN<\/strong><\/label><div class=\"form-group IBAN\"><input class=\"wpcf7-form-control wpcf7-text wpcf7-validates-as-required form-control\" name=\"IBAN\" type=\"text\" value=\"\" aria-invalid=\"false\" aria-required=\"true\" required><\/div><\/div>\n    <div class=\"col-md-6\"><label for=\"BIC\"><strong>BIC<\/strong><\/label><div class=\"form-group BIC\"><input class=\"wpcf7-form-control wpcf7-text wpcf7-validates-as-required form-control\" name=\"BIC\" type=\"text\" value=\"\" aria-invalid=\"false\" aria-required=\"true\" required><\/div><\/div>\n<\/div>\n\n<p>Das Mandat wird sofort ung\u00fcltig, wenn ich es schriftlich widerrufe.<\/p>\n\n<h3>Hinweis<\/h3>\n\n<p>Diese Bestellung kann zehn Tage lang r\u00fcckg\u00e4ngig gemacht werden. Bitte daran denken: das Schnupperabo verl\u00e4ngert sich automatisch, wenn es nicht sechs Wochen vor Ablauf gek\u00fcndigt wird.<\/p>\n\n<p>Wer seine Bestellung per verschl\u00fcsselter E-Mail an: abo(\u00e4t)graswurzel.net senden m\u00f6chte - hier unser GPG-Key:<br>\n<a href=\"https:\/\/www.graswurzel.net\/gwr\/wp-content\/uploads\/2018\/08\/0xAC5BC1BF.asc\">0xAC5BC1BF<\/a> (Fingerprint: 9F0B 6730 D366 224F B82D 89F3 D720 4E2A AC5B C1BF)<\/p>\n\n<p><br>Alle Adressangaben und die IBAN\/BIC richtig eingegeben? Dann:<br\/><\/p>\n<br\/>\n<span class=\"wpcf7-form-control-wrap kc_captcha cf7ic-toggle\" data-name=\"kc_captcha\"><span class=\"wpcf7-form-control wpcf7-radio\"><span class=\"captcha-image\" style=\"display: none;\"><span class=\"cf7ic_instructions\">Bitte beweise, dass du kein Spambot bist und w\u00e4hle das Symbol<span> Baum<\/span>.<\/span><label><input aria-label=\"1\" type=\"radio\" name=\"kc_captcha\" value=\"bot\" \/><svg aria-hidden=\"true\" role=\"img\" xmlns=\"http:\/\/www.w3.org\/2000\/svg\" viewBox=\"0 0 576 512\"><path fill=\"currentColor\" d=\"M488 313v143c0 13-11 24-24 24H348c-7 0-12-5-12-12V356c0-7-5-12-12-12h-72c-7 0-12 5-12 12v112c0 7-5 12-12 12H112c-13 0-24-11-24-24V313c0-4 2-7 4-10l188-154c5-4 11-4 16 0l188 154c2 3 4 6 4 10zm84-61l-84-69V44c0-6-5-12-12-12h-56c-7 0-12 6-12 12v73l-89-74a48 48 0 00-61 0L4 252c-5 4-5 12-1 17l25 31c5 5 12 5 17 1l235-193c5-4 11-4 16 0l235 193c5 5 13 4 17-1l25-31c4-6 4-13-1-17z\"\/><\/svg><\/label><label><input aria-label=\"2\" type=\"radio\" name=\"kc_captcha\" value=\"bot\" \/><svg aria-hidden=\"true\" role=\"img\" xmlns=\"http:\/\/www.w3.org\/2000\/svg\" viewBox=\"0 0 640 512\"><path fill=\"currentColor\" d=\"M624 352h-16V244c0-13-5-25-14-34L494 110c-9-9-21-14-34-14h-44V48c0-26-21-48-48-48H48C22 0 0 22 0 48v320c0 27 22 48 48 48h16a96 96 0 00192 0h128a96 96 0 00192 0h48c9 0 16-7 16-16v-32c0-9-7-16-16-16zM160 464a48 48 0 110-96 48 48 0 010 96zm320 0a48 48 0 110-96 48 48 0 010 96zm80-208H416V144h44l100 100v12z\"\/><\/svg><\/label><label><input aria-label=\"3\" type=\"radio\" name=\"kc_captcha\" value=\"kc_human\" \/><svg aria-hidden=\"true\" role=\"img\" xmlns=\"http:\/\/www.w3.org\/2000\/svg\" viewBox=\"0 0 384 512\"><path fill=\"currentColor\" d=\"M377 375l-83-87h34c21 0 32-25 17-40l-82-88h33c21 0 32-25 18-40L210 8c-10-11-26-11-36 0L70 120c-14 15-3 40 18 40h33l-82 88c-15 15-4 40 17 40h34L7 375c-15 16-4 41 17 41h120c0 33-11 49-34 68-12 9-5 28 10 28h144c15 0 22-19 10-28-20-16-34-32-34-68h120c21 0 32-25 17-41z\"\/><\/svg><\/label>\r\n    <\/span>\r\n    <span style=\"display:none\">\r\n        <input type=\"text\" name=\"kc_honeypot\">\r\n    <\/span><\/span><\/span>\n<br\/>\n<div class=\"form-group\"><div><input class=\"wpcf7-form-control wpcf7-submit btn btn-primary\" type=\"submit\" value=\"Kostenpflichtig bestellen\"><\/div><\/div>\n<div class=\"wpcf7-response-output alert alert-warning\"><\/div>\n<\/form>\n<\/div>\n\n","protected":false},"excerpt":{"rendered":"<p>Zum Kennenlernen: 3 Ausgaben f\u00fcr\u00a09 EUR, Ausland\u00a012 EUR.<\/p>\n","protected":false},"author":1,"featured_media":0,"parent":2,"menu_order":0,"comment_status":"closed","ping_status":"closed","template":"","meta":{"slim_seo":{"title":"Schnupperabo - graswurzelrevolution","description":"Zum Kennenlernen: 3 Ausgaben f\u00fcr\u00a0 9 EUR , Ausland\u00a0 12 EUR."},"footnotes":""},"class_list":["post-157","page","type-page","status-publish","hentry"],"_links":{"self":[{"href":"https:\/\/www.graswurzel.net\/gwr\/wp-json\/wp\/v2\/pages\/157","targetHints":{"allow":["GET"]}}],"collection":[{"href":"https:\/\/www.graswurzel.net\/gwr\/wp-json\/wp\/v2\/pages"}],"about":[{"href":"https:\/\/www.graswurzel.net\/gwr\/wp-json\/wp\/v2\/types\/page"}],"author":[{"embeddable":true,"href":"https:\/\/www.graswurzel.net\/gwr\/wp-json\/wp\/v2\/users\/1"}],"replies":[{"embeddable":true,"href":"https:\/\/www.graswurzel.net\/gwr\/wp-json\/wp\/v2\/comments?post=157"}],"version-history":[{"count":1,"href":"https:\/\/www.graswurzel.net\/gwr\/wp-json\/wp\/v2\/pages\/157\/revisions"}],"predecessor-version":[{"id":31684,"href":"https:\/\/www.graswurzel.net\/gwr\/wp-json\/wp\/v2\/pages\/157\/revisions\/31684"}],"up":[{"embeddable":true,"href":"https:\/\/www.graswurzel.net\/gwr\/wp-json\/wp\/v2\/pages\/2"}],"wp:attachment":[{"href":"https:\/\/www.graswurzel.net\/gwr\/wp-json\/wp\/v2\/media?parent=157"}],"curies":[{"name":"wp","href":"https:\/\/api.w.org\/{rel}","templated":true}]}}