{"id":16809,"date":"2018-08-04T23:35:26","date_gmt":"2018-08-04T21:35:26","guid":{"rendered":"https:\/\/www.graswurzel.net\/gwr\/?page_id=16809"},"modified":"2024-12-19T15:29:19","modified_gmt":"2024-12-19T13:29:19","slug":"spenden","status":"publish","type":"page","link":"https:\/\/www.graswurzel.net\/gwr\/spenden\/","title":{"rendered":"Spenden"},"content":{"rendered":"<p>F\u00f6rderverein f\u00fcr Freiheit und Gewaltlosigkeit e.V.<br \/>\nPostbank Karlsruhe<br \/>\nIBAN: DE66 6601 0075 0031 7617 59<br \/>\nBIC: PBNKDEFFXXX<br \/>\nSpende: Spende StNr 2.2 VerzNr 615 FA HD<\/p>\n<p>Spenden auf das Konto des Vereins f\u00fcr Freiheit und Gewaltlosigkeit e.V. sind steuerlich absetzbar. Bitte schreibt auf den \u00dcberweisungstr\u00e4ger deutlich Eure Anschrift, da Spenden \u00fcber 300 Euro (dreihundert) extra von uns f\u00fcr das Finanzamt bescheinigt werden m\u00fcssen.<\/p>\n<p>Bei Spenden unter 300 Euro reicht die Buchungsbest\u00e4tigung des Kreditinstitutes, wenn unter Verwendungszweck &#8222;Spende StNr 2.2 VerzNr 615 FA HD&#8220; angegeben wurde. Ihr k\u00f6nnt uns f\u00fcr die Spendenbescheinigung aber auch Eure Adresse per Brief mitteilen (F\u00f6rdervereins f\u00fcr Freiheit und Gewaltlosigkeit e.V., c\/o ORKA \/ U. Wohland, Welt Haus Heidelberg, Willy-Brandt-Platz 5, D-69115 Heidelberg). H\u00f6he und Datum der Zahlung bitte nicht vergessen.<\/p>\n","protected":false},"excerpt":{"rendered":"<p>F\u00f6rderverein f\u00fcr Freiheit und Gewaltlosigkeit e.V. Postbank Karlsruhe IBAN: DE66 6601 0075 0031 7617 59 BIC: PBNKDEFFXXX Spende: Spende StNr 2.2 VerzNr 615 FA HD Spenden auf das Konto des Vereins f\u00fcr Freiheit und Gewaltlosigkeit e.V. sind steuerlich absetzbar. Bitte schreibt auf den \u00dcberweisungstr\u00e4ger deutlich Eure Anschrift, da Spenden \u00fcber 300 Euro (dreihundert) extra von &hellip; <a href=\"https:\/\/www.graswurzel.net\/gwr\/spenden\/\">Weiterlesen<\/a><\/p>\n","protected":false},"author":498,"featured_media":0,"parent":0,"menu_order":0,"comment_status":"closed","ping_status":"closed","template":"","meta":{"slim_seo":{"title":"Spenden - graswurzelrevolution","description":"F\u00f6rderverein f\u00fcr Freiheit und Gewaltlosigkeit e.V. Postbank Karlsruhe IBAN: DE66 6601 0075 0031 7617 59 BIC: PBNKDEFFXXX Spende: Spende StNr 2.2 VerzNr 615 FA H"},"footnotes":""},"class_list":["post-16809","page","type-page","status-publish","hentry"],"_links":{"self":[{"href":"https:\/\/www.graswurzel.net\/gwr\/wp-json\/wp\/v2\/pages\/16809","targetHints":{"allow":["GET"]}}],"collection":[{"href":"https:\/\/www.graswurzel.net\/gwr\/wp-json\/wp\/v2\/pages"}],"about":[{"href":"https:\/\/www.graswurzel.net\/gwr\/wp-json\/wp\/v2\/types\/page"}],"author":[{"embeddable":true,"href":"https:\/\/www.graswurzel.net\/gwr\/wp-json\/wp\/v2\/users\/498"}],"replies":[{"embeddable":true,"href":"https:\/\/www.graswurzel.net\/gwr\/wp-json\/wp\/v2\/comments?post=16809"}],"version-history":[{"count":2,"href":"https:\/\/www.graswurzel.net\/gwr\/wp-json\/wp\/v2\/pages\/16809\/revisions"}],"predecessor-version":[{"id":32076,"href":"https:\/\/www.graswurzel.net\/gwr\/wp-json\/wp\/v2\/pages\/16809\/revisions\/32076"}],"wp:attachment":[{"href":"https:\/\/www.graswurzel.net\/gwr\/wp-json\/wp\/v2\/media?parent=16809"}],"curies":[{"name":"wp","href":"https:\/\/api.w.org\/{rel}","templated":true}]}}