{"id":16889,"date":"2018-08-05T15:50:34","date_gmt":"2018-08-05T13:50:34","guid":{"rendered":"https:\/\/www.graswurzel.net\/gwr\/?page_id=16889"},"modified":"2026-04-22T10:54:02","modified_gmt":"2026-04-22T08:54:02","slug":"hoeren-sehen","status":"publish","type":"page","link":"https:\/\/www.graswurzel.net\/gwr\/ueber-uns\/hoeren-sehen\/","title":{"rendered":"H\u00f6ren &#038; Sehen"},"content":{"rendered":"<p class=\"bt btitel\"><a href=\"https:\/\/www.freie-radios.net\/142009\">Politische Geborgenheit. vor*ankommen in sozialen Bewegungen<\/a> (ein Vortrag von Clara Tempel auf der myzelium 2026)<\/p>\r\n<p>Clara Tempel wurde in eine anarchistisch-widerst\u00e4ndige Familie im Wendland geboren und ist mit der Anti-Atomkraft-Sonne aufgewachsen. Ziviler Ungehorsam, Selbstorganisation und politische Erm\u00e4chtigung sind seit ihrer fr\u00fchesten Kindheit vertraute Bestandteile ihres Alltags. Dieser Vortrag ist mehr als nur eine Buchvorstellung:\u00a0 Geborgenheit spielt eine wichtige Rolle in emanzipatorischen sozialen Bewegungen und tr\u00e4gt dazu bei, dass Menschen langfristig aktiv und widerst\u00e4ndig sein k\u00f6nnen. Gleichzeitig muss sie kritisch hinterfragt werden, weil sie in Machtverh\u00e4ltnisse eingebettet ist und nicht selten auf Grenzziehungen und Ausschl\u00fcssen beruht. Das Buch zeigt, wie wir das transformative Potenzial von Geborgenheit im Aktivismus st\u00e4rken k\u00f6nnen, ohne bestehende Machtverh\u00e4ltnisse zu reproduzieren.<\/p>\r\n<p><a href=\"https:\/\/www.freie-radios.net\/141899\">Die Kriegslogik durchbrechen! Graswurzelrevolution\u00e4re Stimmen zum Gaza-Krieg<\/a> (Vortrag von Bernd Dr\u00fccke auf der myzelium 2026)<\/p>\r\n<div class=\"id_mini_beitrag\">Bernd Dr\u00fccke von der Zeitung Graswurzelrevolution stellt ein neues Buch vor: Dieser Sammelband soll dazu beitragen, dass politische Diskussionen in einem Klima gef\u00fchrt werden k\u00f6nnen, das nicht von Einsch\u00fcchterung gepr\u00e4gt ist. Zu Wort kommen Menschen, die sich f\u00fcr Auss\u00f6hnung und eine solidarische Gesellschaft jenseits von Nationalismus, Herrschaft und Gewalt einsetzen. Im Vortrag sind Ausz\u00fcge aus dem Buch zu h\u00f6ren, sowie ein politischer Einordnungsversuch der Perspektiven der Protaginist:innen<\/div>\r\n<div>\u00a0<\/div>\r\n<p class=\"entry-title\"><a href=\"https:\/\/a-dresden.org\/2024\/04\/21\/80-die-schaffende-frau-anarchistischer-feminismus-in-den-1920ern-in-dresden-aprilsendung-des-anarchistischen-horfunks-aus-dresden\/\">#80 Die schaffende Frau \u2013 Anarchistischer Feminismus in den 1920ern in Dresden<\/a> \u2013 Aprilsendung des Anarchistischen H\u00f6rfunks aus Dresden.<\/p>\r\n<p class=\"entry-title\" style=\"padding-left: 40px;\">Interview mit der Autorin und Herausgeberin des Buches \u201eDie Schaffende Frau \u2013 Anarchistischer Feminismus in den 1920ern in Dresden\u201c. Das Buch umfasst einen 2020 in der Graswurzelrevolution erschienenen Artikel und die vorangegangene Bachlor-Arbeit dazu. Es handelt von einer Arbeiterinnen Zeitschrift mit dem Titel \u201eDie Schaffende Frau\u201c. Die Zeitschrift erschien von 1919- 1925, also vor ziemlich genau 100 Jahren in Dresden.<\/p>\r\n<p class=\"style-scope ytd-watch-metadata\"><a href=\"https:\/\/www.youtube.com\/watch?v=SHm9ajoXHc0\">Anarchismus &amp; Marxismus &#8211; Voneinander lernen?<\/a> &#8211; mit Gerhard Hanloser &#8211; 99 ZU EINS &#8211; Ep. 396.<br \/>99 ZU EINS &#8211; <span class=\"yt-core-attributed-string--link-inherit-color\" dir=\"auto\">Ein Podcast mit Kommentaren zu aktuellen Geschehnissen, sowie Analysen und Interviews zu den wichtigsten politischen Aufgaben unserer Zeit.<\/span><span class=\"yt-core-attributed-string--link-inherit-color\" dir=\"auto\"><a class=\"yt-core-attributed-string__link yt-core-attributed-string__link--call-to-action-color\" tabindex=\"0\" href=\"https:\/\/www.youtube.com\/hashtag\/leftisbest\" target=\"\" rel=\"nofollow noopener\">#leftisbest<\/a><\/span> <span class=\"yt-core-attributed-string--link-inherit-color\" dir=\"auto\"><a class=\"yt-core-attributed-string__link yt-core-attributed-string__link--call-to-action-color\" tabindex=\"0\" href=\"https:\/\/www.youtube.com\/hashtag\/linksbringts\" target=\"\" rel=\"nofollow noopener\">#linksbringts<\/a><\/span> <span class=\"yt-core-attributed-string--link-inherit-color\" dir=\"auto\"><a class=\"yt-core-attributed-string__link yt-core-attributed-string__link--call-to-action-color\" tabindex=\"0\" href=\"https:\/\/www.youtube.com\/hashtag\/machsmitlinks\" target=\"\" rel=\"nofollow noopener\">#machsmitlinks<\/a><\/span><\/p>\r\n<p><a href=\"https:\/\/muenstertube.wordpress.com\/2022\/09\/12\/die-sache-mit-dem-zerbrochenen-gewehr-arbeiterbewegung-und-frieden-vortrag-mit-dr-bernd-drucke-mitherausgeber-der-zeitung-graswurzelrevolution\/\">Die Sache mit dem zerbrochenen Gewehr<\/a> \u2013 Vortrag von Bernd Dr\u00fccke (Mitherausgeber der \u201eGraswurzelrevolution\u201c), 12. September 2022 \/ M\u00fcnsterTube \/ Gustav Landauer Bibliothek. Audio-Aufnahme der Veranstaltung in Witten, unterlegt mit Bildern und Videosequenzen<\/p>\r\n<p><a href=\"https:\/\/www.youtube.com\/watch?v=mG6YruFOh8A\">Radikaler Pazifismus mit Bernd Dr\u00fccke,\u00a0<\/a>4. August 2022 \/ &#8211; 99 ZU EINS &#8211; Ep. 163, Live \u00fcbertragen<\/p>\r\n<p><a href=\"https:\/\/www.spiegel.de\/panorama\/tv-diskussionen-ueber-russlands-angriffskrieg-die-deutsche-talkshow-ist-wie-ein-katholischer-gottesdienst-a-66f8f73e-d23d-4c64-ae6b-eb573a75d615\">Die deutsche Talkshow ist wie ein katholischer Gottesdienst<\/a>. Eine Kolumne von <a href=\"https:\/\/www.spiegel.de\/impressum\/autor-1b17c6e8-0001-0003-0000-000000000728\" target=\"_self\" rel=\"noopener\">Alexander Osang.\u00a0<\/a>24. Juni 2022 \/ Der Spiegel.<\/p>\r\n<p style=\"padding-left: 40px;\">In Fernsehrunden zum Krieg sitzen immer dieselben zusammen. Warum nicht mal zwei Anarchopazifisten, eine russische Operns\u00e4ngerin und ein Bundeswehrinvalide? Dann k\u00f6nnte ich meine Argumente im Gegenwind pr\u00fcfen.<\/p>\r\n<p><a href=\"https:\/\/www.youtube.com\/watch?v=9Vlq2_pX0wU\">\u201e<\/a><a href=\"https:\/\/www.youtube.com\/watch?v=9Vlq2_pX0wU\">Gewaltfreiheit in Zeiten des Krieges\u201c<\/a> Podiumsdiskussion mit Lou Marin, Hanna Poddig, Michael Wilk und Samir*a &#8211; VI: Anarchistische Buchmess. 26. Mai 2022 \/ forum, Live \u00fcbertragen<\/p>\r\n<p><a href=\"https:\/\/www.br.de\/radio\/bayern2\/sendungen\/zuendfunk\/hausdurchsuchung-bei-graswurzel-journalist-thomas-herterich-100.html\">Pressefreiheit.<\/a> Warum die W\u00fcrzburger Polizei die Wohnung eines Graswurzel-Journalisten durchsuchte. Text- und Radiobeitrag von Ferdinand Meye. 25. Mai 2022 \/ Bayrischer Rundfunk<\/p>\r\n<p style=\"padding-left: 40px;\">Die \u00dcberg\u00e4nge von Journalismus zu Aktivismus k\u00f6nnen flie\u00dfend sein. So genannte Graswurzel-Journalisten berichten &#8222;von unten&#8220; und sind per se politisch. Dennoch hat die Polizei kein Recht, ihre Recherchen einfach so zu beschlagnahmen.<\/p>\r\n<p><a href=\"https:\/\/youtu.be\/ND_jqT8zaq8\">Tatwort M\u00fcnster &#8211; Talkshow vom 1.12.2020.<\/a> Studiogast: GWR-Redakteur Bernd Dr\u00fccke. Themen: Corona, Graswurzelrevolution, Anarchismus heute, der Anarchist Paul Wulf, Kultur in der Krise, Wohnprojekt Breul-Tibus,&#8230;<\/p>\r\n<p><a href=\"https:\/\/www.deutschlandfunkkultur.de\/lange-nacht-ueber-anarchismus-kein-gott-kein-staat-kein-100.html\">Lange Nacht \u00fcber Anarchismus.\u00a0<\/a>Kein Gott, kein Staat, kein Vaterland. 2. Mai 2020 \/ Deutschlandfunk. Von Rolf Cantzen<\/p>\r\n<p><a href=\"https:\/\/ondemand-mp3.dradio.de\/file\/dradio\/2020\/09\/27\/transit_marseille_schreiben_auf_der_flucht_1940_und_drk_20200927_2203_0757a4e0.mp3\">Transit Marseille &#8211; Schreiben auf der Flucht, 1940 und heute<\/a><br \/>Radio-Feature von Deutschlandfunk Kultur u.a. mit GWR-Mitherausgeber Lou Marin<\/p>\r\n<p><a href=\"https:\/\/www.nrwision.de\/mediathek\/sendungen\/radio-graswurzelrevolution\/\">Radio Graswurzelrevolution<\/a><br \/>Sendung der Redaktion &#8222;Graswurzelrevolution&#8220; &#8211; produziert beim medienforum m\u00fcnster e.V.<\/p>\r\n<p><a href=\"https:\/\/www.freie-radios.net\/99205\">Radio Corax &#8211; Zum libert\u00e4ren Denken des Albert Camus<\/a><br \/>Interview mit Lou Marin zum 60. Todestag von Albert Camus<\/p>\r\n<p><a href=\"https:\/\/www.youtube.com\/watch?v=lnpm9rzlcI4\" target=\"_blank\" rel=\"noopener noreferrer\">Rirette Ma\u00eetrejean &#8211; Attentatskritikerin, Anarchafeministin, Individualanarchistin<\/a><br \/>Buchvorstellung von Lou Marin<\/p>\r\n<p><a href=\"https:\/\/www.freie-radios.net\/76011\" target=\"_blank\" rel=\"noopener noreferrer\">Anarchie &#8211; Gespr\u00e4ch mit Bernd Dr\u00fccke<\/a><br \/>Radio Corax (Halle an der Saale)<\/p>\r\n<p><a href=\"https:\/\/rdl.de\/beitrag\/gilt-der-anarchie-die-stra-enverkehrsordnung\" target=\"_blank\" rel=\"noopener noreferrer\">&#8222;Gilt in der Anarchie die Stra\u00dfenverkehrsordnung?&#8220;<\/a><br \/>Radio Dreyeckland-Sendung zu einem Vortrag von Bernd Dr\u00fccke (GWR-Red.) am 5.2.2016 an der Uni Freiburg<\/p>\r\n<p><a href=\"https:\/\/www.youtube.com\/watch?v=gc-Pg6r-rKU\" target=\"_blank\" rel=\"noopener noreferrer\">Albert Camus &#8211; libert\u00e4re Schriften (1948 &#8211; 1960)<\/a><br \/>Lesung mit Lou Marin<\/p>\r\n<p><a href=\"https:\/\/www.youtube.com\/watch?v=a1EtE2Z-AsQ\" target=\"_blank\" rel=\"noopener noreferrer\">GWR-Autor Vadim Damier (Moskau): Krieg in der Ukraine. Machtproben in einem zerrissenen Land<\/a><br \/>Filmmitschnitt der Filmwerkstatt M\u00fcnster, Dezember 2014<\/p>\r\n<p><a href=\"https:\/\/www.youtube.com\/watch?v=8C9MBTb5eT4&amp;list=FL3r-di1k8XrDSPqVhu6NsVA\" target=\"_blank\" rel=\"noopener noreferrer\">Cecile Lecomte (GWR): Unbescholten \u00fcberwacht &#8211; im Visier des Verfassungsschutzes, 19.11.2014<\/a><br \/>Video &#8222;unbescholten \u00fcberwacht&#8220; der Humanistischen Union<\/p>\r\n<p><a href=\"https:\/\/www.youtube.com\/watch?v=VCvvUHZ5e0I&amp;list=FL3r-di1k8XrDSPqVhu6NsVA\" target=\"_blank\" rel=\"noopener noreferrer\">Sozialpalast, Podiumsdiskussion im Pumpenhaus M\u00fcnster, November 2014<\/a><br \/>u.a. mit C\u00e9cile Lecomte und Bernd Dr\u00fccke (GWR)<\/p>\r\n<p><a href=\"https:\/\/www.youtube.com\/watch?v=ckQvatb1y0s\" target=\"_blank\" rel=\"noopener noreferrer\">Anti-Atomkraft-Bewegung &#8211; Geschichte(n), mit Interview mit Jens Damnig und Bernd Dr\u00fccke (GWR)<\/a><br \/>Filmwerkstatt M\u00fcnster, September 2013<\/p>\r\n<p><a href=\"https:\/\/www.youtube.com\/watch?v=tMXh9gqyink\" target=\"_blank\" rel=\"noopener noreferrer\">Redebeitrag von GWR-Redakteur Bernd Dr\u00fccke gegen Stuttgart 21<\/a><br \/>gehalten auf der 8. Laufdemo in Stuttgart am 25.01.2014. Film von Cams21<\/p>\r\n<p><a href=\"https:\/\/www.youtube.com\/watch?v=7sYLU8Hznl4\" target=\"_blank\" rel=\"noopener noreferrer\">ja! Anarchismus. Gelebte Utopie im 21. Jahrhundert<\/a><br \/>S\u00f6ren Weber (herrschaftsfrei.org) im Gespr\u00e4ch mit Bernd Dr\u00fccke (GWR)<\/p>\r\n<p><a href=\"http:\/\/www.youtube.com\/watch?v=PDqdPYyaTZ4\" target=\"_blank\" rel=\"noopener noreferrer\">NDR-Portr\u00e4t: Kletteraktivistin C\u00e9cile Lecomte<\/a><br \/>\u00dcber GWR-Mitherausgeberin C\u00e9cile<\/p>\r\n<p><a href=\"https:\/\/www.youtube.com\/watch?v=k_vli2hPOU4\" target=\"_blank\" rel=\"noopener noreferrer\">Graswurzelrevolution. TV M\u00fcnster<\/a><br \/>Lokalfernseh-Interview mit Bernd Dr\u00fccke (GWR-Redakteur), M\u00e4rz 2001<\/p>\r\n<p><a href=\"https:\/\/www.graswurzel.net\/gwr\/wp-content\/uploads\/2020\/09\/Krieg-gegen-Jemens-Kinder-Podcast.mp3\">Der Krieg gegen Jemens Kinder<\/a> Podcast\u00a0 des gleichnamigen <a href=\"https:\/\/www.graswurzel.net\/gwr\/2020\/01\/der-krieg-gegen-jemens-kinder\/\">Artikel von Jakob Reiman<\/a>, GWR 445, Januar 2020<\/p>\r\n\r\n<p>&nbsp;<\/p>\r\n","protected":false},"excerpt":{"rendered":"<p>Politische Geborgenheit. vor*ankommen in sozialen Bewegungen (ein Vortrag von Clara Tempel auf der myzelium 2026) Clara Tempel wurde in eine anarchistisch-widerst\u00e4ndige Familie im Wendland geboren und ist mit der Anti-Atomkraft-Sonne aufgewachsen. Ziviler Ungehorsam, Selbstorganisation und politische Erm\u00e4chtigung sind seit ihrer fr\u00fchesten Kindheit vertraute Bestandteile ihres Alltags. Dieser Vortrag ist mehr als nur eine Buchvorstellung:\u00a0 Geborgenheit &hellip; <a href=\"https:\/\/www.graswurzel.net\/gwr\/ueber-uns\/hoeren-sehen\/\">Weiterlesen<\/a><\/p>\n","protected":false},"author":498,"featured_media":0,"parent":15733,"menu_order":0,"comment_status":"closed","ping_status":"closed","template":"","meta":{"slim_seo":{"title":"H\u00f6ren & Sehen - graswurzelrevolution","description":"Politische Geborgenheit. vor*ankommen in sozialen Bewegungen (ein Vortrag von Clara Tempel auf der myzelium 2026) Clara Tempel wurde in eine anarchistisch-wider"},"footnotes":""},"class_list":["post-16889","page","type-page","status-publish","hentry"],"_links":{"self":[{"href":"https:\/\/www.graswurzel.net\/gwr\/wp-json\/wp\/v2\/pages\/16889","targetHints":{"allow":["GET"]}}],"collection":[{"href":"https:\/\/www.graswurzel.net\/gwr\/wp-json\/wp\/v2\/pages"}],"about":[{"href":"https:\/\/www.graswurzel.net\/gwr\/wp-json\/wp\/v2\/types\/page"}],"author":[{"embeddable":true,"href":"https:\/\/www.graswurzel.net\/gwr\/wp-json\/wp\/v2\/users\/498"}],"replies":[{"embeddable":true,"href":"https:\/\/www.graswurzel.net\/gwr\/wp-json\/wp\/v2\/comments?post=16889"}],"version-history":[{"count":8,"href":"https:\/\/www.graswurzel.net\/gwr\/wp-json\/wp\/v2\/pages\/16889\/revisions"}],"predecessor-version":[{"id":31559,"href":"https:\/\/www.graswurzel.net\/gwr\/wp-json\/wp\/v2\/pages\/16889\/revisions\/31559"}],"up":[{"embeddable":true,"href":"https:\/\/www.graswurzel.net\/gwr\/wp-json\/wp\/v2\/pages\/15733"}],"wp:attachment":[{"href":"https:\/\/www.graswurzel.net\/gwr\/wp-json\/wp\/v2\/media?parent=16889"}],"curies":[{"name":"wp","href":"https:\/\/api.w.org\/{rel}","templated":true}]}}