{"id":179,"date":"2011-09-04T17:20:17","date_gmt":"2011-09-04T15:20:17","guid":{"rendered":"http:\/\/test.graswurzel.net\/gwr\/?page_id=179"},"modified":"2022-02-11T14:40:45","modified_gmt":"2022-02-11T12:40:45","slug":"impressum","status":"publish","type":"page","link":"https:\/\/www.graswurzel.net\/gwr\/impressum\/","title":{"rendered":"Impressum"},"content":{"rendered":"<h3>Verlag Graswurzelrevolution e.V.<\/h3>\n<p>Sitz: Heidelberg<\/p>\n<h3>Koordinationsredaktion Graswurzelrevolution<\/h3>\n<p>Breul 43<br \/>\n48413 M\u00fcnster<br \/>\nTelefon 0251\/48290-57<br \/>\nFax: 0251\/48290-32<br \/>\n<a href=\"mailto:redaktion@graswurzel.net\">redaktion@graswurzel.net<\/a><\/p>\n<h3>Rechtliches<\/h3>\n<p>Veranwortlich sind wir im Grunde alle, doch im Sinne des Presserechtes ist dies: Bernd Dr\u00fccke, c\/o Redaktion Graswurzelrevolution, M\u00fcnster. Alle Beitr\u00e4ge erscheinen in Eigenverantwortlichkeit der AutorInnen. \u00dcber die Redaktion k\u00f6nnen auch AutorInnen schriftlich erreicht werden, die ihre Artikel nicht namentlich kennzeichnen.<\/p>\n","protected":false},"excerpt":{"rendered":"<p>Verlag Graswurzelrevolution e.V. Sitz: Heidelberg Koordinationsredaktion Graswurzelrevolution Breul 43 48413 M\u00fcnster Telefon 0251\/48290-57 Fax: 0251\/48290-32 redaktion@graswurzel.net Rechtliches Veranwortlich sind wir im Grunde alle, doch im Sinne des Presserechtes ist dies: Bernd Dr\u00fccke, c\/o Redaktion Graswurzelrevolution, M\u00fcnster. Alle Beitr\u00e4ge erscheinen in Eigenverantwortlichkeit der AutorInnen. \u00dcber die Redaktion k\u00f6nnen auch AutorInnen schriftlich erreicht werden, die ihre Artikel &hellip; <a href=\"https:\/\/www.graswurzel.net\/gwr\/impressum\/\">Weiterlesen<\/a><\/p>\n","protected":false},"author":1,"featured_media":0,"parent":0,"menu_order":0,"comment_status":"closed","ping_status":"closed","template":"","meta":{"slim_seo":{"title":"Impressum - graswurzelrevolution","description":"Verlag Graswurzelrevolution e.V. Sitz: Heidelberg Koordinationsredaktion Graswurzelrevolution Breul 43 48413 M\u00fcnster Telefon 0251\/48290-57 Fax: 0251\/48290-32 re"},"footnotes":""},"class_list":["post-179","page","type-page","status-publish","hentry"],"_links":{"self":[{"href":"https:\/\/www.graswurzel.net\/gwr\/wp-json\/wp\/v2\/pages\/179","targetHints":{"allow":["GET"]}}],"collection":[{"href":"https:\/\/www.graswurzel.net\/gwr\/wp-json\/wp\/v2\/pages"}],"about":[{"href":"https:\/\/www.graswurzel.net\/gwr\/wp-json\/wp\/v2\/types\/page"}],"author":[{"embeddable":true,"href":"https:\/\/www.graswurzel.net\/gwr\/wp-json\/wp\/v2\/users\/1"}],"replies":[{"embeddable":true,"href":"https:\/\/www.graswurzel.net\/gwr\/wp-json\/wp\/v2\/comments?post=179"}],"version-history":[{"count":0,"href":"https:\/\/www.graswurzel.net\/gwr\/wp-json\/wp\/v2\/pages\/179\/revisions"}],"wp:attachment":[{"href":"https:\/\/www.graswurzel.net\/gwr\/wp-json\/wp\/v2\/media?parent=179"}],"curies":[{"name":"wp","href":"https:\/\/api.w.org\/{rel}","templated":true}]}}