{"id":25129,"date":"2021-05-14T14:16:45","date_gmt":"2021-05-14T12:16:45","guid":{"rendered":"https:\/\/www.graswurzel.net\/gwr\/?page_id=25129"},"modified":"2023-09-06T12:11:52","modified_gmt":"2023-09-06T10:11:52","slug":"allgemein","status":"publish","type":"page","link":"https:\/\/www.graswurzel.net\/gwr\/mitarbeit\/allgemein\/","title":{"rendered":"Wie kann ich mitmachen?"},"content":{"rendered":"<p align=\"justify\">Als anarchistische Zeitung bem\u00fcht sich die Graswurzelrevolution seit 1972, Theorie und Praxis der gewaltfreien Revolution zu verbreiten und weiterzuentwickeln. Dies wird nicht nur durch unser Engagement und durch das \u00fcber Jahrzehnte hin gesammelte praktische Wissen, sondern auch durch Selbstorganisierung und Solidarit\u00e4t der Herausgeber*innen sowie die Beteiligung der Unterst\u00fctzer*innen und Autor*innen erreicht. Es gibt viele M\u00f6glichkeiten die Graswurzelrevolution zu unterst\u00fctzen. Wir sind offen f\u00fcr jede*n, der*die unsere Ziele verfolgt, und freuen uns auf weitere Engagierte.<\/p>\n<h5 align=\"justify\">Spenden<\/h5>\n<p align=\"justify\">Jedes Projekt braucht finanzielle Unterst\u00fctzung. Vor allem unkommerzielle und politische Projekte wie die Graswurzelrevolution brauchen Solidarit\u00e4t. Obwohl wir bescheiden wirtschaften, sind Eure Spenden h\u00f6chst willkommen, um z.B. die Redaktions-, Druck-, Vertriebs- und Materialkosten zu finanzieren und den Preis der Zeitung niedrig zu halten.<\/p>\n<p align=\"justify\">Wir freuen uns \u00fcber Eure Spenden:<\/p>\n<p style=\"padding-left: 40px;\">f\u00f6rderverein f\u00fcr freiheit und gewaltlosigkeit e.V.<\/p>\n<p style=\"padding-left: 40px;\">iban: DE66660100750031761759<\/p>\n<p style=\"padding-left: 40px;\">bic: PBNKDEFFXXX<\/p>\n<p style=\"padding-left: 40px;\">postbank karlsruhe<\/p>\n<p style=\"padding-left: 40px;\" align=\"justify\">spende stnr 2.2 verznr 615 fa hd<\/p>\n<h5 align=\"justify\">Abonnement<\/h5>\n<p align=\"justify\">Die Graswurzelrevolution finanziert sich zum Gro\u00dfteil \u00fcber die Abos. Die Entwicklung unseres Leser*innen-Kreises ist nicht nur aus finanziellen Gr\u00fcnden wichtig. Wir m\u00f6chten mit unseren Artikeln m\u00f6glichst viele Menschen erreichen, die unsere Ziele teilen und nach einer libert\u00e4ren, gewaltlosen Gesellschaft streben. Helft uns also, neue Leser*innen zu gewinnen!<\/p>\n<h5 align=\"justify\">Praktikum<\/h5>\n<p align=\"justify\">Eine M\u00f6glichkeit, Einblicke in die Strukturen und das Funktionieren der GWR zu gewinnen, ist das Praktikum. Durch die Mitarbeit in der Redaktion k\u00f6nnen konzeptionelle und praktische F\u00e4higkeiten in der redaktionellen Arbeit erworben werden. Manche unserer ehemaligen Praktikant*innen sind bis heute Autor*innen und aktive Unterst\u00fctzer*innen der GWR.<\/p>\n<h5 align=\"justify\">Herausgeber*innen-Kreis<\/h5>\n<p align=\"justify\">An der redaktionellen Arbeit beteiligen sich auch die Mitglieder des Herausgeber*innen-Kreises. Sie nehmen aktiv am Entscheidungsprozess im Konsens teil, was u.a. die Planung und den Inhalt jeder Ausgabe betrifft. Manche Mitglieder helfen beim Lektorat, pflegen unsere Webseite, k\u00fcmmern sich um Server oder verwalten die Finanzen des Projektes. Wir freuen uns \u00fcber neue Mitglieder im Herausgeber*innen-Kreis, die aktiv zu unserem Projekt beitragen m\u00f6chten. Voraussetzung f\u00fcr die Mitarbeit im Herausgeber*innenkreis ist die \u00dcbereinstimmug mit den anarchistischen und gewaltfreien \u00dcberzeugungen der Graswurzelrevolution.<\/p>\n<h5 align=\"justify\">R\u00fcckmeldung \/ Feedback<\/h5>\n<p align=\"justify\">Ohne unsere Leser*innen gibt es die GWR nicht! Wir sch\u00e4tzen Eure Meinung und sind f\u00fcr Eure Anmerkungen, Kommentare und Verbesserungsvorschl\u00e4ge offen. Wir sind neugierig auf Eure Eindr\u00fccke: Warum gef\u00e4llt Euch die GWR? Was k\u00f6nnte besser sein? Welche Themen w\u00fcrdet Ihr gerne (vermehrt) in der GWR sehen? Was denkt Ihr \u00fcber das Bildmaterial? Was k\u00f6nnen wir verbessern? Helft uns mit Euren Ideen, Anregungen und Kommentaren, die GWR zu bereichern. Schreibt Eure Meinung an: <span lang=\"de-DE\"><a href=\"mailto:redaktion@graswurzel.net\">redaktion@graswurzel.net<\/a><\/span><\/p>\n<h5 align=\"justify\">Artikel und Bildmaterialien<\/h5>\n<p align=\"justify\">Unsere Zeitung kann nicht ohne Eure Artikel und Bildmaterialien funktionieren. Deshalb freuen wir uns \u00fcber Eure Text- und Bildangebote, die ihr uns an <span lang=\"de-DE\"><a href=\"mailto:redaktion@graswurzel.net\">redaktion@graswurzel.net<\/a><\/span> schicken k\u00f6nnt. Bevor ihr das tut, lest bitte den <a href=\"https:\/\/www.graswurzel.net\/gwr\/wp-content\/uploads\/2021\/05\/Leitfaden_fuer_GWR_AutorInnen.pdf\">Leitfaden f\u00fcr GWR Autor*innen.pdf.<\/a><\/p>\n<h5>Rezensionen und Libert\u00e4ren Buchseiten<\/h5>\n<p align=\"justify\">Zwei Mal im Jahr, jeweils zur Leipziger- und Frankfurter-Buchmesse, bringen wir die Libert\u00e4ren Buchseiten heraus, ein zw\u00f6lf seitiges Suplement der Graswurzelrevolution. Die Libert\u00e4ren Buchseiten werden der Zeitung beigelegt und dezentral \u00fcber diverse Vertriebe verteilt (u.a. Roots of Compassion, Aroma Zapatista). Wir laden alle ein mitzumachen: sowohl beim Verteilen, als auch beim Schreiben von Rezensionen. Die Rezensionen sollten bis 5.000 Zeichen lang sein und dem GWR-Leitfaden f\u00fcr Autor*innen entsprechen.<\/p>\n<p align=\"justify\"><span lang=\"de-DE\">Wir freuen uns auf Euer Engagement! Falls Ihr weitere Fragen zur Zusammenarbeit habt, schreibt uns einfach an: <\/span><span lang=\"zxx\"><a href=\"mailto:redaktion@graswurzel.net\"><span lang=\"de-DE\">redaktion@graswurzel.net<\/span><\/a><\/span><\/p>\n","protected":false},"excerpt":{"rendered":"<p>Als anarchistische Zeitung bem\u00fcht sich die Graswurzelrevolution seit 1972, Theorie und Praxis der gewaltfreien Revolution zu verbreiten und weiterzuentwickeln. Dies wird nicht nur durch unser Engagement und durch das \u00fcber Jahrzehnte hin gesammelte praktische Wissen, sondern auch durch Selbstorganisierung und Solidarit\u00e4t der Herausgeber*innen sowie die Beteiligung der Unterst\u00fctzer*innen und Autor*innen erreicht. Es gibt viele M\u00f6glichkeiten &hellip; <a href=\"https:\/\/www.graswurzel.net\/gwr\/mitarbeit\/allgemein\/\">Weiterlesen<\/a><\/p>\n","protected":false},"author":502,"featured_media":0,"parent":25127,"menu_order":0,"comment_status":"closed","ping_status":"closed","template":"","meta":{"slim_seo":{"title":"Wie kann ich mitmachen? - graswurzelrevolution","description":"Als anarchistische Zeitung bem\u00fcht sich die Graswurzelrevolution seit 1972, Theorie und Praxis der gewaltfreien Revolution zu verbreiten und weiterzuentwickeln."},"footnotes":""},"class_list":["post-25129","page","type-page","status-publish","hentry"],"_links":{"self":[{"href":"https:\/\/www.graswurzel.net\/gwr\/wp-json\/wp\/v2\/pages\/25129","targetHints":{"allow":["GET"]}}],"collection":[{"href":"https:\/\/www.graswurzel.net\/gwr\/wp-json\/wp\/v2\/pages"}],"about":[{"href":"https:\/\/www.graswurzel.net\/gwr\/wp-json\/wp\/v2\/types\/page"}],"author":[{"embeddable":true,"href":"https:\/\/www.graswurzel.net\/gwr\/wp-json\/wp\/v2\/users\/502"}],"replies":[{"embeddable":true,"href":"https:\/\/www.graswurzel.net\/gwr\/wp-json\/wp\/v2\/comments?post=25129"}],"version-history":[{"count":0,"href":"https:\/\/www.graswurzel.net\/gwr\/wp-json\/wp\/v2\/pages\/25129\/revisions"}],"up":[{"embeddable":true,"href":"https:\/\/www.graswurzel.net\/gwr\/wp-json\/wp\/v2\/pages\/25127"}],"wp:attachment":[{"href":"https:\/\/www.graswurzel.net\/gwr\/wp-json\/wp\/v2\/media?parent=25129"}],"curies":[{"name":"wp","href":"https:\/\/api.w.org\/{rel}","templated":true}]}}