{"id":26876,"date":"2022-01-28T13:51:48","date_gmt":"2022-01-28T11:51:48","guid":{"rendered":"https:\/\/www.graswurzel.net\/gwr\/?page_id=26876"},"modified":"2022-01-28T14:25:02","modified_gmt":"2022-01-28T12:25:02","slug":"geschichte","status":"publish","type":"page","link":"https:\/\/www.graswurzel.net\/gwr\/ueber-uns\/geschichte\/","title":{"rendered":"Geschichte"},"content":{"rendered":"<div class=\"entry-intro\">\n<h2 class=\"entry-title\">Mit Letraset und Schreibmaschine<\/h2>\n<h3>Ein R\u00fcckblick auf 50 Jahre GWR<\/h3>\n<p style=\"text-align: justify;\"><strong>Die gewaltfrei-anarchistische Zeitung Graswurzelrevolution (GWR) wurde 1972 gegr\u00fcndet und ist damit das langlebigste Printmedium des deutschsprachigen Raums. Das diesj\u00e4hrige Jubil\u00e4um nehmen wir zum Anlass, um die 50-j\u00e4hrige Geschichte in wichtigen Eckdaten und Stichpunkten zusammenzufassen.<\/strong><\/p>\n<\/div>\n<p style=\"padding-left: 40px;\"><strong>1972<\/strong><br \/>\nWolfgang Hertle und die Gewaltfreie Aktion (GA) Augsburg produzieren im Sommer 1972 die <a href=\"https:\/\/www.graswurzel.net\/gwr\/1972\/06\/nullnummer\/\">Nullnummer der Graswurzelrevolution<\/a>. Die Augsburger Redaktionsgruppe arbeitet bis 1973 weiter.<\/p>\n<p style=\"padding-left: 40px;\"><strong>1973<\/strong><br \/>\nSeit 1973 ist die GWR ein assoziiertes Mitglied der <a href=\"https:\/\/www.graswurzel.net\/gwr\/1997\/12\/prinzipienerklarung-der-war-resisters-international\/\">War Resisters\u02bc International<\/a> (WRI).<\/p>\n<p style=\"padding-left: 40px;\"><strong>1974<\/strong><br \/>\nDie Redaktion zieht nach Berlin um, zwei Jahre sp\u00e4ter nach G\u00f6ttingen. Die Zeitung wird mit Schreibmaschine in Spalten getippt, ausgeschnitten und auf eine Druckvorlage geklebt.<\/p>\n<p style=\"padding-left: 40px;\"><a href=\"https:\/\/www.graswurzel.net\/gwr\/2009\/02\/wolfgang-zucht-wird-80\/\">Wolfgang Zucht<\/a> und Helga Weber bauen in Kassel die Graswurzelwerkstatt auf, die die halbj\u00e4hrlichen Bundestreffen des Netzwerks Gewaltfreier Aktionsgruppen organisiert. Die Treffen sind gepr\u00e4gt von Kriegsdienstverweigerern, Gewaltfreien aus der Anti-AKW-Bewegung, anderen \u00d6kologie-, Dritte-Welt und Solidarit\u00e4ts-Gruppen und Anarchist*innen.<\/p>\n<p style=\"padding-left: 40px;\">Das Sonderblatt \u201eWas hei\u00dft Graswurzelrevolution?\u201c, das der GWR 7 im Winter 1974 beiliegt, beschreibt das Selbstverst\u00e4ndnis.<\/p>\n<p style=\"padding-left: 40px;\"><strong>1976<\/strong><br \/>\nGr\u00fcndung des Verlags <a href=\"https:\/\/www.graswurzel.net\/gwr\/weber-zucht-co-im-verlag-graswurzelrevolution\/\">Weber, Zucht &amp; Co<\/a>.<\/p>\n<p style=\"padding-left: 40px;\"><strong>1977<\/strong><br \/>\nRepression gegen die GWR im Gefolge des \u201eDeutschen Herbstes\u201c 1977 und der m\u00f6rderischen \u201eTerroristenhatz\u201c: Durchsuchung der Redaktionsr\u00e4ume und Anklage gegen einen Redakteur<\/p>\n<p style=\"padding-left: 40px;\"><strong>1978<\/strong><br \/>\n1978 bis 1988 Redaktionssitz und Produktion von \u00fcber 90 Ausgaben in Hamburg<\/p>\n<p style=\"padding-left: 40px;\">Als Beilage der GWR 34\/35 im Februar 1978 erscheint die Brosch\u00fcre \u201eFeldz\u00fcge f\u00fcr ein sauberes Deutschland. Politische Erkl\u00e4rung gewaltfreier Aktionsgruppen in der BRD zu Terrorismus und Repression am Beispiel der Mescalero-Aff\u00e4re\u201c<\/p>\n<p style=\"padding-left: 40px;\"><strong>1979<\/strong><br \/>\nDie GWR 41 (Mai\/Juni 1979) erscheint als Schwerpunktnummer zum Thema \u201eFrauen ins Milit\u00e4r: Der milit\u00e4risch-emanzipatorische Komplex\u201c. Aus antimilitaristisch-feministischer Sicht wird die u. a. von Alice Schwarzer gepr\u00e4gte Kampagne \u201eFrauen in die Bundeswehr\u201c kritisiert.<\/p>\n<p style=\"padding-left: 40px;\"><strong>1980<\/strong><br \/>\nVon April 1980 bis November 1987 erscheint die GWR als DIN-A4-Magazin mit durchschnittlich 40 Seiten. W\u00e4hrend der Proteste gegen den NATO-Doppelbeschluss in den fr\u00fchen 1980er-Jahren erreicht sie eine monatliche Auflage von etwa 5.000 St\u00fcck.<\/p>\n<p style=\"padding-left: 40px;\">Das Netzwerk Gewaltfreier Aktionsgruppen entwickelt sich 1980 mit der Gr\u00fcndung der F\u00f6deration Gewaltfreier Aktionsgruppen (F\u00f6GA) zu einer verbindlicheren Struktur. Die Prinzipienerkl\u00e4rung der F\u00f6GA bleibt bis heute ein konzeptioneller Leitfaden f\u00fcr die Ausrichtung der Graswurzelrevolution. Ab 1980 richtet die F\u00f6GA zweimal j\u00e4hrlich die Graswurzelrevolution-Bundestreffen aus.<\/p>\n<p style=\"padding-left: 40px;\"><strong>1981<\/strong><br \/>\nSeit 1981 erscheint die GWR nicht mehr etwa viertelj\u00e4hrlich, sondern regelm\u00e4\u00dfig monatlich mit einer zweimonatigen Erscheinungspause im Sommer. Von 1981 bis 1987 wird sie von der F\u00f6GA herausgegeben.<\/p>\n<p style=\"padding-left: 40px;\">Als GWR 56 erscheint die erste Sondernummer \u201eSoziale Verteidigung\u201c. Weitere Ausgaben folgen.<\/p>\n<p style=\"padding-left: 40px;\"><strong>1984<\/strong><br \/>\nMit \u201eAlternative \u00d6konomie\u201c (GWR 90\/91, Kassel 1984) bringt die GWR erstmalig ein rund 100-seitiges Sonderheft in DIN A4 heraus.<\/p>\n<p style=\"padding-left: 40px;\"><strong>1986<\/strong><br \/>\nErster Graswurzelrevolution-Taschenkalender. Das Projekt wird von einer eigenen Graswurzelkalendergruppe koordiniert, die bis 1999 jedes Jahr eine weitere Ausgabe erstellt.<\/p>\n<p style=\"padding-left: 40px;\"><strong>1987<\/strong><br \/>\nDas Propagieren direkter Aktionen bringt der Graswurzelrevolution ein weiteres Ermittlungsverfahren ein. Wegen des in der GWR 110 (Dezember 1986) abgedruckten Artikels \u201eWenn der Strommast f\u00e4llt \u2026 \u2013 \u00dcberlegungen zu Sabotage als direkte gewaltfreie Aktion\u201c wird im April 1987 ein Verfahren wegen \u00a7 129a (\u201eBildung einer kriminellen Vereinigung\u201c) eingeleitet, aber wenig sp\u00e4ter eingestellt.<\/p>\n<p style=\"padding-left: 40px;\">Im Jahr 1987 sind die Aktivit\u00e4ten gegen die NATO-Stabsrahmen\u00fcbung Wintex\/Cimex ein Arbeitsschwerpunkt der Graswurzelgruppen. Die Graswurzelrevolution organisiert mehrere antimilitaristische Kongresse und bereichert die Diskussionen mit den Sonderheften 113\/114 \u201eWiderstand gegen die Wehrpflicht\u201c und 117\/118 \u201eSozialgeschichte des Antimilitarismus\u201c.<\/p>\n<p style=\"padding-left: 40px;\">Bedingt durch die Krise der F\u00f6GA sinkt die Auflage der GWR auf 2.400 Exemplare, und die Redaktion k\u00fcndigt im Dezember 1987 an, das angeschlagene Projekt einzustellen. Daraufhin reaktiviert sich der explizit anarchistische Fl\u00fcgel der Graswurzelbewegung, um die Zeitung zu retten, was zu Konflikten innerhalb der F\u00f6GA f\u00fchrt. Es bildet sich ein unabh\u00e4ngiger Herausgeber*innenkreis.<\/p>\n<p style=\"padding-left: 40px;\"><strong>1988<\/strong><br \/>\nAb Juni 1988 wird die Graswurzelrevolution offiziell nicht mehr von der F\u00f6GA, sondern von einem unabh\u00e4ngigen Herausgeber*innenkreis herausgegeben. Die Redaktion wechselt nach Heidelberg.<br \/>\n<a href=\"https:\/\/www.graswurzel.net\/gwr\/2018\/05\/naechte-mit-johannes-und-die-koffer-voller-briketts\/\">Johannes Sternstein<\/a> und Maren Witthoeft steigen beim Layout der Zeitung ein. Inzwischen kommen in einzelnen Bereichen Computer zum Einsatz: Atari und MS-DOS erg\u00e4nzen Schere, Klebstoff und Letraset. Ab 1988 wird die GWR beim damals noch selbstverwalteten Caro-Druck in Frankfurt\/Main gedruckt.<\/p>\n<p style=\"padding-left: 40px;\"><strong>1989<\/strong><br \/>\nErste \u201eLibert\u00e4re Buchseiten\u201c zur Frankfurter Buchmesse als GWR-Beilage im Oktober<\/p>\n<p style=\"padding-left: 40px;\"><strong>1990<\/strong><br \/>\nSonderheft zur Kritik der parlamentarischen Demokratie: \u201eWer w\u00e4hlt, hat die eigene Stimme bereits abgegeben!\u201c<\/p>\n<p style=\"padding-left: 40px;\"><strong>1991<\/strong><br \/>\nAm 17. Juli 1991 werden die GWR-Redaktionsr\u00e4ume und die Privatwohnung des GWR-Redakteurs in Heidelberg von zwei Staatsanw\u00e4lten und vier Beamt*innen der Heidelberger Staatsschutzabteilung durchsucht. Anlass ist ein Flugblatt gegen den Golfkrieg. Beschlagnahmt werden die Druckvorlagen der Flugschrift und verschiedene antimilitaristische Zeitschriften und Flugbl\u00e4tter. Das Ermittlungsverfahren wegen \u00a7 111 StGB (\u201e\u00d6ffentliche Aufforderung zu Straftaten\u201c) wird nach einigen Monaten eingestellt.<\/p>\n<p style=\"padding-left: 40px;\"><strong>1992<\/strong><br \/>\nVon September 1992 bis Oktober 1995 ist der Redaktionssitz in Wustrow. Die Regionalredaktion S\u00fcd in Heidelberg besteht parallel bis 2001 weiter. Nach und nach wird das m\u00fchselige Abtippen der auf Papier eingereichten Artikel abgeschafft: Die Texte kommen zun\u00e4chst auf Floppy-Disks, dann auf Disketten in der Redaktion an. Die Redaktionsarbeit findet mit Word-Programmen statt.<\/p>\n<p style=\"padding-left: 40px;\">Zwanzig Jahre nach Erscheinen der Nullnummer zieht die GWR-Redaktion in der Sondernummer 171\/172\/173 \u201eTexte zu Anarchismus und Gewaltlose Revolution heute\u201c eine Bilanz und erl\u00e4utert den <a href=\"https:\/\/www.graswurzel.net\/gwr\/ueber-uns\/grundlagen\/\">gewaltfrei-anarchistischen Ansatz<\/a>: Der Kampf um Befreiung muss immer ein Kampf gegen Gewalt sein.<\/p>\n<p style=\"padding-left: 40px;\"><strong>1994<\/strong><br \/>\nAnl\u00e4sslich der Bundestagswahl 1994 erscheint die Massenzeitung \u201eWenn Wahlen was ver\u00e4ndern w\u00fcrden, w\u00e4ren sie verboten \u2013 Eine Sonderver\u00f6ffentlichung der Zeitung Graswurzelrevolution zum \u201aSuperqualjahr\u2018 1994\u201c.<\/p>\n<p style=\"padding-left: 40px;\"><strong>1995<\/strong><br \/>\nWieder kommt eine Massenzeitung mit f\u00fcnfstelliger Auflage heraus: Im April 1995 erreicht die \u201eAktionszeitung f\u00fcr die sofortige Stillegung aller Atomanlagen: ATOMKONSENS IST NONSENS\u201c viele Menschen auch au\u00dferhalb der anarchistischen Bewegung und tr\u00e4gt zur Mobilisierung gegen Castortransporte bei.<\/p>\n<p style=\"padding-left: 40px;\">Jubil\u00e4um im September: Die Leser*innen k\u00f6nnen die 200. Ausgabe erwerben.<\/p>\n<p style=\"padding-left: 40px;\">Neues Vertriebskonzept: Nach dem R\u00fcckgang des Handverkaufs und dem Verschwinden linker Buchl\u00e4den setzt im September 1995 der Verkauf an Bahnhofkiosken und \u00fcber Grossisten in gr\u00f6\u00dferen St\u00e4dten ein.<\/p>\n<p style=\"padding-left: 40px;\">Ab November 1995 zieht die Redaktion bis Ende 1998 nach Oldenburg.<\/p>\n<p style=\"padding-left: 40px;\">Seit Dezember 1995 erscheint die Zeitung mit neuem Layout im Berliner Format.<\/p>\n<p style=\"padding-left: 40px;\"><strong>1996<\/strong><br \/>\nZum 75-j\u00e4hrigen Bestehen der War Resisters\u2019 International wird das Sonderheft Nr. 208\/209 \u201eVom Widerstand gegen den Krieg zur gewaltfreien Revolution? \u2013 Perspektiven internationaler gewaltfreier Vernetzung gegen globale Gewaltstrukturen\u201c publiziert.<\/p>\n<p style=\"padding-left: 40px;\">Die GWR findet den Weg ins Internet: 1996 geht die eigene Website online.<\/p>\n<p style=\"padding-left: 40px;\"><strong>1997<\/strong><br \/>\nZum 25-j\u00e4hrigen Bestehen der GWR findet vom 10. bis 12. Oktober eine dreit\u00e4gige Konferenz in K\u00f6ln statt.<\/p>\n<p style=\"padding-left: 40px;\"><strong>1998<\/strong><br \/>\n1998 wird der Buchverlag Graswurzelrevolution gegr\u00fcndet, der organisatorisch eng mit der Zeitung verbunden ist.<\/p>\n<p style=\"padding-left: 40px;\"><strong>1999<\/strong><br \/>\nAb Januar 1999 wird eine Koordinationsredaktion in M\u00fcnster t\u00e4tig und bezieht das heutige B\u00fcro.<br \/>\nParallel wird eine Frauen-Lesben-Redaktion der GWR in M\u00fcnchen gegr\u00fcndet. Das Projekt scheitert innerhalb von zwei Jahren an politischen Differenzen und finanziellen Forderungen, sodass sich die Gruppe 2001 aufl\u00f6st.<br \/>\nDie Zeitung wird von beiden Koordinationsredaktionen gemeinsam erstellt.<\/p>\n<p style=\"padding-left: 40px;\">Der Herausgeber*innenkreis kommuniziert verst\u00e4rkt per Mail, was die Arbeitsabl\u00e4ufe und Absprachen zwischen den weit verstreut lebenden Herausgeber*innen extrem erleichtert. Vorher lief die Kommunikation \u00fcber Telefon und Briefe.<\/p>\n<p style=\"padding-left: 40px;\">Die \u201eNein zum Krieg!\u201c-GWR-Extrabl\u00e4tter zum Jugoslawienkrieg 1999 erreichen Auflagen bis zu 35.000 und werden kriminalisiert. Gegen den Koordinationsredakteur wird ein \u00a7111 StGB-Ermittlungsverfahren eingeleitet \u2013 seit 1945 das erste Verfahren gegen einen Journalisten wegen Aufruf zur Desertion.<\/p>\n<p style=\"padding-left: 40px;\"><strong>2000<\/strong><br \/>\nAb der Sommer-Ausgabe 2000 wird die GWR in M\u00fcnster im Eigenverlag (Verlag Graswurzelrevolution e. V.) herausgegeben und presserechtlich von Koordinationsredakteur Bernd Dr\u00fccke verantwortet.<\/p>\n<p style=\"padding-left: 40px;\"><strong>2001<\/strong><br \/>\nVon 2001 bis 2003 produziert die GWR-Redaktion gemeinsam mit Kriegsdienstverweigerern in der T\u00fcrkei acht Ausgaben der zweisprachigen <a href=\"https:\/\/www.graswurzel.net\/gwr\/2001\/12\/soresa-kokagihaye-otkokuye\/\">Otk\u00f6k\u00fc<\/a> (t\u00fcrkisch f\u00fcr \u201eGraswurzel\u201c). Die t\u00fcrkisch-deutsche Otk\u00f6k\u00fc erscheint viertelj\u00e4hrlich als Beilage der GWR und mit einer zus\u00e4tzlichen Auflage von jeweils bis zu 7.000 Exemplaren. Nachdem die in die T\u00fcrkei geschickten Ausgaben dort <a href=\"https:\/\/www.graswurzel.net\/gwr\/2001\/06\/in-der-tuerkei-beschlagnahmt-graswurzelrevolution-und-otkoekue\/\">beschlagnahmt<\/a> werden, beschr\u00e4nkt sich der Otk\u00f6k\u00fc-Vertrieb auf Westeuropa.<\/p>\n<p style=\"padding-left: 40px;\"><strong>2002<\/strong><br \/>\nMit einem dreit\u00e4gigen Kongress in M\u00fcnster feiert die GWR ihren 30. Geburtstag.<\/p>\n<p style=\"padding-left: 40px;\"><strong>2003<\/strong><br \/>\nDie h\u00f6chste Auflage einer GWR-Publikation wird mit dem \u201eNo WAR!\u201c-Extrablatt im Vorfeld des 3. Golfkriegs im Dezember 2002\/Januar 2003 erreicht: 55.000.<\/p>\n<p style=\"padding-left: 40px;\"><strong>2006<\/strong><br \/>\nVerschiedene Landesbeh\u00f6rden und das Bundesamt f\u00fcr Verfassungsschutz erw\u00e4hnen in ihren Jahresberichten die GWR und ordnen sie dem \u201elinksextremistischen Spektrum\u201c zu. Der Verfassungsschutzbericht 2005 widmet der Zeitung etwa eine halbe Seite im Abschnitt \u201eTraditionelle Anarchisten\u201c. F\u00fcr Emp\u00f6rung sorgt die Titelgestaltung eines VS-Berichts: Das GWR-Logo wird neben Symbolen neonazistischer Gruppierungen abgebildet \u2013 eine uns\u00e4gliche Gleichsetzung von Gewalt und Diktatur bef\u00fcrwortendem Rechtsradikalismus und gewaltfrei-anarchistischen Linken.<\/p>\n<p style=\"padding-left: 40px;\"><strong>2007<\/strong><br \/>\nDie GWR feiert ihr 35-j\u00e4hriges Bestehen mit einem Fest und einer Konferenz vom 31. August bis zum 2. September 2007 in K\u00f6nnern (bei Halle\/Saale). Auf dem Programm stehen Konzerte, Filme, Vortr\u00e4ge, Workshops und Diskussionen.<\/p>\n<p style=\"padding-left: 40px;\">Im Mai 2007 erscheint das GWR-Extrablatt \u201eNO WAR! NO G8! Sturmwarnung\u201c mit einer Auflage von 20.000 Exemplaren.<\/p>\n<p style=\"padding-left: 40px;\">Mit der Jugendzeitung \u201e<a href=\"https:\/\/www.graswurzel.net\/gwr\/utopia\/\">Utopia \u2013 Gewaltlos \u2013 Herrschaftsfrei<\/a>\u201c wird ein neues Sonderprojekt initiiert, das von September 2007 bis Ende 2011 zweimonatlich als GWR-Beilage in insgesamt 21 Ausgaben herauskommt und zus\u00e4tzlich als kostenlose Massenzeitung verbreitet wird. Die Auflage der Utopia, die von einem selbstst\u00e4ndigen Redaktionskollektiv herausgegeben wird, steigt von 10.000 auf zeitweise 25.000 (Nummer 9, M\u00e4rz 2009).<\/p>\n<p style=\"padding-left: 40px;\"><strong>2011<\/strong><br \/>\nIm Mai 2011 werden 30.000 Exemplare von \u201eAbschalten! Sofort! Extrablatt und Beilage zu GWR 359\u201c verteilt.<\/p>\n<p style=\"padding-left: 40px;\"><strong>2012<\/strong><br \/>\nZu ihrem 40-j\u00e4hrigen Bestehen l\u00e4dt die GWR zu einem Jubil\u00e4umskongress mit Ausstellungen und gro\u00dfem Fest in M\u00fcnster ein. Vortr\u00e4ge, Diskussionen und praktische Workshops werden abends von Konzerten erg\u00e4nzt.<\/p>\n<p style=\"padding-left: 40px;\">Die GWR wird bei Facebook aktiv und postet regelm\u00e4\u00dfig aktuelle Beitr\u00e4ge aus der Zeitung und Nachrichten aus befreundeten Projekten.<\/p>\n<p style=\"padding-left: 40px;\"><strong>2013<\/strong><br \/>\nSeit 2013 erscheinen die \u201eLibert\u00e4ren Buchseiten\u201c zweimal j\u00e4hrlich, jeweils zur Frankfurter und zur Leipziger Buchmesse.<\/p>\n<p style=\"padding-left: 40px;\">Das Archiv und der Vertrieb der GWR kommen nach Freiburg. Damit hat sich ein dauerhafter Ort gefunden, nachdem sie zuvor mehrfach umziehen mussten: In den 1990er-Jahren waren Archiv und Vertrieb zeitweise in Hamburg und M\u00fcnchen, von 1999 bis 2001 in Heidelberg und anschlie\u00dfend mehr als zehn Jahre in der Eifel ans\u00e4ssig.<\/p>\n<p style=\"padding-left: 40px;\"><strong>2015<\/strong><br \/>\nSeit der GWR 397 (M\u00e4rz 2015) erscheint die Zeitung nach einem Relaunch in neuem Design und mit jeweils 24 Seiten (statt zuvor meist 20 Seiten) im Berliner Format.<\/p>\n<p style=\"padding-left: 40px;\"><strong>2020<\/strong><br \/>\nZum ersten Mal in der langen Geschichte der Zeitung f\u00e4llt eine Ausgabe krankheitsbedingt aus (Februar-Nummer). Es geht mit einer ad hoc gebildeten Redaktion weiter, die vier Ausgaben bis Sommer 2020 herausgibt. Die Sommer-Ausgabe wird um vier Seiten erweitert.<\/p>\n<p style=\"padding-left: 40px;\">Im M\u00e4rz erscheint die anarchafeministische Massenzeitung \u2028\u201e<a href=\"https:\/\/www.graswurzel.net\/gwr\/2020\/04\/a-feminismus-von-unten\/\">A-Feminismus von unten<\/a>\u201c, die im Vorfeld des 8. M\u00e4rz verteilt wird.<\/p>\n<p style=\"padding-left: 40px;\">W\u00e4hrend die Auflage in der Regel bei 3.500 liegt, wird sie wegen der Corona-Pandemie auf 3.000 heruntergesetzt. Die Auflage der Libert\u00e4ren Buchseiten bleibt bei 5.000 Exemplaren.<\/p>\n<p style=\"padding-left: 40px;\"><strong>2021<\/strong><br \/>\nSeit Jahresbeginn ist die GWR auf Twitter.<\/p>\n<p style=\"padding-left: 40px;\">Ab Januar 2021 wird die Redaktion von einer Vertretungsredaktion \u00fcbernommen, die bis Sommer f\u00fcnf Ausgaben produziert und mit neuen Textformaten und Rubriken experimentiert. Da die Leipziger Buchmesse coronabedingt verschoben wird, werden die Libert\u00e4ren Buchseiten in neuem Layout im Mai herausgegeben. Im Mai wird eine neue Koordinationsredaktion gew\u00e4hlt, die im August ihre Arbeit beginnt. Die Redaktion wird dezentralisiert.<\/p>\n<p style=\"padding-left: 40px;\"><strong>2022<\/strong><br \/>\n50 Jahre GWR: Die Geschichte der Graswurzelrevolution soll \u00fcber das ganze Jahr aus verschiedenen Perspektiven thematisiert werden. Eine Jubil\u00e4umsparty ist w\u00e4hrend der 6. Anarchistischen Buchmesse in Mannheim vom 26. bis 29. Mai 2022 geplant.<\/p>\n","protected":false},"excerpt":{"rendered":"<p>Mit Letraset und Schreibmaschine Ein R\u00fcckblick auf 50 Jahre GWR Die gewaltfrei-anarchistische Zeitung Graswurzelrevolution (GWR) wurde 1972 gegr\u00fcndet und ist damit das langlebigste Printmedium des deutschsprachigen Raums. Das diesj\u00e4hrige Jubil\u00e4um nehmen wir zum Anlass, um die 50-j\u00e4hrige Geschichte in wichtigen Eckdaten und Stichpunkten zusammenzufassen. 1972 Wolfgang Hertle und die Gewaltfreie Aktion (GA) Augsburg produzieren im &hellip; <a href=\"https:\/\/www.graswurzel.net\/gwr\/ueber-uns\/geschichte\/\">Weiterlesen<\/a><\/p>\n","protected":false},"author":502,"featured_media":0,"parent":15733,"menu_order":0,"comment_status":"closed","ping_status":"closed","template":"","meta":{"slim_seo":{"title":"Geschichte - graswurzelrevolution","description":"Mit Letraset und Schreibmaschine Ein R\u00fcckblick auf 50 Jahre GWR Die gewaltfrei-anarchistische Zeitung Graswurzelrevolution (GWR) wurde 1972 gegr\u00fcndet und ist da"},"footnotes":""},"class_list":["post-26876","page","type-page","status-publish","hentry"],"_links":{"self":[{"href":"https:\/\/www.graswurzel.net\/gwr\/wp-json\/wp\/v2\/pages\/26876","targetHints":{"allow":["GET"]}}],"collection":[{"href":"https:\/\/www.graswurzel.net\/gwr\/wp-json\/wp\/v2\/pages"}],"about":[{"href":"https:\/\/www.graswurzel.net\/gwr\/wp-json\/wp\/v2\/types\/page"}],"author":[{"embeddable":true,"href":"https:\/\/www.graswurzel.net\/gwr\/wp-json\/wp\/v2\/users\/502"}],"replies":[{"embeddable":true,"href":"https:\/\/www.graswurzel.net\/gwr\/wp-json\/wp\/v2\/comments?post=26876"}],"version-history":[{"count":0,"href":"https:\/\/www.graswurzel.net\/gwr\/wp-json\/wp\/v2\/pages\/26876\/revisions"}],"up":[{"embeddable":true,"href":"https:\/\/www.graswurzel.net\/gwr\/wp-json\/wp\/v2\/pages\/15733"}],"wp:attachment":[{"href":"https:\/\/www.graswurzel.net\/gwr\/wp-json\/wp\/v2\/media?parent=26876"}],"curies":[{"name":"wp","href":"https:\/\/api.w.org\/{rel}","templated":true}]}}