{"id":32572,"date":"2025-04-11T11:50:01","date_gmt":"2025-04-11T09:50:01","guid":{"rendered":"https:\/\/www.graswurzel.net\/gwr\/?page_id=32572"},"modified":"2025-04-16T10:49:28","modified_gmt":"2025-04-16T08:49:28","slug":"pdf-abo","status":"publish","type":"page","link":"https:\/\/www.graswurzel.net\/gwr\/pdf-abo\/","title":{"rendered":"Pdf-Abo"},"content":{"rendered":"<p>Ein Pdf-Abo umfasst zehn Ausgaben und kostet 38<b> EUR<\/b>. <b><\/b>Dieses Abo ist unbefristet und l\u00e4uft automatisch weiter, wenn es nicht gek\u00fcndigt wird.<\/p>\n\n<div class=\"wpcf7 no-js\" id=\"wpcf7-f32570-o1\" lang=\"de-DE\" dir=\"ltr\" data-wpcf7-id=\"32570\">\n<div class=\"screen-reader-response\"><p role=\"status\" aria-live=\"polite\" aria-atomic=\"true\"><\/p> <ul><\/ul><\/div>\n<form action=\"\/gwr\/wp-json\/wp\/v2\/pages\/32572#wpcf7-f32570-o1\" method=\"post\" class=\"wpcf7-form init\" id=\"pdf-Abo\" aria-label=\"Kontaktformular\" novalidate=\"novalidate\" data-status=\"init\">\n<fieldset class=\"hidden-fields-container\"><input type=\"hidden\" name=\"_wpcf7\" value=\"32570\" \/><input type=\"hidden\" name=\"_wpcf7_version\" value=\"6.1.5\" \/><input type=\"hidden\" name=\"_wpcf7_locale\" value=\"de_DE\" \/><input type=\"hidden\" name=\"_wpcf7_unit_tag\" value=\"wpcf7-f32570-o1\" \/><input type=\"hidden\" name=\"_wpcf7_container_post\" value=\"0\" \/><input type=\"hidden\" name=\"_wpcf7_posted_data_hash\" value=\"\" \/>\n<\/fieldset>\n<div class=\"wpcf7-response-output alert alert-warning\"><\/div>\n\n<div class=\"form-group row\">\n    <div class=\"col-md-6\"><label for=\"Vorname\"><strong>Vorname<\/strong><\/label><div class=\"form-group Vorname\"><input class=\"wpcf7-form-control wpcf7-text wpcf7-validates-as-required form-control\" name=\"Vorname\" type=\"text\" value=\"\" aria-invalid=\"false\" aria-required=\"true\" required><\/div><\/div>\n    <div class=\"col-md-6\"><label for=\"Nachname\"><strong>Nachname<\/strong><\/label><div class=\"form-group Nachname\"><input class=\"wpcf7-form-control wpcf7-text wpcf7-validates-as-required form-control\" name=\"Nachname\" type=\"text\" value=\"\" aria-invalid=\"false\" aria-required=\"true\" required><\/div><\/div>\n    <div class=\"col-md-6\"><label for=\"Zusatz\">Adresszusatz<\/label><div class=\"form-group Zusatz\"><input class=\"wpcf7-form-control wpcf7-text form-control form-control\" name=\"Zusatz\" type=\"text\" value=\"\" placeholder=\"c\/o, Zustellhinweis...\" aria-invalid=\"false\"><\/div><\/div>\n    <div class=\"col-md-6\"><label for=\"Strasse\"><strong>Stra\u00dfe u. Hausnummer<\/strong><\/label><div class=\"form-group Strasse\"><input class=\"wpcf7-form-control wpcf7-text wpcf7-validates-as-required form-control form-control\" name=\"Strasse\" type=\"text\" value=\"\" placeholder=\"Musterstr. 28\" aria-invalid=\"false\" aria-required=\"true\" required><\/div><\/div>\n    <div class=\"col-md-6\"><label for=\"PLZ\"><strong>PLZ<\/strong><\/label><div class=\"form-group PLZ\"><input class=\"wpcf7-form-control wpcf7-text wpcf7-validates-as-required form-control\" name=\"PLZ\" type=\"text\" value=\"\" aria-invalid=\"false\" aria-required=\"true\" required><\/div><\/div>\n    <div class=\"col-md-6\"><label for=\"Ort\"><strong>Ort<\/strong><\/label><div class=\"form-group Ort\"><input class=\"wpcf7-form-control wpcf7-text wpcf7-validates-as-required form-control\" name=\"Ort\" type=\"text\" value=\"\" aria-invalid=\"false\" aria-required=\"true\" required><\/div><\/div>\n    <div class=\"col-md-6\"><label for=\"Land\">Land<\/label><div class=\"form-group Land\"><input class=\"wpcf7-form-control wpcf7-text form-control form-control\" name=\"Land\" type=\"text\" value=\"\" aria-invalid=\"false\"><\/div><\/div>\n<div class=\"col-md-6\"><label for=\"E-Mail\"><strong>E-Mail<\/strong><\/label><div class=\"form-group E-Mail\"><input class=\"wpcf7-form-control wpcf7-email wpcf7-validates-as-required wpcf7-text wpcf7-validates-as-email form-control\" name=\"E-Mail\" type=\"email\" value=\"\" aria-invalid=\"false\" aria-required=\"true\" required><\/div><\/div>\n\n<h3>Zahlungsweise<\/h3>\n\n<div class=\"form-group wpcf7-form-control wpcf7-radio Zahlung\"><div class=\"radio\"><label><input name=\"Zahlung\" type=\"radio\" value=\"Ich zahle nach Erhalt der Rechnung.\" aria-invalid=\"false\" aria-required=\"true\" required>Ich zahle nach Erhalt der Rechnung.<\/label><\/div><div class=\"radio\"><label><input name=\"Zahlung\" type=\"radio\" value=\"Ich erteile euch hiermit das SEPA-Lastschriftmandat f\u00fcr das Abo zum Einzug von meinem Konto:\" checked aria-invalid=\"false\" aria-required=\"true\" required>Ich erteile euch hiermit das SEPA-Lastschriftmandat f\u00fcr das Abo zum Einzug von meinem Konto:<\/label><\/div><\/div>\n\n<div class=\"form-group row\">\n    <div class=\"col-md-6\"><label for=\"IBAN\">IBAN<\/label><div class=\"form-group IBAN\"><input class=\"wpcf7-form-control wpcf7-text form-control\" name=\"IBAN\" type=\"text\" value=\"\" aria-invalid=\"false\"><\/div><\/div>\n    <div class=\"col-md-6\"><label for=\"BIC\">BIC<\/label><div class=\"form-group BIC\"><input class=\"wpcf7-form-control wpcf7-text form-control\" name=\"BIC\" type=\"text\" value=\"\" aria-invalid=\"false\"><\/div><\/div>\n<\/div>\n\n<p>Das Mandat wird sofort ung\u00fcltig, wenn ich es schriftlich widerrufe.<\/p>\n\n<h3>Versandart der Rechnung<\/h3>\n\n<p>Standardm\u00e4\u00dfig versenden wir die Rechnungen <b>per E-Mail.<\/b><\/p>\n\n<div class=\"form-group wpcf7-form-control wpcf7-checkbox Versandart\"><div class=\"checkbox wpcf7-form-control wpcf7-checkbox Versandart\"><label ><input name=\"Versandart\" type=\"checkbox\" value=\"Ich habe keine E-Mail-Adresse oder andere Gr\u00fcnde: Bitte schickt mir die Rechnung mit der Post (gilt nicht f\u00fcr Zahlungsweise Lastschrift-Einzug, da keine Rechnung versendet wird)\" aria-invalid=\"false\">Ich habe keine E-Mail-Adresse oder andere Gr\u00fcnde: Bitte schickt mir die Rechnung mit der Post (gilt nicht f\u00fcr Zahlungsweise Lastschrift-Einzug, da keine Rechnung versendet wird)<\/label><\/div><\/div>\n\n<h3>Abopr\u00e4mie<\/h3>\n\n<div class=\"form-group wpcf7-form-control wpcf7-radio Praemie\"><div class=\"radio\"><label><input name=\"Praemie\" type=\"radio\" value=\"Brosch\u00fcre: 500 Ausgaben Graswurzelrevolution. Ausgesuchte Texte \u2013 Geschichte und Grundlagen des Graswurzelanarchismus (reso.media, L\u00fcbeck, Dezember 2025, 64 Seiten)\" checked aria-invalid=\"false\" aria-required=\"true\" required>Brosch\u00fcre: 500 Ausgaben Graswurzelrevolution. Ausgesuchte Texte \u2013 Geschichte und Grundlagen des Graswurzelanarchismus (reso.media, L\u00fcbeck, Dezember 2025, 64 Seiten)<\/label><\/div><div class=\"radio\"><label><input name=\"Praemie\" type=\"radio\" value=\"Bernd Dr\u00fccke, Luz Kerkeling, Martin Baxmeyer (Hg.): Abel Paz und die Spanische Revolution. Interviews und Vortr\u00e4ge (Verlag Edition AV, Frankfurt\/M. 2004, 116 Seiten)\" aria-invalid=\"false\" aria-required=\"true\" required>Bernd Dr\u00fccke, Luz Kerkeling, Martin Baxmeyer (Hg.): Abel Paz und die Spanische Revolution. Interviews und Vortr\u00e4ge (Verlag Edition AV, Frankfurt\/M. 2004, 116 Seiten)<\/label><\/div><div class=\"radio\"><label><input name=\"Praemie\" type=\"radio\" value=\"Doppel-CD Various - compiled by Lucha Amada (nur solange der Vorrat reicht!)\" aria-invalid=\"false\" aria-required=\"true\" required>Doppel-CD Various - compiled by Lucha Amada (nur solange der Vorrat reicht!)<\/label><\/div><div class=\"radio\"><label><input name=\"Praemie\" type=\"radio\" value=\"5 GWR-Archivausgaben\" aria-invalid=\"false\" aria-required=\"true\" required>5 GWR-Archivausgaben<\/label><\/div><div class=\"radio\"><label><input name=\"Praemie\" type=\"radio\" value=\"oder ein Gutschein von 10 EUR f\u00fcr einen Einkauf beim Kaffee-Kollektiv Aroma-Zapatista\" aria-invalid=\"false\" aria-required=\"true\" required>oder ein Gutschein von 10 EUR f\u00fcr einen Einkauf beim Kaffee-Kollektiv Aroma-Zapatista<\/label><\/div><div class=\"radio\"><label><input name=\"Praemie\" type=\"radio\" value=\"Ich verzichte auf meine Pr\u00e4mie\" aria-invalid=\"false\" aria-required=\"true\" required>Ich verzichte auf meine Pr\u00e4mie<\/label><\/div><\/div>\n\n<h3>Hinweis<\/h3>\n\n<p>Diese Bestellung kann 10 Tage r\u00fcckg\u00e4ngig gemacht werden.<\/p>\n\n<p>Der Bezug der GWR soll nicht am Geld scheitern. Bei Bedarf bitte melden bei:<br>\nGWR Abo+Vertrieb, Vaubanallee 2, 79100 Freiburg, abo(\u00e4t)graswurzel.net; Tel. 0761-45892782.<\/p>\n<p>An diese Adresse bitte auch die K\u00fcndigung richten. Diese kann per E-Mail, Postkarte oder telefonisch erfolgen. Sie ist ohne Frist und wird zum Ende des j\u00e4hrlichen Zahlungszeitraums g\u00fcltig.<\/p>\n\n<p>Wer seine\/ihre Bestellung per verschl\u00fcsselter E-Mail an: abo(\u00e4t)graswurzel.net senden m\u00f6chte - hier unser GPG-Key:<\/p>\n\n<p><a href=\"https:\/\/www.graswurzel.net\/gwr\/wp-content\/uploads\/2018\/08\/0xAC5BC1BF.asc\">0xAC5BC1BF<\/a> (Fingerprint: 9F0B 6730 D366 224F B82D 89F3 D720 4E2A AC5B C1BF)<\/p>\n\n<p><br>Alle Adressangaben und die IBAN (bei Lastschrift) richtig eingegeben? Dann:<br\/><\/p>\n\n<span class=\"wpcf7-form-control-wrap kc_captcha cf7ic-toggle\" data-name=\"kc_captcha\"><span class=\"wpcf7-form-control wpcf7-radio\"><span class=\"captcha-image\" style=\"display: none;\"><span class=\"cf7ic_instructions\">Bitte beweise, dass du kein Spambot bist und w\u00e4hle das Symbol<span> Schl\u00fcssel<\/span>.<\/span><label><input aria-label=\"1\" type=\"radio\" name=\"kc_captcha\" value=\"bot\" \/><svg aria-hidden=\"true\" role=\"img\" xmlns=\"http:\/\/www.w3.org\/2000\/svg\" viewBox=\"0 0 512 512\"><path fill=\"currentColor\" d=\"M350 99c-54 0-98-35-166-35-25 0-47 4-68 12a56 56 0 004-24C118 24 95 1 66 0a56 56 0 00-34 102v386c0 13 11 24 24 24h16c13 0 24-11 24-24v-94c28-12 64-23 114-23 54 0 98 35 166 35 48 0 86-16 122-41 9-6 14-15 14-26V96c0-23-24-39-45-29-35 16-77 32-117 32z\"\/><\/svg><\/label><label><input aria-label=\"2\" type=\"radio\" name=\"kc_captcha\" value=\"kc_human\" \/><svg aria-hidden=\"true\" role=\"img\" xmlns=\"http:\/\/www.w3.org\/2000\/svg\" viewBox=\"0 0 512 512\"><path fill=\"currentColor\" d=\"M512 176a176 176 0 01-209 173l-24 27a24 24 0 01-18 8h-37v40c0 13-11 24-24 24h-40v40c0 13-11 24-24 24H24c-13 0-24-11-24-24v-78c0-6 3-13 7-17l162-162a176 176 0 11343-55zm-176-48a48 48 0 1096 0 48 48 0 00-96 0z\"\/><\/svg><\/label><label><input aria-label=\"3\" type=\"radio\" name=\"kc_captcha\" value=\"bot\" \/><svg aria-hidden=\"true\" role=\"img\" xmlns=\"http:\/\/www.w3.org\/2000\/svg\" viewBox=\"0 0 576 512\"><path fill=\"currentColor\" d=\"M472 200H360L256 6a12 12 0 00-10-6h-58c-8 0-14 7-12 15l34 185H100l-35-58a12 12 0 00-10-6H12c-8 0-13 7-12 14l21 106L0 362c-1 7 4 14 12 14h43c4 0 8-2 10-6l35-58h110l-34 185c-2 8 4 15 12 15h58a12 12 0 0010-6l104-194h112c57 0 104-25 104-56s-47-56-104-56z\"\/><\/svg><\/label>\r\n    <\/span>\r\n    <span style=\"display:none\">\r\n        <input type=\"text\" name=\"kc_honeypot\">\r\n    <\/span><\/span><\/span>\n<br\/>\n\n<div class=\"form-group\"><div><input class=\"wpcf7-form-control wpcf7-submit btn btn-primary\" type=\"submit\" value=\"Kostenpflichtig bestellen\"><\/div><\/div>\n<div class=\"wpcf7-response-output alert alert-warning\"><\/div>\n<\/form>\n<\/div>\n\n","protected":false},"excerpt":{"rendered":"<p>Ein Pdf-Abo umfasst zehn Ausgaben und kostet 38 EUR. Dieses Abo ist unbefristet und l\u00e4uft automatisch weiter, wenn es nicht gek\u00fcndigt wird.<\/p>\n","protected":false},"author":502,"featured_media":0,"parent":0,"menu_order":0,"comment_status":"closed","ping_status":"closed","template":"","meta":{"slim_seo":{"title":"Pdf-Abo - graswurzelrevolution","description":"Ein Pdf-Abo umfasst zehn Ausgaben und kostet 38 EUR . Dieses Abo ist unbefristet und l\u00e4uft automatisch weiter, wenn es nicht gek\u00fcndigt wird."},"footnotes":""},"class_list":["post-32572","page","type-page","status-publish","hentry"],"_links":{"self":[{"href":"https:\/\/www.graswurzel.net\/gwr\/wp-json\/wp\/v2\/pages\/32572","targetHints":{"allow":["GET"]}}],"collection":[{"href":"https:\/\/www.graswurzel.net\/gwr\/wp-json\/wp\/v2\/pages"}],"about":[{"href":"https:\/\/www.graswurzel.net\/gwr\/wp-json\/wp\/v2\/types\/page"}],"author":[{"embeddable":true,"href":"https:\/\/www.graswurzel.net\/gwr\/wp-json\/wp\/v2\/users\/502"}],"replies":[{"embeddable":true,"href":"https:\/\/www.graswurzel.net\/gwr\/wp-json\/wp\/v2\/comments?post=32572"}],"version-history":[{"count":5,"href":"https:\/\/www.graswurzel.net\/gwr\/wp-json\/wp\/v2\/pages\/32572\/revisions"}],"predecessor-version":[{"id":32575,"href":"https:\/\/www.graswurzel.net\/gwr\/wp-json\/wp\/v2\/pages\/32572\/revisions\/32575"}],"wp:attachment":[{"href":"https:\/\/www.graswurzel.net\/gwr\/wp-json\/wp\/v2\/media?parent=32572"}],"curies":[{"name":"wp","href":"https:\/\/api.w.org\/{rel}","templated":true}]}}