{"id":15645,"date":"1988-01-01T17:54:18","date_gmt":"1988-01-01T15:54:18","guid":{"rendered":"http:\/\/test.graswurzel.net\/gwr\/produkt\/mahatma-gandhi-my-life-is-my-message\/"},"modified":"2023-03-10T20:21:01","modified_gmt":"2023-03-10T18:21:01","slug":"mahatma-gandhi-my-life-is-my-message","status":"publish","type":"product","link":"https:\/\/www.graswurzel.net\/gwr\/produkt\/mahatma-gandhi-my-life-is-my-message\/","title":{"rendered":"Mahatma Gandhi: My life is my message"},"content":{"rendered":"<p>Mahatma Gandhi<br \/>\n<b>My life is my message\u00a0<\/b><br \/>\nDas Leben und Wirken von M. K. Gandhi<\/p>\n<p>Herausgegeben von Gandhi-Informations-Zentrum<\/p>\n<p>ISBN: 978-3-88713-033-6<br \/>\nPaperback, 304 S., 135 Fotos, 48 Karikat. u. Zeichn. &#8211; 21 x 14,8 cm, 1988<\/p>\n<p>Das Leben und Wirken von M.K. Gandhi. Das Buch gibt einen umfassenden Einblick in Gandhis Leben, Handeln und Denken, ausf\u00fchrliche Chronologie von Gandhis Leben und Wirken ausf\u00fchrliche Chronologie der Geschichte Indiens und S\u00fcdafrikas, Artikel und Reden Gandhis zu 26 Themen \u00fcber Wahrheit, Gewaltlosigkeit, Staat und Gewalt, Industrialismus, Milit\u00e4r, Pazifismus, Wehrpflicht, Brotarbeit, die Frau, Bildung &amp; Erziehung, Zivilen Ungehorsam, Religion und Ethik, Zivilisationskritik u.a., 140 Photos, Dokumente und Illustrationen, Stellungnahmen von Zeitgenossen Gandhis, 59 Zeitungsartikel zwischen 1931 und 1948, 48 Karikaturen und Zeichnungen, eine Bibliographie der deutschsprachigen Gandhi-Literatur.<\/p>\n","protected":false},"excerpt":{"rendered":"<p>Dieses Buch wurde \u00fcbernommen aus dem ehemaligen Verlag <em>Weber, Zucht &amp; Co. <\/em>Mehr dazu:\u00a0<a href=\"https:\/\/www.graswurzel.net\/gwr\/weber-zucht-co-im-verlag-graswurzelrevolution\/\">Weber, Zucht &amp; Co &#8211; Eine W\u00fcrdigung<\/a><\/p>\n","protected":false},"featured_media":16750,"template":"","meta":{"slim_seo":{"title":"Mahatma Gandhi: My life is my message - graswurzelrevolution","description":"Dieses Buch wurde \u00fcbernommen aus dem ehemaligen Verlag Weber, Zucht &amp; Co. Mehr dazu:\u00a0 Weber, Zucht &amp; Co - Eine W\u00fcrdigung"}},"product_brand":[],"product_cat":[921],"product_tag":[],"class_list":{"0":"post-15645","1":"product","2":"type-product","3":"status-publish","4":"has-post-thumbnail","6":"product_cat-wezuco","8":"first","9":"instock","10":"taxable","11":"shipping-taxable","12":"purchasable","13":"product-type-simple"},"_links":{"self":[{"href":"https:\/\/www.graswurzel.net\/gwr\/wp-json\/wp\/v2\/product\/15645","targetHints":{"allow":["GET"]}}],"collection":[{"href":"https:\/\/www.graswurzel.net\/gwr\/wp-json\/wp\/v2\/product"}],"about":[{"href":"https:\/\/www.graswurzel.net\/gwr\/wp-json\/wp\/v2\/types\/product"}],"wp:featuredmedia":[{"embeddable":true,"href":"https:\/\/www.graswurzel.net\/gwr\/wp-json\/wp\/v2\/media\/16750"}],"wp:attachment":[{"href":"https:\/\/www.graswurzel.net\/gwr\/wp-json\/wp\/v2\/media?parent=15645"}],"wp:term":[{"taxonomy":"product_brand","embeddable":true,"href":"https:\/\/www.graswurzel.net\/gwr\/wp-json\/wp\/v2\/product_brand?post=15645"},{"taxonomy":"product_cat","embeddable":true,"href":"https:\/\/www.graswurzel.net\/gwr\/wp-json\/wp\/v2\/product_cat?post=15645"},{"taxonomy":"product_tag","embeddable":true,"href":"https:\/\/www.graswurzel.net\/gwr\/wp-json\/wp\/v2\/product_tag?post=15645"}],"curies":[{"name":"wp","href":"https:\/\/api.w.org\/{rel}","templated":true}]}}