{"id":15646,"date":"2003-11-11T17:54:18","date_gmt":"2003-11-11T15:54:18","guid":{"rendered":"http:\/\/test.graswurzel.net\/gwr\/produkt\/ziviler-widerstand-im-kosovo\/"},"modified":"2022-10-14T18:59:50","modified_gmt":"2022-10-14T16:59:50","slug":"ziviler-widerstand-im-kosovo","status":"publish","type":"product","link":"https:\/\/www.graswurzel.net\/gwr\/produkt\/ziviler-widerstand-im-kosovo\/","title":{"rendered":"Ziviler Widerstand im Kosovo"},"content":{"rendered":"<p>Howard Clark<br \/>\n<b>Ziviler Widerstand im Kosovo<\/b><\/p>\n<p>Foto(s) von Meredith-Vula, Lala<br \/>\nHerausgegeben von Institut f\u00fcr Friedensarbeit und Gewaltfreie Konfliktaustragung<br \/>\n\u00dcbersetzt von Jobst-Christian Rojahn<\/p>\n<p>ISBN: 978-3-88713-057-2<br \/>\nPaperback, 302 S., 2 Karten &#8211; 21 x 14,8 cm, 2003<\/p>\n<p>Howard Clark zeigt, wie die Gewaltlosigkeit der Kosovo-Albaner beinahe einen blutigen Krieg verhindert h\u00e4tte.<\/p>\n<p>Er beschreibt die verschiedenen Stationen des Kampfes der Kosovo-Albaner, die St\u00e4rke und das Potential dieser Bewegung mit schlie\u00dflich sich einstellender Stagnation und den Wiederbelebungsversuchen und analysiert die Erfolge und Grenzen der Gewaltlosigkeit im Kosovo, wie sie h\u00e4tte wirkungsvoller werden k\u00f6nnen und welche Lehren f\u00fcr friedenskonsolidierende Ma\u00dfnahmen zu ziehen sind. Er geht auf das Versagen der internationalen Diplomatie und Regierungen ein, die die Gewaltlosigkeit der Kosovo-Albaner als Selbstverst\u00e4ndlichkeit hinnahmen, nicht angemessen auf die Kriegsgefahr reagierten und keine Ma\u00dfnahmen zur Verhinderung des Krieges ergriffen. Schlie\u00dflich untersucht er die Bedeutung der Kosovo-Trag\u00f6die f\u00fcr andere Bewegungen des zivilen Widerstandes weltweit. Die Bedeutung der hier behandelten Vorg\u00e4nge f\u00fcr die Geschichte des Balkans liegt darin, da\u00df sie angesichts der Katastrophe in Bosnien alternative M\u00f6glichkeiten aufzeigten und dazu beitrugen, da\u00df der Krieg acht Jahre lang verhindert werden konnte. Der Kosovo war ein Ort, wo eine erste Analyse eigentlich zu dem Ergebnis kommen musste: \u0084Die Gewaltlosigkeit kann hier nichts bewirken.\u0093 Der Gegner war ja ein notorischer ,ethnischer S\u00e4uberer\u0091, und dem zivilen Widerstand fehlte ein direkter Hebel, um durch eine Verweigerung der Zusammenarbeit Wirkung erzielen zu k\u00f6nnen. Und doch ist durch Gewaltlosigkeit viel erreicht worden.<\/p>\n<p>Howard Clark war als Koordinator der War Resisters\u0092 International (Internationale der KriegsdienstgegnerInnen) w\u00e4hrend der 90er Jahre an Friedensinitiativen im Kosovo beteiligt und Gr\u00fcndungsmitglied des Balkan Peace Team, das f\u00fcr einen Dialog zwischen Serben und Kosovo-Albanern arbeitete.<\/p>\n","protected":false},"excerpt":{"rendered":"<p>Dieses Buch wurde \u00fcbernommen aus dem ehemaligen Verlag <em>Weber, Zucht &amp; Co. <\/em>Mehr dazu:\u00a0<a href=\"https:\/\/www.graswurzel.net\/gwr\/weber-zucht-co-im-verlag-graswurzelrevolution\/\">Weber, Zucht &amp; Co &#8211; Eine W\u00fcrdigung<\/a><\/p>\n","protected":false},"featured_media":16742,"template":"","meta":{"slim_seo":{"title":"Ziviler Widerstand im Kosovo - graswurzelrevolution","description":"Dieses Buch wurde \u00fcbernommen aus dem ehemaligen Verlag Weber, Zucht &amp; Co. Mehr dazu:\u00a0 Weber, Zucht &amp; Co - Eine W\u00fcrdigung"}},"product_brand":[],"product_cat":[921],"product_tag":[],"class_list":{"0":"post-15646","1":"product","2":"type-product","3":"status-publish","4":"has-post-thumbnail","6":"product_cat-wezuco","8":"first","9":"outofstock","10":"taxable","11":"shipping-taxable","12":"purchasable","13":"product-type-simple"},"_links":{"self":[{"href":"https:\/\/www.graswurzel.net\/gwr\/wp-json\/wp\/v2\/product\/15646","targetHints":{"allow":["GET"]}}],"collection":[{"href":"https:\/\/www.graswurzel.net\/gwr\/wp-json\/wp\/v2\/product"}],"about":[{"href":"https:\/\/www.graswurzel.net\/gwr\/wp-json\/wp\/v2\/types\/product"}],"wp:featuredmedia":[{"embeddable":true,"href":"https:\/\/www.graswurzel.net\/gwr\/wp-json\/wp\/v2\/media\/16742"}],"wp:attachment":[{"href":"https:\/\/www.graswurzel.net\/gwr\/wp-json\/wp\/v2\/media?parent=15646"}],"wp:term":[{"taxonomy":"product_brand","embeddable":true,"href":"https:\/\/www.graswurzel.net\/gwr\/wp-json\/wp\/v2\/product_brand?post=15646"},{"taxonomy":"product_cat","embeddable":true,"href":"https:\/\/www.graswurzel.net\/gwr\/wp-json\/wp\/v2\/product_cat?post=15646"},{"taxonomy":"product_tag","embeddable":true,"href":"https:\/\/www.graswurzel.net\/gwr\/wp-json\/wp\/v2\/product_tag?post=15646"}],"curies":[{"name":"wp","href":"https:\/\/api.w.org\/{rel}","templated":true}]}}