{"id":15647,"date":"1996-01-01T17:54:19","date_gmt":"1996-01-01T15:54:19","guid":{"rendered":"http:\/\/test.graswurzel.net\/gwr\/produkt\/das-freundliche-klassenzimmer\/"},"modified":"2022-10-14T18:57:44","modified_gmt":"2022-10-14T16:57:44","slug":"das-freundliche-klassenzimmer","status":"publish","type":"product","link":"https:\/\/www.graswurzel.net\/gwr\/produkt\/das-freundliche-klassenzimmer\/","title":{"rendered":"Das freundliche Klassenzimmer"},"content":{"rendered":"<p>Priscilla Prutzman \/ Lee Stern \/ M. Leonard Burger \/ Gretchen Bodenhamer<br \/>\n<b>Das freundliche Klassenzimmer\u00a0<\/b><br \/>\nGewaltlose Konfliktl\u00f6sung im Schulalltag. Kreative Lebensgestaltung und Probleml\u00f6sungen f\u00fcr Kinder &#8211; Ein Handbuch<\/p>\n<p>Illustriert von Dana McMurray<br \/>\n\u00dcbersetzt von Helga Weber<\/p>\n<p>ISBN: 978-3-88713-046-6<br \/>\nPaperback, 176 S. &#8211; 21 x 14,8 cm, 1996<\/p>\n<p>Das Buch mit dem Konzept f\u00fcr kreativen Umgang der Kinder mit Konflikten, das aus Trainigsprogrammen f\u00fcr gewaltlose Aktion entwickelt wurde, besteht zum gro\u00dfen Teil aus \u00dcbungen zur Kooperation, Gruppenbildung und Konfliktl\u00f6sung. Das Konzept soll vor allem Kindern in der Grundschule helfen, eine Gemeinschaft der offenen Kommunikation zu entwickeln, Verst\u00e4ndnis f\u00fcr die Rolle menschlicher Gef\u00fchle zu vermitteln und sie auszudr\u00fccken. Denn nur so werden sie in der Lage sein, ihre eigenen einmaligen M\u00f6glichkeiten zu erkunden, auf Probleme zu reagieren, Konflikten vorzubeugen oder kreative Konfliktl\u00f6sungen zu finden.<\/p>\n","protected":false},"excerpt":{"rendered":"<p>Dieses Buch wurde \u00fcbernommen aus dem ehemaligen Verlag <em>Weber, Zucht &amp; Co. <\/em>Mehr dazu:\u00a0<a href=\"https:\/\/www.graswurzel.net\/gwr\/weber-zucht-co-im-verlag-graswurzelrevolution\/\">Weber, Zucht &amp; Co &#8211; Eine W\u00fcrdigung<\/a><\/p>\n","protected":false},"featured_media":16744,"template":"","meta":{"slim_seo":{"title":"Das freundliche Klassenzimmer - graswurzelrevolution","description":"Dieses Buch wurde \u00fcbernommen aus dem ehemaligen Verlag Weber, Zucht &amp; Co. Mehr dazu:\u00a0 Weber, Zucht &amp; Co - Eine W\u00fcrdigung"}},"product_brand":[],"product_cat":[921],"product_tag":[],"class_list":{"0":"post-15647","1":"product","2":"type-product","3":"status-publish","4":"has-post-thumbnail","6":"product_cat-wezuco","8":"first","9":"outofstock","10":"taxable","11":"shipping-taxable","12":"purchasable","13":"product-type-simple"},"_links":{"self":[{"href":"https:\/\/www.graswurzel.net\/gwr\/wp-json\/wp\/v2\/product\/15647","targetHints":{"allow":["GET"]}}],"collection":[{"href":"https:\/\/www.graswurzel.net\/gwr\/wp-json\/wp\/v2\/product"}],"about":[{"href":"https:\/\/www.graswurzel.net\/gwr\/wp-json\/wp\/v2\/types\/product"}],"wp:featuredmedia":[{"embeddable":true,"href":"https:\/\/www.graswurzel.net\/gwr\/wp-json\/wp\/v2\/media\/16744"}],"wp:attachment":[{"href":"https:\/\/www.graswurzel.net\/gwr\/wp-json\/wp\/v2\/media?parent=15647"}],"wp:term":[{"taxonomy":"product_brand","embeddable":true,"href":"https:\/\/www.graswurzel.net\/gwr\/wp-json\/wp\/v2\/product_brand?post=15647"},{"taxonomy":"product_cat","embeddable":true,"href":"https:\/\/www.graswurzel.net\/gwr\/wp-json\/wp\/v2\/product_cat?post=15647"},{"taxonomy":"product_tag","embeddable":true,"href":"https:\/\/www.graswurzel.net\/gwr\/wp-json\/wp\/v2\/product_tag?post=15647"}],"curies":[{"name":"wp","href":"https:\/\/api.w.org\/{rel}","templated":true}]}}