{"id":15648,"date":"1989-01-01T17:54:19","date_gmt":"1989-01-01T15:54:19","guid":{"rendered":"http:\/\/test.graswurzel.net\/gwr\/produkt\/clara-wichmann-der-weg-der-befreiung\/"},"modified":"2023-03-10T20:19:35","modified_gmt":"2023-03-10T18:19:35","slug":"clara-wichmann-der-weg-der-befreiung","status":"publish","type":"product","link":"https:\/\/www.graswurzel.net\/gwr\/produkt\/clara-wichmann-der-weg-der-befreiung\/","title":{"rendered":"Clara Wichmann: Der Weg der Befreiung"},"content":{"rendered":"<p>Clara Wichmann<br \/>\n<b>Der Weg der Befreiung\u00a0<\/b><br \/>\nTexte \u00fcber aktive Gewaltlosigkeit 1917-1921<\/p>\n<p>Einf\u00fchrung von Gernot Jochheim<br \/>\nHerausgegeben von Gernot Jochheim<\/p>\n<p>ISBN: 978-3-88713-035-0<br \/>\nPaperback, 77 S., 4 Abb. &#8211; 18,9 x 12,5 cm, 1989<\/p>\n<p>Clara Wichmann (1885-1922), Juristin, Feministin und Revolution\u00e4rin, war die erste Theoretikerin grunds\u00e4tzlicher Gewaltlosigkeit in Europa und deren erste Geschichtsphilosophin noch vor der Rezeption Gandhis in Europa. Gewaltlosigkeit war f\u00fcr sie kein abstraktes Dogma, sondern Bestandteil und Ausdruck eines sozialen Lernprozesses und bedeutete f\u00fcr sie eine qualitativ neue Stufe in der Kulturentwicklung, auf der die Menschheit zu der einzig menschengem\u00e4\u00dfen Form der Konfliktaustragung gelangen w\u00fcrde.<\/p>\n<p>Kulturentwicklung ohne Gewalt auf einer neuen Stufe, soziale Revolution, Gewalt und Gewaltlosigkeit sind die Themen dieser erstaunlichen und viel zu fr\u00fch gestorbenen Frau.<\/p>\n","protected":false},"excerpt":{"rendered":"<p>Dieses Buch wurde \u00fcbernommen aus dem ehemaligen Verlag <em>Weber, Zucht &amp; Co. <\/em>Mehr dazu:\u00a0<a href=\"https:\/\/www.graswurzel.net\/gwr\/weber-zucht-co-im-verlag-graswurzelrevolution\/\">Weber, Zucht &amp; Co &#8211; Eine W\u00fcrdigung<\/a><\/p>\n","protected":false},"featured_media":16749,"template":"","meta":{"slim_seo":{"title":"Clara Wichmann: Der Weg der Befreiung - graswurzelrevolution","description":"Dieses Buch wurde \u00fcbernommen aus dem ehemaligen Verlag Weber, Zucht &amp; Co. Mehr dazu:\u00a0 Weber, Zucht &amp; Co - Eine W\u00fcrdigung"}},"product_brand":[],"product_cat":[921],"product_tag":[],"class_list":{"0":"post-15648","1":"product","2":"type-product","3":"status-publish","4":"has-post-thumbnail","6":"product_cat-wezuco","8":"first","9":"instock","10":"taxable","11":"shipping-taxable","12":"purchasable","13":"product-type-simple"},"_links":{"self":[{"href":"https:\/\/www.graswurzel.net\/gwr\/wp-json\/wp\/v2\/product\/15648","targetHints":{"allow":["GET"]}}],"collection":[{"href":"https:\/\/www.graswurzel.net\/gwr\/wp-json\/wp\/v2\/product"}],"about":[{"href":"https:\/\/www.graswurzel.net\/gwr\/wp-json\/wp\/v2\/types\/product"}],"wp:featuredmedia":[{"embeddable":true,"href":"https:\/\/www.graswurzel.net\/gwr\/wp-json\/wp\/v2\/media\/16749"}],"wp:attachment":[{"href":"https:\/\/www.graswurzel.net\/gwr\/wp-json\/wp\/v2\/media?parent=15648"}],"wp:term":[{"taxonomy":"product_brand","embeddable":true,"href":"https:\/\/www.graswurzel.net\/gwr\/wp-json\/wp\/v2\/product_brand?post=15648"},{"taxonomy":"product_cat","embeddable":true,"href":"https:\/\/www.graswurzel.net\/gwr\/wp-json\/wp\/v2\/product_cat?post=15648"},{"taxonomy":"product_tag","embeddable":true,"href":"https:\/\/www.graswurzel.net\/gwr\/wp-json\/wp\/v2\/product_tag?post=15648"}],"curies":[{"name":"wp","href":"https:\/\/api.w.org\/{rel}","templated":true}]}}