{"id":15656,"date":"1986-01-01T17:54:21","date_gmt":"1986-01-01T15:54:21","guid":{"rendered":"http:\/\/test.graswurzel.net\/gwr\/produkt\/wege-des-ungehorsams-ii\/"},"modified":"2022-10-14T18:46:04","modified_gmt":"2022-10-14T16:46:04","slug":"wege-des-ungehorsams-ii","status":"publish","type":"product","link":"https:\/\/www.graswurzel.net\/gwr\/produkt\/wege-des-ungehorsams-ii\/","title":{"rendered":"Wege des Ungehorsams II"},"content":{"rendered":"<p><b>Wege des Ungehorsams II<\/b><br \/>\nJahrbuch f\u00fcr libert\u00e4re und gewaltfreie Aktion, Politik und Kultur (Band 2)<\/p>\n<p>ISBN: 978-3-88713-012-1<br \/>\nkartoniert, 253 S. 14,8 x 21cm, 1986<\/p>\n<p>Das Buch behandelt Str\u00f6mungen sozialer und politischer Herrschaft und die Gegenstr\u00f6mungen sozialer Bewegungen; Neo-Nazis und die (Un)Wirksamkeit juristischer Mittel; selbstorganisierten Widerstand gegen die Startbahn West; bei\u00dfende Kritik am Auto als Geh\u00e4use der Knechtschaft; die materialistische Gewaltlosigkeitstheorie von Henriette Holst; Gandhis Vorstellungen einer umfassenden Bildung und das Konzept der Selbstregierung; Haymarket Chicago 1886, Anarchismus und Staat im spanischen B\u00fcrgerkrieg. Texte von Louise Michel und Eugen Schmitt zeigen einen kaum mehr bekannten schw\u00e4rmerischen Anarchismus mit dennoch relevanten Z\u00fcgen u.a.m.<\/p>\n","protected":false},"excerpt":{"rendered":"<p>Dieses Buch wurde \u00fcbernommen aus dem ehemaligen Verlag <em>Weber, Zucht &amp; Co. <\/em>Mehr dazu:\u00a0<a href=\"https:\/\/www.graswurzel.net\/gwr\/weber-zucht-co-im-verlag-graswurzelrevolution\/\">Weber, Zucht &amp; Co &#8211; Eine W\u00fcrdigung<\/a><\/p>\n","protected":false},"featured_media":16759,"template":"","meta":{"slim_seo":{"title":"Wege des Ungehorsams II - graswurzelrevolution","description":"Dieses Buch wurde \u00fcbernommen aus dem ehemaligen Verlag Weber, Zucht &amp; Co. Mehr dazu:\u00a0 Weber, Zucht &amp; Co - Eine W\u00fcrdigung"}},"product_brand":[],"product_cat":[921],"product_tag":[],"class_list":{"0":"post-15656","1":"product","2":"type-product","3":"status-publish","4":"has-post-thumbnail","6":"product_cat-wezuco","8":"first","9":"outofstock","10":"taxable","11":"shipping-taxable","12":"purchasable","13":"product-type-simple"},"_links":{"self":[{"href":"https:\/\/www.graswurzel.net\/gwr\/wp-json\/wp\/v2\/product\/15656","targetHints":{"allow":["GET"]}}],"collection":[{"href":"https:\/\/www.graswurzel.net\/gwr\/wp-json\/wp\/v2\/product"}],"about":[{"href":"https:\/\/www.graswurzel.net\/gwr\/wp-json\/wp\/v2\/types\/product"}],"wp:featuredmedia":[{"embeddable":true,"href":"https:\/\/www.graswurzel.net\/gwr\/wp-json\/wp\/v2\/media\/16759"}],"wp:attachment":[{"href":"https:\/\/www.graswurzel.net\/gwr\/wp-json\/wp\/v2\/media?parent=15656"}],"wp:term":[{"taxonomy":"product_brand","embeddable":true,"href":"https:\/\/www.graswurzel.net\/gwr\/wp-json\/wp\/v2\/product_brand?post=15656"},{"taxonomy":"product_cat","embeddable":true,"href":"https:\/\/www.graswurzel.net\/gwr\/wp-json\/wp\/v2\/product_cat?post=15656"},{"taxonomy":"product_tag","embeddable":true,"href":"https:\/\/www.graswurzel.net\/gwr\/wp-json\/wp\/v2\/product_tag?post=15656"}],"curies":[{"name":"wp","href":"https:\/\/api.w.org\/{rel}","templated":true}]}}