{"id":15659,"date":"1983-12-31T17:54:22","date_gmt":"1983-12-31T15:54:22","guid":{"rendered":"http:\/\/test.graswurzel.net\/gwr\/produkt\/direkte-aktion\/"},"modified":"2022-10-14T18:51:10","modified_gmt":"2022-10-14T16:51:10","slug":"direkte-aktion","status":"publish","type":"product","link":"https:\/\/www.graswurzel.net\/gwr\/produkt\/direkte-aktion\/","title":{"rendered":"Direkte Aktion"},"content":{"rendered":"<p>April Carter<br \/>\n<b>Direkte Aktion\u00a0<\/b><br \/>\nLeitfaden f\u00fcr den Gewaltfreien Widerstand<\/p>\n<p>Vorwort von Theodor Ebert<br \/>\n\u00dcbersetzt aus dem Englischen von Michael Schroeren<\/p>\n<p>ISBN: 978-3-88713-025-1<br \/>\nkartoniert, 76 S. &#8211; 10,5 x 16,5 cm, 1983<\/p>\n<p>Eine Einf\u00fchrung in die Theorie und Praxis der gewaltfreien Aktion anhand von internationalen Beispielen und Kriterien, mit denen Strategien \u00fcberpr\u00fcft und weiterentwickelt werden k\u00f6nnen.<\/p>\n","protected":false},"excerpt":{"rendered":"<p>Dieses Buch wurde \u00fcbernommen aus dem ehemaligen Verlag <em>Weber, Zucht &amp; Co. <\/em>Mehr dazu:\u00a0<a href=\"https:\/\/www.graswurzel.net\/gwr\/weber-zucht-co-im-verlag-graswurzelrevolution\/\">Weber, Zucht &amp; Co &#8211; Eine W\u00fcrdigung<\/a><\/p>\n","protected":false},"featured_media":16753,"template":"","meta":{"slim_seo":{"title":"Direkte Aktion - graswurzelrevolution","description":"Dieses Buch wurde \u00fcbernommen aus dem ehemaligen Verlag Weber, Zucht &amp; Co. Mehr dazu:\u00a0 Weber, Zucht &amp; Co - Eine W\u00fcrdigung"}},"product_brand":[],"product_cat":[921],"product_tag":[],"class_list":{"0":"post-15659","1":"product","2":"type-product","3":"status-publish","4":"has-post-thumbnail","6":"product_cat-wezuco","8":"first","9":"outofstock","10":"taxable","11":"shipping-taxable","12":"purchasable","13":"product-type-simple"},"_links":{"self":[{"href":"https:\/\/www.graswurzel.net\/gwr\/wp-json\/wp\/v2\/product\/15659","targetHints":{"allow":["GET"]}}],"collection":[{"href":"https:\/\/www.graswurzel.net\/gwr\/wp-json\/wp\/v2\/product"}],"about":[{"href":"https:\/\/www.graswurzel.net\/gwr\/wp-json\/wp\/v2\/types\/product"}],"wp:featuredmedia":[{"embeddable":true,"href":"https:\/\/www.graswurzel.net\/gwr\/wp-json\/wp\/v2\/media\/16753"}],"wp:attachment":[{"href":"https:\/\/www.graswurzel.net\/gwr\/wp-json\/wp\/v2\/media?parent=15659"}],"wp:term":[{"taxonomy":"product_brand","embeddable":true,"href":"https:\/\/www.graswurzel.net\/gwr\/wp-json\/wp\/v2\/product_brand?post=15659"},{"taxonomy":"product_cat","embeddable":true,"href":"https:\/\/www.graswurzel.net\/gwr\/wp-json\/wp\/v2\/product_cat?post=15659"},{"taxonomy":"product_tag","embeddable":true,"href":"https:\/\/www.graswurzel.net\/gwr\/wp-json\/wp\/v2\/product_tag?post=15659"}],"curies":[{"name":"wp","href":"https:\/\/api.w.org\/{rel}","templated":true}]}}