{"id":15661,"date":"1989-01-01T17:54:22","date_gmt":"1989-01-01T15:54:22","guid":{"rendered":"http:\/\/test.graswurzel.net\/gwr\/produkt\/widerstand-gegen-den-krieg\/"},"modified":"2023-03-10T20:17:44","modified_gmt":"2023-03-10T18:17:44","slug":"widerstand-gegen-den-krieg","status":"publish","type":"product","link":"https:\/\/www.graswurzel.net\/gwr\/produkt\/widerstand-gegen-den-krieg\/","title":{"rendered":"Widerstand gegen den Krieg"},"content":{"rendered":"<p><b>Widerstand gegen den Krieg<\/b><br \/>\nBeitr\u00e4ge zur Geschichte der War Resisters&#8216; International \/ Internationale der KriegsdienstgegnerInnen<\/p>\n<p>Herausgegeben von Wolfram Beyer<\/p>\n<p>ISBN: 978-3-88713-034-3<br \/>\nPaperback, 80 S. &#8211; 21 x 14,8 cm, 1989<\/p>\n<p>Die Geschichte der WRI mit ihren Str\u00f6mungen, Erfolgen und Vers\u00e4umnissen zeigt, dass die WRI die Entwicklung des Pazifismus hin zu Kriegsdienstverweigerung, gewaltloser Aktion und zivilem Ungehorsam entscheidend beeinflusst hat; \u00fcber die Kontroversen der 70er Jahre zum &#8222;Entwurf f\u00fcr ein Manifest f\u00fcr eine gewaltlose Revolution&#8220;, zur Gewaltfrage in den deutschen WRI Sektionen w\u00e4hrend des Vietnamkrieges sowie richtungweisende Dokumente und Erkl\u00e4rungen der WRI.<\/p>\n","protected":false},"excerpt":{"rendered":"<p>Dieses Buch wurde \u00fcbernommen aus dem ehemaligen Verlag <em>Weber, Zucht &amp; Co. <\/em>Mehr dazu:\u00a0<a href=\"https:\/\/www.graswurzel.net\/gwr\/weber-zucht-co-im-verlag-graswurzelrevolution\/\">Weber, Zucht &amp; Co &#8211; Eine W\u00fcrdigung<\/a><\/p>\n","protected":false},"featured_media":16747,"template":"","meta":{"slim_seo":{"title":"Widerstand gegen den Krieg - graswurzelrevolution","description":"Dieses Buch wurde \u00fcbernommen aus dem ehemaligen Verlag Weber, Zucht &amp; Co. Mehr dazu:\u00a0 Weber, Zucht &amp; Co - Eine W\u00fcrdigung"}},"product_brand":[],"product_cat":[921],"product_tag":[],"class_list":{"0":"post-15661","1":"product","2":"type-product","3":"status-publish","4":"has-post-thumbnail","6":"product_cat-wezuco","8":"first","9":"outofstock","10":"taxable","11":"shipping-taxable","12":"purchasable","13":"product-type-simple"},"_links":{"self":[{"href":"https:\/\/www.graswurzel.net\/gwr\/wp-json\/wp\/v2\/product\/15661","targetHints":{"allow":["GET"]}}],"collection":[{"href":"https:\/\/www.graswurzel.net\/gwr\/wp-json\/wp\/v2\/product"}],"about":[{"href":"https:\/\/www.graswurzel.net\/gwr\/wp-json\/wp\/v2\/types\/product"}],"wp:featuredmedia":[{"embeddable":true,"href":"https:\/\/www.graswurzel.net\/gwr\/wp-json\/wp\/v2\/media\/16747"}],"wp:attachment":[{"href":"https:\/\/www.graswurzel.net\/gwr\/wp-json\/wp\/v2\/media?parent=15661"}],"wp:term":[{"taxonomy":"product_brand","embeddable":true,"href":"https:\/\/www.graswurzel.net\/gwr\/wp-json\/wp\/v2\/product_brand?post=15661"},{"taxonomy":"product_cat","embeddable":true,"href":"https:\/\/www.graswurzel.net\/gwr\/wp-json\/wp\/v2\/product_cat?post=15661"},{"taxonomy":"product_tag","embeddable":true,"href":"https:\/\/www.graswurzel.net\/gwr\/wp-json\/wp\/v2\/product_tag?post=15661"}],"curies":[{"name":"wp","href":"https:\/\/api.w.org\/{rel}","templated":true}]}}