{"id":15662,"date":"1980-12-31T17:54:22","date_gmt":"1980-12-31T15:54:22","guid":{"rendered":"http:\/\/test.graswurzel.net\/gwr\/produkt\/zwischen-gorleben-stadtleben\/"},"modified":"2022-10-14T18:49:34","modified_gmt":"2022-10-14T16:49:34","slug":"zwischen-gorleben-stadtleben","status":"publish","type":"product","link":"https:\/\/www.graswurzel.net\/gwr\/produkt\/zwischen-gorleben-stadtleben\/","title":{"rendered":"Zwischen Gorleben &amp; Stadtleben"},"content":{"rendered":"<p>Dieter Halbach \/ Gerd Panzer<br \/>\n<b>Zwischen Gorleben &amp; Stadtleben<\/b><br \/>\nErfahrungen aus drei Jahren Widerstand im Wendland und in dezentralen Aktionen<\/p>\n<p>ISBN: 978-3-88713-029-9<br \/>\nkartoniert, 192 S. &#8211; 14,7 x 20,9 cm, 1980<\/p>\n<p>\u00dcber Widerstandsaktionen gegen die Endlagerung von abgebrannten Kernbrennstoffen bei Gorleben mit dem H\u00f6hepunkt der Republik Freies Wendland mit den M\u00f6glichkeiten gewaltfreier und dezentraler Organisationsformen f\u00fcr \u00f6kologischen Widerstand jenseits rechtsstaatlicher Normen.<\/p>\n","protected":false},"excerpt":{"rendered":"<p>Dieses Buch wurde \u00fcbernommen aus dem ehemaligen Verlag <em>Weber, Zucht &amp; Co. <\/em>Mehr dazu:\u00a0<a href=\"https:\/\/www.graswurzel.net\/gwr\/weber-zucht-co-im-verlag-graswurzelrevolution\/\">Weber, Zucht &amp; Co &#8211; Eine W\u00fcrdigung<\/a><\/p>\n","protected":false},"featured_media":16757,"template":"","meta":{"slim_seo":{"title":"Zwischen Gorleben &amp; Stadtleben - graswurzelrevolution","description":"Dieses Buch wurde \u00fcbernommen aus dem ehemaligen Verlag Weber, Zucht &amp; Co. Mehr dazu:\u00a0 Weber, Zucht &amp; Co - Eine W\u00fcrdigung"}},"product_brand":[],"product_cat":[921],"product_tag":[],"class_list":{"0":"post-15662","1":"product","2":"type-product","3":"status-publish","4":"has-post-thumbnail","6":"product_cat-wezuco","8":"first","9":"outofstock","10":"taxable","11":"shipping-taxable","12":"purchasable","13":"product-type-simple"},"_links":{"self":[{"href":"https:\/\/www.graswurzel.net\/gwr\/wp-json\/wp\/v2\/product\/15662","targetHints":{"allow":["GET"]}}],"collection":[{"href":"https:\/\/www.graswurzel.net\/gwr\/wp-json\/wp\/v2\/product"}],"about":[{"href":"https:\/\/www.graswurzel.net\/gwr\/wp-json\/wp\/v2\/types\/product"}],"wp:featuredmedia":[{"embeddable":true,"href":"https:\/\/www.graswurzel.net\/gwr\/wp-json\/wp\/v2\/media\/16757"}],"wp:attachment":[{"href":"https:\/\/www.graswurzel.net\/gwr\/wp-json\/wp\/v2\/media?parent=15662"}],"wp:term":[{"taxonomy":"product_brand","embeddable":true,"href":"https:\/\/www.graswurzel.net\/gwr\/wp-json\/wp\/v2\/product_brand?post=15662"},{"taxonomy":"product_cat","embeddable":true,"href":"https:\/\/www.graswurzel.net\/gwr\/wp-json\/wp\/v2\/product_cat?post=15662"},{"taxonomy":"product_tag","embeddable":true,"href":"https:\/\/www.graswurzel.net\/gwr\/wp-json\/wp\/v2\/product_tag?post=15662"}],"curies":[{"name":"wp","href":"https:\/\/api.w.org\/{rel}","templated":true}]}}