{"id":15665,"date":"2014-10-27T17:54:23","date_gmt":"2014-10-27T15:54:23","guid":{"rendered":"http:\/\/test.graswurzel.net\/gwr\/produkt\/alles-veraendert-sich-wenn-wir-es-veraendern\/"},"modified":"2018-08-08T19:01:57","modified_gmt":"2018-08-08T17:01:57","slug":"alles-veraendert-sich-wenn-wir-es-veraendern","status":"publish","type":"product","link":"https:\/\/www.graswurzel.net\/gwr\/produkt\/alles-veraendert-sich-wenn-wir-es-veraendern\/","title":{"rendered":"Alles ver\u00e4ndert sich, wenn wir es ver\u00e4ndern"},"content":{"rendered":"<p>Buchgruppe Offene Arbeit (Hrsg.)<br \/>\n<b>Alles ver\u00e4ndert sich, wenn wir es ver\u00e4ndern\u00a0<\/b><br \/>\nDie Offene Arbeit Erfurt im Wandel der Zeiten (1979-2014)<\/p>\n<p>242 Seiten, 16,90 Euro<br \/>\nISBN 978-3-939045-24-3<br \/>\n75 Abbildungen<\/p>\n<p>Die Offene Arbeit Erfurt ist eine der Gruppen, in denen sich in der DDR Menschen zusammengeschlossen haben, die mit viel pers\u00f6nlichem Einsatz gegen die Herrschaft der SED eingetreten sind. Allerdings mussten sie feststellen, dass viele der im Umbruch angesto\u00dfenen gesellschaftlichen Ver\u00e4nderungsprozesse im Oktober 1990 ihr vorl\u00e4ufiges Ende fanden.<\/p>\n<p>Vor diesem Hintergrund entstand das erste Buch der Offenen Arbeit: <i>Offene Arbeit &#8211; Selbstausk\u00fcnfte. Ich wollt&#8216; die Hoffnung st\u00fcrbe nie<\/i>. Im Vorwort hie\u00df es: &#8222;Es ist unser Anliegen, mit diesem Buch Menschen zum aufrechten Gang zu ermutigen.&#8220;<\/p>\n<p>Mehr als 20 Jahre sp\u00e4ter greift die vorliegende Ver\u00f6ffentlichung die offenen Fragen, die sich aus dieser Perspektive ergeben, auf: Was bedeutet Offene Arbeit im Wandel der Zeiten? Was ist von den Zielen und Ideen der Friedens- und Umweltgruppen in der DDR geblieben? Welche Wege sind unter den ver\u00e4nderten gesellschaftlichen Rahmenbedingungen zu gehen, um diese Ziele und Ideen weiterzuverfolgen?<\/p>\n<p>Das Buch n\u00e4hert sich diesen Fragen mit vielf\u00e4ltigen Ans\u00e4tzen und Perspektiven: analytisch, historisch und in Anekdoten, aus der Innen- und Au\u00dfensicht, mit Fotos und Originaldokumenten, in Sachtexten, Interviews und biografischen Texten.<\/p>\n","protected":false},"excerpt":{"rendered":"<p>Buchgruppe Offene Arbeit (Hrsg.) Alles ver\u00e4ndert sich, wenn wir es ver\u00e4ndern\u00a0 Die Offene Arbeit Erfurt im Wandel der Zeiten (1979-2014) 242 Seiten, 16,90 Euro ISBN 978-3-939045-24-3 75 Abbildungen Die Offene Arbeit Erfurt ist eine der Gruppen, in denen sich in der DDR Menschen zusammengeschlossen haben, die mit viel pers\u00f6nlichem Einsatz gegen die Herrschaft der SED &hellip; <a href=\"https:\/\/www.graswurzel.net\/gwr\/produkt\/alles-veraendert-sich-wenn-wir-es-veraendern\/\">Weiterlesen<\/a><\/p>\n","protected":false},"featured_media":16724,"template":"","meta":{"slim_seo":{"title":"Alles ver\u00e4ndert sich, wenn wir es ver\u00e4ndern - graswurzelrevolution","description":"Buchgruppe Offene Arbeit (Hrsg.) Alles ver\u00e4ndert sich, wenn wir es ver\u00e4ndern\u00a0 Die Offene Arbeit Erfurt im Wandel der Zeiten (1979-2014) 242 Seiten, 16,90 Euro I"}},"product_brand":[],"product_cat":[923],"product_tag":[],"class_list":{"0":"post-15665","1":"product","2":"type-product","3":"status-publish","4":"has-post-thumbnail","6":"product_cat-buchverlag","8":"first","9":"instock","10":"taxable","11":"shipping-taxable","12":"purchasable","13":"product-type-simple"},"_links":{"self":[{"href":"https:\/\/www.graswurzel.net\/gwr\/wp-json\/wp\/v2\/product\/15665","targetHints":{"allow":["GET"]}}],"collection":[{"href":"https:\/\/www.graswurzel.net\/gwr\/wp-json\/wp\/v2\/product"}],"about":[{"href":"https:\/\/www.graswurzel.net\/gwr\/wp-json\/wp\/v2\/types\/product"}],"wp:featuredmedia":[{"embeddable":true,"href":"https:\/\/www.graswurzel.net\/gwr\/wp-json\/wp\/v2\/media\/16724"}],"wp:attachment":[{"href":"https:\/\/www.graswurzel.net\/gwr\/wp-json\/wp\/v2\/media?parent=15665"}],"wp:term":[{"taxonomy":"product_brand","embeddable":true,"href":"https:\/\/www.graswurzel.net\/gwr\/wp-json\/wp\/v2\/product_brand?post=15665"},{"taxonomy":"product_cat","embeddable":true,"href":"https:\/\/www.graswurzel.net\/gwr\/wp-json\/wp\/v2\/product_cat?post=15665"},{"taxonomy":"product_tag","embeddable":true,"href":"https:\/\/www.graswurzel.net\/gwr\/wp-json\/wp\/v2\/product_tag?post=15665"}],"curies":[{"name":"wp","href":"https:\/\/api.w.org\/{rel}","templated":true}]}}