{"id":15666,"date":"2014-03-01T17:54:23","date_gmt":"2014-03-01T15:54:23","guid":{"rendered":"http:\/\/test.graswurzel.net\/gwr\/produkt\/kommen-sie-da-runter\/"},"modified":"2018-08-08T19:02:21","modified_gmt":"2018-08-08T17:02:21","slug":"kommen-sie-da-runter","status":"publish","type":"product","link":"https:\/\/www.graswurzel.net\/gwr\/produkt\/kommen-sie-da-runter\/","title":{"rendered":"\u201eKommen Sie da runter!\u201c"},"content":{"rendered":"<p>C\u00e9cile Lecomte<br \/>\n<strong>&#8222;Kommen Sie da runter!&#8220;\u00a0<\/strong><br \/>\nKurzgeschichten und Texte aus dem politischen Alltag einer Kletterk\u00fcnstlerin<\/p>\n<p>189 Seiten, 25 Abbildungen<br \/>\n16,90 Euro<br \/>\nISBN 978-3-939045-23-6<\/p>\n<p>&#8222;Kommen Sie da runter!&#8220; &#8211; das ist der Satz, den C\u00e9cile Lecomte, auch als das &#8222;Eichh\u00f6rnchen&#8220; bekannt, bei ihren Aktionen von der Polizei am h\u00e4ufigsten h\u00f6rt. Er zeigt die Verwirrung und Ohnmacht der &#8222;Ordnungsh\u00fcter&#8220;, wenn sie ihnen auf der Nase herumtanzt. Sie hat in unz\u00e4hligen Kletteraktionen \u00fcber den Gleisen der Atomtransporte, bei \u00f6kologischen und antimilitaristischen Kampagnen zusammen mit anderen eine dritte Dimension in das Repertoire der gewaltfreien Aktionsformen eingef\u00fchrt: die Vertikale. Ihre Aktionen sind nicht nur spektakul\u00e4r, sondern auch wirkungsvoll: lange Bau- oder Transportbehinderungen sind oft die Folge.<\/p>\n<p>Der Staat und seine Repressionsorgane haben sie ins Visier genommen und an ihr ganz neue und willk\u00fcrliche Formen der Freiheitsbeschr\u00e4nkung vorexerziert: die Ausweitung der pr\u00e4ventiven Ingewahrsamnahme, \u00fcberst\u00fcrzte, den Tod der Aktivistin in Kauf nehmende R\u00e4umungsaktionen von kletterunkundigen PolizistInnen, frei erfundene Anklagen wegen Widerstands gegen die Staatsgewalt, absurde Gerichtsverfahren, \u00dcberwachung, Knast.<\/p>\n<p>Doch C\u00e9cile Lecomte konnten sie nicht brechen: Sie kletterte in Gerichtss\u00e4len die W\u00e4nde hoch und an den Fassaden von Justizgeb\u00e4uden und Knastinnenh\u00f6fen empor! Sie hat in all den Jahren als Aktivistin viel erlebt. Davon erz\u00e4hlen die Kurzgeschichten (inklusive Tipps f\u00fcr Gerichtsverfahren), die mit zahlreichen Fotos illustriert sind. Die Texte sind mal fr\u00f6hlich und mal ernst geschrieben und zeigen, dass Widerstand eine Frage unbegrenzter Phantasie sein kann.<\/p>\n<p>Die beiliegende 30-min\u00fctige DVD zeigt das &#8222;Eichh\u00f6rnchen&#8220; in Aktion und im Gespr\u00e4ch.<\/p>\n<h3><\/h3>\n<h3><\/h3>\n","protected":false},"excerpt":{"rendered":"<p>C\u00e9cile Lecomte &#8222;Kommen Sie da runter!&#8220;\u00a0 Kurzgeschichten und Texte aus dem politischen Alltag einer Kletterk\u00fcnstlerin 189 Seiten, 25 Abbildungen 16,90 Euro ISBN 978-3-939045-23-6 &#8222;Kommen Sie da runter!&#8220; &#8211; das ist der Satz, den C\u00e9cile Lecomte, auch als das &#8222;Eichh\u00f6rnchen&#8220; bekannt, bei ihren Aktionen von der Polizei am h\u00e4ufigsten h\u00f6rt. Er zeigt die Verwirrung und Ohnmacht &hellip; <a href=\"https:\/\/www.graswurzel.net\/gwr\/produkt\/kommen-sie-da-runter\/\">Weiterlesen<\/a><\/p>\n","protected":false},"featured_media":16727,"template":"","meta":{"slim_seo":{"title":"\u201eKommen Sie da runter!\u201c - graswurzelrevolution","description":"C\u00e9cile Lecomte \"Kommen Sie da runter!\"\u00a0 Kurzgeschichten und Texte aus dem politischen Alltag einer Kletterk\u00fcnstlerin 189 Seiten, 25 Abbildungen 16,90 Euro ISBN"}},"product_brand":[],"product_cat":[923],"product_tag":[],"class_list":{"0":"post-15666","1":"product","2":"type-product","3":"status-publish","4":"has-post-thumbnail","6":"product_cat-buchverlag","8":"first","9":"instock","10":"taxable","11":"shipping-taxable","12":"purchasable","13":"product-type-simple"},"_links":{"self":[{"href":"https:\/\/www.graswurzel.net\/gwr\/wp-json\/wp\/v2\/product\/15666","targetHints":{"allow":["GET"]}}],"collection":[{"href":"https:\/\/www.graswurzel.net\/gwr\/wp-json\/wp\/v2\/product"}],"about":[{"href":"https:\/\/www.graswurzel.net\/gwr\/wp-json\/wp\/v2\/types\/product"}],"wp:featuredmedia":[{"embeddable":true,"href":"https:\/\/www.graswurzel.net\/gwr\/wp-json\/wp\/v2\/media\/16727"}],"wp:attachment":[{"href":"https:\/\/www.graswurzel.net\/gwr\/wp-json\/wp\/v2\/media?parent=15666"}],"wp:term":[{"taxonomy":"product_brand","embeddable":true,"href":"https:\/\/www.graswurzel.net\/gwr\/wp-json\/wp\/v2\/product_brand?post=15666"},{"taxonomy":"product_cat","embeddable":true,"href":"https:\/\/www.graswurzel.net\/gwr\/wp-json\/wp\/v2\/product_cat?post=15666"},{"taxonomy":"product_tag","embeddable":true,"href":"https:\/\/www.graswurzel.net\/gwr\/wp-json\/wp\/v2\/product_tag?post=15666"}],"curies":[{"name":"wp","href":"https:\/\/api.w.org\/{rel}","templated":true}]}}