{"id":15667,"date":"2013-11-03T17:54:24","date_gmt":"2013-11-03T15:54:24","guid":{"rendered":"http:\/\/test.graswurzel.net\/gwr\/produkt\/deutsche-antifaschistinnen-in-barcelona-1933-1939\/"},"modified":"2018-08-08T19:02:43","modified_gmt":"2018-08-08T17:02:43","slug":"deutsche-antifaschistinnen-in-barcelona-1933-1939","status":"publish","type":"product","link":"https:\/\/www.graswurzel.net\/gwr\/produkt\/deutsche-antifaschistinnen-in-barcelona-1933-1939\/","title":{"rendered":"Deutsche AntifaschistInnen in Barcelona (1933-1939)"},"content":{"rendered":"<p>Dieter Nelles, Ulrich Linse, Harald Piotrowski, Carlos Garc\u00eda<br \/>\n<b>Deutsche AntifaschistInnen in Barcelona (1933-1939)<\/b><br \/>\nDie Gruppe &#8222;Deutsche Anarchosyndikalisten&#8220; (DAS)<\/p>\n<p>425 Seiten, 24,90 EUR<br \/>\nISBN 978-3-939045-22-9<\/p>\n<p>Am 19. Juli 1936 trat eine kleine Gruppe deutscher EmigrantInnen in Barcelona ins Rampenlicht der politischen \u00d6ffentlichkeit. An der Seite ihrer spanischen GenossInnen k\u00e4mpften Mitglieder der Gruppe &#8222;Deutsche Anarchosyndikalisten im Ausland&#8220; (DAS) gegen deutsche Nationalsozialisten, die sich den putschenden Milit\u00e4rs unter General Franco angeschlossen hatten. Beim Sturm auf den Deutschen Klub erbeutete die DAS Dokumente, die belegten, dass die gut organisierte Auslandsorganisation der NSDAP in Spanien GegnerInnen des NS-Regimes \u00fcberwachte und einsch\u00fcchterte sowie Einfluss nahm auf die spanische Innenpolitik. Die Aktivit\u00e4ten der DAS und der deutschen Freiwilligen, die in anarchistischen Milizen k\u00e4mpften, stehen im Zentrum dieser Arbeit. Das Buch hat einen dreifachen Bezug: Es ist ein Beitrag zum deutschen Exil in Spanien und des Engagements deutscher Freiwilliger im spanischen B\u00fcrgerkrieg, ein Beitrag zur Geschichte des internationalen Anarchosyndikalismus in der Zwischenkriegszeit und ein Beitrag zur Geschichte der spanischen Revolution.<\/p>\n<h3><\/h3>\n","protected":false},"excerpt":{"rendered":"<p>Dieter Nelles, Ulrich Linse, Harald Piotrowski, Carlos Garc\u00eda Deutsche AntifaschistInnen in Barcelona (1933-1939) Die Gruppe &#8222;Deutsche Anarchosyndikalisten&#8220; (DAS) 425 Seiten, 24,90 EUR ISBN 978-3-939045-22-9 Am 19. Juli 1936 trat eine kleine Gruppe deutscher EmigrantInnen in Barcelona ins Rampenlicht der politischen \u00d6ffentlichkeit. An der Seite ihrer spanischen GenossInnen k\u00e4mpften Mitglieder der Gruppe &#8222;Deutsche Anarchosyndikalisten im Ausland&#8220; &hellip; <a href=\"https:\/\/www.graswurzel.net\/gwr\/produkt\/deutsche-antifaschistinnen-in-barcelona-1933-1939\/\">Weiterlesen<\/a><\/p>\n","protected":false},"featured_media":16725,"template":"","meta":{"slim_seo":{"title":"Deutsche AntifaschistInnen in Barcelona (1933-1939) - graswurzelrevolution","description":"Dieter Nelles, Ulrich Linse, Harald Piotrowski, Carlos Garc\u00eda Deutsche AntifaschistInnen in Barcelona (1933-1939) Die Gruppe \"Deutsche Anarchosyndikalisten\" (DA"}},"product_brand":[],"product_cat":[923],"product_tag":[991],"class_list":{"0":"post-15667","1":"product","2":"type-product","3":"status-publish","4":"has-post-thumbnail","6":"product_cat-buchverlag","7":"product_tag-spanische-revolution","9":"first","10":"instock","11":"taxable","12":"shipping-taxable","13":"purchasable","14":"product-type-simple"},"_links":{"self":[{"href":"https:\/\/www.graswurzel.net\/gwr\/wp-json\/wp\/v2\/product\/15667","targetHints":{"allow":["GET"]}}],"collection":[{"href":"https:\/\/www.graswurzel.net\/gwr\/wp-json\/wp\/v2\/product"}],"about":[{"href":"https:\/\/www.graswurzel.net\/gwr\/wp-json\/wp\/v2\/types\/product"}],"wp:featuredmedia":[{"embeddable":true,"href":"https:\/\/www.graswurzel.net\/gwr\/wp-json\/wp\/v2\/media\/16725"}],"wp:attachment":[{"href":"https:\/\/www.graswurzel.net\/gwr\/wp-json\/wp\/v2\/media?parent=15667"}],"wp:term":[{"taxonomy":"product_brand","embeddable":true,"href":"https:\/\/www.graswurzel.net\/gwr\/wp-json\/wp\/v2\/product_brand?post=15667"},{"taxonomy":"product_cat","embeddable":true,"href":"https:\/\/www.graswurzel.net\/gwr\/wp-json\/wp\/v2\/product_cat?post=15667"},{"taxonomy":"product_tag","embeddable":true,"href":"https:\/\/www.graswurzel.net\/gwr\/wp-json\/wp\/v2\/product_tag?post=15667"}],"curies":[{"name":"wp","href":"https:\/\/api.w.org\/{rel}","templated":true}]}}