{"id":15669,"date":"1982-01-01T17:54:24","date_gmt":"1982-01-01T15:54:24","guid":{"rendered":"http:\/\/test.graswurzel.net\/gwr\/produkt\/larzac-1971-1981\/"},"modified":"2024-02-12T14:32:34","modified_gmt":"2024-02-12T12:32:34","slug":"larzac-1971-1981","status":"publish","type":"product","link":"https:\/\/www.graswurzel.net\/gwr\/produkt\/larzac-1971-1981\/","title":{"rendered":"Larzac 1971-1981"},"content":{"rendered":"<p>Wolfgang Hertle<br \/>\n<b>Larzac 1971-1981<\/b><br \/>\nDer gewaltfreie Widerstand gegen die Erweiterung eines Trupen\u00fcbungsplatzes in S\u00fcd-Frankreich<\/p>\n<p>ISBN: 978-3-88713-001-5<br \/>\nkartoniert, 282 S. &#8211; 14,8 x 21 cm, 1982<\/p>\n<p>Hertle berichtet \u00fcber und analysiert den Kampf in seinen politischen und sozialen Entwicklungen: Ein erfolgreicher Kampf, mit Hartn\u00e4ckigkeit, Ausdauer und Lemprozessen der betroffenen Bauern von staatstreuen B\u00fcrgern zu selbst organisiertem Widerstand gegen Milit\u00e4r und Staat; B\u00fcndnisse der Bauern mit anderen politischen Gruppen, Mobilisierungen zu landesweiten Aktionen und zivilem Ungehorsam, der Larzac als internationaler Treffpunkt k\u00e4mpfender Minderheiten und der Aufbau von Kooperativen.<\/p>\n","protected":false},"excerpt":{"rendered":"<p>Dieses Buch wurde \u00fcbernommen aus dem ehemaligen Verlag <em>Weber, Zucht &amp; Co. <\/em>Mehr dazu:\u00a0<a href=\"https:\/\/www.graswurzel.net\/gwr\/weber-zucht-co-im-verlag-graswurzelrevolution\/\">Weber, Zucht &amp; Co &#8211; Eine W\u00fcrdigung<\/a><\/p>\n","protected":false},"featured_media":16755,"template":"","meta":{"slim_seo":{"title":"Larzac 1971-1981 - graswurzelrevolution","description":"Dieses Buch wurde \u00fcbernommen aus dem ehemaligen Verlag Weber, Zucht &amp; Co. Mehr dazu:\u00a0 Weber, Zucht &amp; Co - Eine W\u00fcrdigung"}},"product_brand":[],"product_cat":[921],"product_tag":[],"class_list":{"0":"post-15669","1":"product","2":"type-product","3":"status-publish","4":"has-post-thumbnail","6":"product_cat-wezuco","8":"first","9":"outofstock","10":"taxable","11":"shipping-taxable","12":"purchasable","13":"product-type-simple"},"_links":{"self":[{"href":"https:\/\/www.graswurzel.net\/gwr\/wp-json\/wp\/v2\/product\/15669","targetHints":{"allow":["GET"]}}],"collection":[{"href":"https:\/\/www.graswurzel.net\/gwr\/wp-json\/wp\/v2\/product"}],"about":[{"href":"https:\/\/www.graswurzel.net\/gwr\/wp-json\/wp\/v2\/types\/product"}],"wp:featuredmedia":[{"embeddable":true,"href":"https:\/\/www.graswurzel.net\/gwr\/wp-json\/wp\/v2\/media\/16755"}],"wp:attachment":[{"href":"https:\/\/www.graswurzel.net\/gwr\/wp-json\/wp\/v2\/media?parent=15669"}],"wp:term":[{"taxonomy":"product_brand","embeddable":true,"href":"https:\/\/www.graswurzel.net\/gwr\/wp-json\/wp\/v2\/product_brand?post=15669"},{"taxonomy":"product_cat","embeddable":true,"href":"https:\/\/www.graswurzel.net\/gwr\/wp-json\/wp\/v2\/product_cat?post=15669"},{"taxonomy":"product_tag","embeddable":true,"href":"https:\/\/www.graswurzel.net\/gwr\/wp-json\/wp\/v2\/product_tag?post=15669"}],"curies":[{"name":"wp","href":"https:\/\/api.w.org\/{rel}","templated":true}]}}