{"id":15670,"date":"2000-01-01T17:54:25","date_gmt":"2000-01-01T15:54:25","guid":{"rendered":"http:\/\/test.graswurzel.net\/gwr\/produkt\/das-andere-indien\/"},"modified":"2018-08-08T19:14:40","modified_gmt":"2018-08-08T17:14:40","slug":"das-andere-indien","status":"publish","type":"product","link":"https:\/\/www.graswurzel.net\/gwr\/produkt\/das-andere-indien\/","title":{"rendered":"Das andere Indien"},"content":{"rendered":"<p>Graswurzelrevolution (Hg.)<br \/>\n<b>Das andere Indien<\/b><br \/>\nAnarchismus, Frauenbewegung, Gewaltfreiheit, \u00d6kologie<\/p>\n<p>244 Seiten<br \/>\nISBN 3-9806353-2-5<\/p>\n<p>Indien: SoftwarespezialistInnen und unbeschreibliche Armut. Die g\u00e4ngigen Klischees &#8211; sie k\u00f6nnten kaum gegens\u00e4tzlicher sein &#8211; verstellen den Blick auf die komplexe indische Realit\u00e4t im Zeitalter der Globalisierung. Das \u00bbandere Indien\u00ab, das ist die dominante autorit\u00e4re Tradition, die als Hindu-Nationalismus gegenw\u00e4rtig politisch erfolgreich ist. Das sind aber auch antiautorit\u00e4re Bewegungen, z.B. der Frauen und Adivasis gegen Unterdr\u00fcckung und Umweltzerst\u00f6rungen, die in diesem Buch vorgestellt werden. Die in Indien gef\u00fchrten Gespr\u00e4che und die Beitr\u00e4ge zeigen, da\u00df libert\u00e4re Ideen und gewaltfreie Kampfformen zunehmend von indischen sozialen Bewegungen aufgegriffen werden. Radikale Oppositionelle entdecken anarchistische Theoretiker wie Kropotkin. Und ganz selbstverst\u00e4ndlich lautet die Forderung der Frauen auf dem Lande, die weder lesen noch schreiben k\u00f6nnen: \u00bbDas Land denen, die es bebauen!\u00ab, das klassische anarchistische Ziel. Die vielf\u00e4ltigen lokalen sozialen Bewegungen entwickeln libert\u00e4re Tendenzen und begr\u00fcnden damit eine Hoffnung gegen die Folgen der Globalisierung: die Hoffnung auf ein \u00bbanderes Indien\u00ab.<\/p>\n","protected":false},"excerpt":{"rendered":"<p>Graswurzelrevolution (Hg.) Das andere Indien Anarchismus, Frauenbewegung, Gewaltfreiheit, \u00d6kologie 244 Seiten ISBN 3-9806353-2-5 Indien: SoftwarespezialistInnen und unbeschreibliche Armut. Die g\u00e4ngigen Klischees &#8211; sie k\u00f6nnten kaum gegens\u00e4tzlicher sein &#8211; verstellen den Blick auf die komplexe indische Realit\u00e4t im Zeitalter der Globalisierung. Das \u00bbandere Indien\u00ab, das ist die dominante autorit\u00e4re Tradition, die als Hindu-Nationalismus gegenw\u00e4rtig politisch erfolgreich &hellip; <a href=\"https:\/\/www.graswurzel.net\/gwr\/produkt\/das-andere-indien\/\">Weiterlesen<\/a><\/p>\n","protected":false},"featured_media":0,"template":"","meta":{"slim_seo":{"title":"Das andere Indien - graswurzelrevolution","description":"Graswurzelrevolution (Hg.) Das andere Indien Anarchismus, Frauenbewegung, Gewaltfreiheit, \u00d6kologie 244 Seiten ISBN 3-9806353-2-5 Indien: SoftwarespezialistInnen"}},"product_brand":[],"product_cat":[923],"product_tag":[697],"class_list":{"0":"post-15670","1":"product","2":"type-product","3":"status-publish","5":"product_cat-buchverlag","6":"product_tag-indien-2","8":"first","9":"outofstock","10":"taxable","11":"shipping-taxable","12":"purchasable","13":"product-type-simple"},"_links":{"self":[{"href":"https:\/\/www.graswurzel.net\/gwr\/wp-json\/wp\/v2\/product\/15670","targetHints":{"allow":["GET"]}}],"collection":[{"href":"https:\/\/www.graswurzel.net\/gwr\/wp-json\/wp\/v2\/product"}],"about":[{"href":"https:\/\/www.graswurzel.net\/gwr\/wp-json\/wp\/v2\/types\/product"}],"wp:attachment":[{"href":"https:\/\/www.graswurzel.net\/gwr\/wp-json\/wp\/v2\/media?parent=15670"}],"wp:term":[{"taxonomy":"product_brand","embeddable":true,"href":"https:\/\/www.graswurzel.net\/gwr\/wp-json\/wp\/v2\/product_brand?post=15670"},{"taxonomy":"product_cat","embeddable":true,"href":"https:\/\/www.graswurzel.net\/gwr\/wp-json\/wp\/v2\/product_cat?post=15670"},{"taxonomy":"product_tag","embeddable":true,"href":"https:\/\/www.graswurzel.net\/gwr\/wp-json\/wp\/v2\/product_tag?post=15670"}],"curies":[{"name":"wp","href":"https:\/\/api.w.org\/{rel}","templated":true}]}}