{"id":15672,"date":"2002-10-01T17:54:27","date_gmt":"2002-10-01T15:54:27","guid":{"rendered":"http:\/\/test.graswurzel.net\/gwr\/produkt\/der-11-september-und-die-neuen-kriege\/"},"modified":"2018-08-16T20:01:57","modified_gmt":"2018-08-16T18:01:57","slug":"der-11-september-und-die-neuen-kriege","status":"publish","type":"product","link":"https:\/\/www.graswurzel.net\/gwr\/produkt\/der-11-september-und-die-neuen-kriege\/","title":{"rendered":"Der 11. September und die neuen Kriege"},"content":{"rendered":"<p>Lou Marin<br \/>\n<b>Der 11. September und die neuen Kriege<\/b><br \/>\nVon der Bewegung gegen neoliberale Globalisierung zu einer weltweiten Antikriegsbewegung?<\/p>\n<p>52 Seiten<br \/>\nISBN 3-9806353-4-1<\/p>\n<p>&#8222;Nichts wird mehr so sein, wie es war.&#8220; &#8211; wurde nach den Terroranschl\u00e4gen vom 11. September immer wieder behauptet. Nach einem Jahr stellen wir fest: alles ist so geblieben wie es war. Die Antwort der herausgeforderten Staatsgewalt k\u00f6nnte nicht klassischer sein: Krieg!<\/p>\n<p>Die Bomben, die im &#8222;Krieg gegen den Terror&#8220; abgeworfen wurden, trafen nicht zuletzt die afghanische Landbev\u00f6lkerung. Opfer z\u00e4hlen aber offensichtlich nur in der kapitalistischen Gesellschaft.<\/p>\n<p>Lou Marin macht in diesem Buch deutlich:<\/p>\n<ul>\n<li>Das Prinzip der Vergeltung, das die Herrschenden f\u00fcr sich in Anspruch nehmen ist barbarisch.<\/li>\n<li>Motiv f\u00fcr den &#8222;Krieg gegen den Terror&#8220; ist in erster Linie die US-Kontrolle \u00fcber die innerasiatischen \u00d6lreserven s\u00fcdlich von Ru\u00dfland.<\/li>\n<li>Die neuen bundesrepublikanischen Sicherheitsgesetze sind notwendig f\u00fcr das neoliberale Krisenmanagement angesichts der deutschen Beteiligung an den Kriegen der Zukunft.<\/li>\n<\/ul>\n<p>Lou Marin zeigt aber auch, da\u00df die Opfer der kapitalistischen Globalisierung auf eine andere Weise widerstehen und den Terror nicht n\u00f6tig haben. Die neue weltweite Widerstandsbewegung k\u00f6nnte in der Lage sein, eine Antikriegsbewegung zu werden und den Kriegs- und Herrschaftsbestrebungen der westlichen Staaten eine transnationale, gewaltfreie und libert\u00e4re Alternative entgegen zu setzen.<\/p>\n","protected":false},"excerpt":{"rendered":"<p>Lou Marin Der 11. September und die neuen Kriege Von der Bewegung gegen neoliberale Globalisierung zu einer weltweiten Antikriegsbewegung? 52 Seiten ISBN 3-9806353-4-1 &#8222;Nichts wird mehr so sein, wie es war.&#8220; &#8211; wurde nach den Terroranschl\u00e4gen vom 11. September immer wieder behauptet. Nach einem Jahr stellen wir fest: alles ist so geblieben wie es war. &hellip; <a href=\"https:\/\/www.graswurzel.net\/gwr\/produkt\/der-11-september-und-die-neuen-kriege\/\">Weiterlesen<\/a><\/p>\n","protected":false},"featured_media":16937,"template":"","meta":{"slim_seo":{"title":"Der 11. September und die neuen Kriege - graswurzelrevolution","description":"Lou Marin Der 11. September und die neuen Kriege Von der Bewegung gegen neoliberale Globalisierung zu einer weltweiten Antikriegsbewegung? 52 Seiten ISBN 3-9806"}},"product_brand":[],"product_cat":[923],"product_tag":[],"class_list":{"0":"post-15672","1":"product","2":"type-product","3":"status-publish","4":"has-post-thumbnail","6":"product_cat-buchverlag","8":"first","9":"outofstock","10":"taxable","11":"shipping-taxable","12":"purchasable","13":"product-type-simple"},"_links":{"self":[{"href":"https:\/\/www.graswurzel.net\/gwr\/wp-json\/wp\/v2\/product\/15672","targetHints":{"allow":["GET"]}}],"collection":[{"href":"https:\/\/www.graswurzel.net\/gwr\/wp-json\/wp\/v2\/product"}],"about":[{"href":"https:\/\/www.graswurzel.net\/gwr\/wp-json\/wp\/v2\/types\/product"}],"wp:featuredmedia":[{"embeddable":true,"href":"https:\/\/www.graswurzel.net\/gwr\/wp-json\/wp\/v2\/media\/16937"}],"wp:attachment":[{"href":"https:\/\/www.graswurzel.net\/gwr\/wp-json\/wp\/v2\/media?parent=15672"}],"wp:term":[{"taxonomy":"product_brand","embeddable":true,"href":"https:\/\/www.graswurzel.net\/gwr\/wp-json\/wp\/v2\/product_brand?post=15672"},{"taxonomy":"product_cat","embeddable":true,"href":"https:\/\/www.graswurzel.net\/gwr\/wp-json\/wp\/v2\/product_cat?post=15672"},{"taxonomy":"product_tag","embeddable":true,"href":"https:\/\/www.graswurzel.net\/gwr\/wp-json\/wp\/v2\/product_tag?post=15672"}],"curies":[{"name":"wp","href":"https:\/\/api.w.org\/{rel}","templated":true}]}}