{"id":15674,"date":"1999-12-31T17:54:30","date_gmt":"1999-12-31T15:54:30","guid":{"rendered":"http:\/\/test.graswurzel.net\/gwr\/produkt\/gewaltfreier-anarchismus\/"},"modified":"2018-08-16T20:19:22","modified_gmt":"2018-08-16T18:19:22","slug":"gewaltfreier-anarchismus","status":"publish","type":"product","link":"https:\/\/www.graswurzel.net\/gwr\/produkt\/gewaltfreier-anarchismus\/","title":{"rendered":"Gewaltfreier Anarchismus"},"content":{"rendered":"<p>Graswurzelrevolution (Hg.)<br \/>\n<b>Gewaltfreier Anarchismus<br \/>\n<\/b>Herausforderungen und Perspektiven zur Jahrhundertwende<\/p>\n<p>203 Seiten<br \/>\nISBN 3-9806353-1-7<\/p>\n<p>Der gewaltfreie Anarchismus &#8211; seit Anfang der siebziger Jahre eine vergleichsweise einflu\u00dfreiche Str\u00f6mung innerhalb der neuen sozialen Bewegungen &#8211; mu\u00df aktuelle Entwicklungen ber\u00fccksichtigen und sich gegenw\u00e4rtigen Herausforderungen stellen, will er sein Ziel, eine herrschaftslose Gesellschaft erreichen. Die Textsammlung besch\u00e4ftigt sich mit der Aktualit\u00e4t und der notwendigen Erneuerung libert\u00e4rer und insbesondere gewaltfrei-anarchistischer Theorie und Praxis.<\/p>\n<p>&nbsp;<\/p>\n","protected":false},"excerpt":{"rendered":"<p>Graswurzelrevolution (Hg.) Gewaltfreier Anarchismus Herausforderungen und Perspektiven zur Jahrhundertwende 203 Seiten ISBN 3-9806353-1-7 Der gewaltfreie Anarchismus &#8211; seit Anfang der siebziger Jahre eine vergleichsweise einflu\u00dfreiche Str\u00f6mung innerhalb der neuen sozialen Bewegungen &#8211; mu\u00df aktuelle Entwicklungen ber\u00fccksichtigen und sich gegenw\u00e4rtigen Herausforderungen stellen, will er sein Ziel, eine herrschaftslose Gesellschaft erreichen. Die Textsammlung besch\u00e4ftigt sich mit der &hellip; <a href=\"https:\/\/www.graswurzel.net\/gwr\/produkt\/gewaltfreier-anarchismus\/\">Weiterlesen<\/a><\/p>\n","protected":false},"featured_media":16942,"template":"","meta":{"slim_seo":{"title":"Gewaltfreier Anarchismus - graswurzelrevolution","description":"Graswurzelrevolution (Hg.) Gewaltfreier Anarchismus Herausforderungen und Perspektiven zur Jahrhundertwende 203 Seiten ISBN 3-9806353-1-7 Der gewaltfreie Anarch"}},"product_brand":[],"product_cat":[923],"product_tag":[],"class_list":{"0":"post-15674","1":"product","2":"type-product","3":"status-publish","4":"has-post-thumbnail","6":"product_cat-buchverlag","8":"first","9":"outofstock","10":"taxable","11":"shipping-taxable","12":"purchasable","13":"product-type-simple"},"_links":{"self":[{"href":"https:\/\/www.graswurzel.net\/gwr\/wp-json\/wp\/v2\/product\/15674","targetHints":{"allow":["GET"]}}],"collection":[{"href":"https:\/\/www.graswurzel.net\/gwr\/wp-json\/wp\/v2\/product"}],"about":[{"href":"https:\/\/www.graswurzel.net\/gwr\/wp-json\/wp\/v2\/types\/product"}],"wp:featuredmedia":[{"embeddable":true,"href":"https:\/\/www.graswurzel.net\/gwr\/wp-json\/wp\/v2\/media\/16942"}],"wp:attachment":[{"href":"https:\/\/www.graswurzel.net\/gwr\/wp-json\/wp\/v2\/media?parent=15674"}],"wp:term":[{"taxonomy":"product_brand","embeddable":true,"href":"https:\/\/www.graswurzel.net\/gwr\/wp-json\/wp\/v2\/product_brand?post=15674"},{"taxonomy":"product_cat","embeddable":true,"href":"https:\/\/www.graswurzel.net\/gwr\/wp-json\/wp\/v2\/product_cat?post=15674"},{"taxonomy":"product_tag","embeddable":true,"href":"https:\/\/www.graswurzel.net\/gwr\/wp-json\/wp\/v2\/product_tag?post=15674"}],"curies":[{"name":"wp","href":"https:\/\/api.w.org\/{rel}","templated":true}]}}