{"id":15676,"date":"2006-10-04T17:54:30","date_gmt":"2006-10-04T15:54:30","guid":{"rendered":"http:\/\/test.graswurzel.net\/gwr\/produkt\/lebenserfahrung-und-geistesarbeit\/"},"modified":"2018-08-08T19:11:34","modified_gmt":"2018-08-08T17:11:34","slug":"lebenserfahrung-und-geistesarbeit","status":"publish","type":"product","link":"https:\/\/www.graswurzel.net\/gwr\/produkt\/lebenserfahrung-und-geistesarbeit\/","title":{"rendered":"Lebenserfahrung und Geistesarbeit"},"content":{"rendered":"<p>Charles Jacquier (Hg.)<br \/>\n<b>Lebenserfahrung und Geistesarbeit<br \/>\n<\/b>Simone Weil und der Anarchismus<\/p>\n<p>Mit Texten von Domenico Canciani, Robert Chenavier, Charles Jacquier, G\u00e9raldi Leroy, Adriano Marchetti, Louis Mercier-Vega, Anne Roche, Patrice Rolland, Boris Souvarine, Simone Weil.<\/p>\n<p>Aus dem Franz\u00f6sischen von Lou Marin, Beate Seeger und Silke Makowski<\/p>\n<p>380 Seiten<br \/>\nISBN 3-939045-04-7<\/p>\n<p><b>Simone Weil<\/b> (1909-1943) wurde in Frankreich von dissidenten Vertretern der sozialistischen Bewegung mit Rosa Luxemburg verglichen. Im Gegensatz zur Mehrzahl der franz\u00f6sischen Intellektuellen machte sie sich keine Illusionen \u00fcber den Charakter der UdSSR, den Aufstieg des Nationalsozialismus in Deutschland oder die Parteien der franz\u00f6sischen Volksfront. Simone Weil geh\u00f6rte einer minorit\u00e4ren politischen Kultur an, die das stalinistische Verst\u00e4ndnis des Sozialismus sowie die Identifikation der Arbeiterbewegung mit der \u00bbArbeiterpartei\u00ab nicht teilte. Nach 1934 geh\u00f6rte sie zu den wenigen klarsichtigen AktivistInnen, die sich ohne falsche Hoffnungen mit den Niederlagen der weltweiten Arbeiterbewegung befassten und anfingen, deren Ursachen methodisch zu untersuchen. Die Erfahrung ihrer Teilnahme an Revolution und B\u00fcrgerkrieg in Spanien 1936 f\u00fchrte sie zu neuerlicher Kritik an revolution\u00e4rer Gewaltanwendung, die im franz\u00f6sischen anarchistischen Milieu noch lange nach ihrem Tod und bis heute diskutiert wird. Mit einer Mischung aus wissenschaftlichen und zeitgen\u00f6ssisch-politischen Texten erinnert dieses Buch an die anarchistische Lebens- und Schaffensphase Simone Weils, jener praxisnahen Philosophin, die lange Zeit nur als Christin rezipiert und gew\u00fcrdigt wurde. Sie stellte sich den schlimmsten Trag\u00f6dien des 20. Jahrhunderts (Faschismus, Nationalsozialismus, Stalinismus, B\u00fcrgerkrieg in Spanien) als gewaltkritische Anarchistin in einzigartiger Weise und entwickelte aus ihren Lebenserfahrungen einen heute noch aktuellen, utopischen Entwurf dessen, was Freiheit im politisch-gesellschaftlichen Bereich sowie in der Arbeitswelt bedeutet.<\/p>\n","protected":false},"excerpt":{"rendered":"<p>Charles Jacquier (Hg.) Lebenserfahrung und Geistesarbeit Simone Weil und der Anarchismus Mit Texten von Domenico Canciani, Robert Chenavier, Charles Jacquier, G\u00e9raldi Leroy, Adriano Marchetti, Louis Mercier-Vega, Anne Roche, Patrice Rolland, Boris Souvarine, Simone Weil. Aus dem Franz\u00f6sischen von Lou Marin, Beate Seeger und Silke Makowski 380 Seiten ISBN 3-939045-04-7 Simone Weil (1909-1943) wurde in Frankreich &hellip; <a href=\"https:\/\/www.graswurzel.net\/gwr\/produkt\/lebenserfahrung-und-geistesarbeit\/\">Weiterlesen<\/a><\/p>\n","protected":false},"featured_media":16737,"template":"","meta":{"slim_seo":{"title":"Lebenserfahrung und Geistesarbeit - graswurzelrevolution","description":"Charles Jacquier (Hg.) Lebenserfahrung und Geistesarbeit Simone Weil und der Anarchismus Mit Texten von Domenico Canciani, Robert Chenavier, Charles Jacquier, G"}},"product_brand":[],"product_cat":[923],"product_tag":[707],"class_list":{"0":"post-15676","1":"product","2":"type-product","3":"status-publish","4":"has-post-thumbnail","6":"product_cat-buchverlag","7":"product_tag-simone-weil-2","9":"first","10":"instock","11":"taxable","12":"shipping-taxable","13":"purchasable","14":"product-type-simple"},"_links":{"self":[{"href":"https:\/\/www.graswurzel.net\/gwr\/wp-json\/wp\/v2\/product\/15676","targetHints":{"allow":["GET"]}}],"collection":[{"href":"https:\/\/www.graswurzel.net\/gwr\/wp-json\/wp\/v2\/product"}],"about":[{"href":"https:\/\/www.graswurzel.net\/gwr\/wp-json\/wp\/v2\/types\/product"}],"wp:featuredmedia":[{"embeddable":true,"href":"https:\/\/www.graswurzel.net\/gwr\/wp-json\/wp\/v2\/media\/16737"}],"wp:attachment":[{"href":"https:\/\/www.graswurzel.net\/gwr\/wp-json\/wp\/v2\/media?parent=15676"}],"wp:term":[{"taxonomy":"product_brand","embeddable":true,"href":"https:\/\/www.graswurzel.net\/gwr\/wp-json\/wp\/v2\/product_brand?post=15676"},{"taxonomy":"product_cat","embeddable":true,"href":"https:\/\/www.graswurzel.net\/gwr\/wp-json\/wp\/v2\/product_cat?post=15676"},{"taxonomy":"product_tag","embeddable":true,"href":"https:\/\/www.graswurzel.net\/gwr\/wp-json\/wp\/v2\/product_tag?post=15676"}],"curies":[{"name":"wp","href":"https:\/\/api.w.org\/{rel}","templated":true}]}}