{"id":15678,"date":"2006-10-04T17:54:31","date_gmt":"2006-10-04T15:54:31","guid":{"rendered":"http:\/\/test.graswurzel.net\/gwr\/produkt\/rebell-wider-den-krieg\/"},"modified":"2022-10-14T18:38:02","modified_gmt":"2022-10-14T16:38:02","slug":"rebell-wider-den-krieg","status":"publish","type":"product","link":"https:\/\/www.graswurzel.net\/gwr\/produkt\/rebell-wider-den-krieg\/","title":{"rendered":"Rebell wider den Krieg"},"content":{"rendered":"<p>Achim von Borries<br \/>\n<b>Rebell wider den Krieg<\/b><br \/>\nBertrand Russell 1914-1918<\/p>\n<p>95 Seiten<br \/>\nISBN 3-939045-01-2<\/p>\n<p>Der Ausbruch der europ\u00e4ischen Jahrhundertkatastrophe im Herbst 1914 wurde zu einem tiefen Einschnitt im Leben und Selbstverst\u00e4ndnis des englischen Philosophen Bertrand Russell (1872-1970). Mit einem staatlich verordneten Morden konfrontiert, das ihn entsetzte und emp\u00f6rte, sah er sich herausgerissen aus seiner bisherigen \u00bbtheoretischen\u00ab Existenz. Er war schockiert \u00fcber die um sich greifende nationalistische Massenhysterie, die Orgie des Hasses, den Taumel eines irregeleiteten \u00bbPatriotismus\u00ab &#8211; und \u00fcber den \u00bbVerrat der Intellektuellen\u00ab, die, in England, wie in den anderen kriegf\u00fchrenden L\u00e4ndern, zu Wortf\u00fchrern der Kriegspropaganda wurden. Gegen all dies begehrte er auf, mit jener Entschiedenheit, die ihm bis in sein hohes Alter eigen war.<\/p>\n<p>Seit Mitte August 1914 protestierte Russell unerm\u00fcdlich in Artikeln und Vortr\u00e4gen gegen den Krieg und forderte einen schnellen Verhandlungsfrieden. Er engagierte sich in der Organisation der englischen Kriegsgegner und -gegnerinnen, verlor deswegen sein Lehramt an der Universit\u00e4t Cambridge, wurde einer der \u00bbmeistgehassten M\u00e4nner Gro\u00dfbritanniens\u00ab (Ronald W. Clark) und erhielt Anfang 1918 eine mehrmonatige Gef\u00e4ngnisstrafe.<\/p>\n<p>Russell dachte aber w\u00e4hrend des Krieges schon \u00fcber den Krieg hinaus, der die Destruktivit\u00e4t des herrschenden gesellschaftlich-politischen Systems demonstrierte. Ein radikales Umdenken \u00fcber Staat, Gesellschaft, Wirtschaft und Erziehung erschien ihm notwendig, wenn die Katastrophe sich nicht wiederholen sollte. In drei f\u00fcr sein politisches Denken grundlegenden Schriften skizzierte er seine Systemver\u00e4nderung im freiheitlich-sozialistischen Sinne: die Vision einer von autorit\u00e4ren Strukturen und kapitalistischer Ausbeutung freien Ordnung mit einer Verbindung von Freiheit und sozialer Gerechtigkeit. Dabei warnte er auch schon vor einem b\u00fcrokratisch-zentralistischen Staatssozialismus mit seinen Gefahren f\u00fcr die Freiheit, wie er wenig sp\u00e4ter in der Sowjetunion etabliert werden sollte. Viele der von Russell in diesen Weltkriegsschriften angesprochenen Probleme, nicht zuletzt das einer internationalen Friedensordnung, sind nach wie vor aktuell.<\/p>\n<p>Bertrand Russells Engagement wider den Krieg 1914-18, auf publizistischer, politischer und sozialphilosophischer Ebene, ist ein eindrucksvolles Beispiel moralischer Unabh\u00e4ngigkeit wie kreativen Denkens, wie sie Russell auch sp\u00e4ter immer wieder ausgezeichnet haben, vor allem in seinem Kampf gegen das atomare Wettr\u00fcsten.<\/p>\n<p>Achim von Borries, Herausgeber mehrerer Schriften Bertrand Russells in deutscher \u00dcbersetzung, stellt in drei Hauptabschnitten \u00bbProtest\u00ab, \u00bbWiderstand\u00ab und \u00bbNeues Denken\u00ab des englischen Philosophen im Ersten Weltkrieg dar.<\/p>\n","protected":false},"excerpt":{"rendered":"<p>Achim von Borries Rebell wider den Krieg Bertrand Russell 1914-1918 95 Seiten ISBN 3-939045-01-2 Der Ausbruch der europ\u00e4ischen Jahrhundertkatastrophe im Herbst 1914 wurde zu einem tiefen Einschnitt im Leben und Selbstverst\u00e4ndnis des englischen Philosophen Bertrand Russell (1872-1970). Mit einem staatlich verordneten Morden konfrontiert, das ihn entsetzte und emp\u00f6rte, sah er sich herausgerissen aus seiner bisherigen &hellip; <a href=\"https:\/\/www.graswurzel.net\/gwr\/produkt\/rebell-wider-den-krieg\/\">Weiterlesen<\/a><\/p>\n","protected":false},"featured_media":16934,"template":"","meta":{"slim_seo":{"title":"Rebell wider den Krieg - graswurzelrevolution","description":"Achim von Borries Rebell wider den Krieg Bertrand Russell 1914-1918 95 Seiten ISBN 3-939045-01-2 Der Ausbruch der europ\u00e4ischen Jahrhundertkatastrophe im Herbst"}},"product_brand":[],"product_cat":[923],"product_tag":[],"class_list":{"0":"post-15678","1":"product","2":"type-product","3":"status-publish","4":"has-post-thumbnail","6":"product_cat-buchverlag","8":"first","9":"outofstock","10":"taxable","11":"shipping-taxable","12":"purchasable","13":"product-type-simple"},"_links":{"self":[{"href":"https:\/\/www.graswurzel.net\/gwr\/wp-json\/wp\/v2\/product\/15678","targetHints":{"allow":["GET"]}}],"collection":[{"href":"https:\/\/www.graswurzel.net\/gwr\/wp-json\/wp\/v2\/product"}],"about":[{"href":"https:\/\/www.graswurzel.net\/gwr\/wp-json\/wp\/v2\/types\/product"}],"wp:featuredmedia":[{"embeddable":true,"href":"https:\/\/www.graswurzel.net\/gwr\/wp-json\/wp\/v2\/media\/16934"}],"wp:attachment":[{"href":"https:\/\/www.graswurzel.net\/gwr\/wp-json\/wp\/v2\/media?parent=15678"}],"wp:term":[{"taxonomy":"product_brand","embeddable":true,"href":"https:\/\/www.graswurzel.net\/gwr\/wp-json\/wp\/v2\/product_brand?post=15678"},{"taxonomy":"product_cat","embeddable":true,"href":"https:\/\/www.graswurzel.net\/gwr\/wp-json\/wp\/v2\/product_cat?post=15678"},{"taxonomy":"product_tag","embeddable":true,"href":"https:\/\/www.graswurzel.net\/gwr\/wp-json\/wp\/v2\/product_tag?post=15678"}],"curies":[{"name":"wp","href":"https:\/\/api.w.org\/{rel}","templated":true}]}}