{"id":15682,"date":"2021-10-04T18:00:32","date_gmt":"2021-10-04T16:00:32","guid":{"rendered":"http:\/\/test.graswurzel.net\/gwr\/produkt\/barrieren-durchbrechen\/"},"modified":"2022-05-20T18:00:59","modified_gmt":"2022-05-20T16:00:59","slug":"barrieren-durchbrechen","status":"publish","type":"product","link":"https:\/\/www.graswurzel.net\/gwr\/produkt\/barrieren-durchbrechen\/","title":{"rendered":"Barrieren durchbrechen!"},"content":{"rendered":"<p>Sebastian Kalicha (Hg.)<br \/>\n<b>Barrieren durchbrechen!<\/b><br \/>\nIsrael \/ Pal\u00e4stina: Gewaltfreiheit, Kriegsdienstverweigerung, Anarchismus<\/p>\n<p>277 Seiten<br \/>\nISBN 978-3-939045-08-3<\/p>\n<p><span style=\"color: #ff0000\"><strong>Wieder lieferbar!<\/strong><\/span><\/p>\n<p>Ist eine gerechte und friedliche L\u00f6sung des Nahostkonflikts realistisch oder sind die Hindernisse auf dem Weg dahin bereits un\u00fcberwindbar? In der pal\u00e4stinensischen Westbank baut Israel eine gro\u00df angelegte, geopolitisch motivierte Barriere (Mauer). Zwischen Israel und Gaza herrscht offener oder verdeckter Krieg. Gegen die Sperranlage hat sich in den letzten Jahren durch die Anwendung direkter gewaltfreier Aktionen eine neue Graswurzelbewegung in den Gemeinden der pal\u00e4stinensischen Westbank und bei israelischen Solidarit\u00e4tsgruppen entwickelt. Die AktivistInnen durchbrechen im gemeinsamen Widerstand Barrieren der Abschottung und der gegenseitigen Ignoranz.<\/p>\n<p>Dieses Buch versammelt Beitr\u00e4ge von israelischen, pal\u00e4stinensischen und internationalen AktivistInnen, die den Nahostkonflikt von gewaltfrei-antimilitaristischen, feministischen und libert\u00e4ren Standpunkten aus betrachten. Die AktivistInnen skizzieren ein Bild des Konflikts von unten, bei dem die Sichtweisen und Aktivit\u00e4ten der lebendigen und radikalen Graswurzelbewegungen &#8211; nicht die der weltpolitischen Eliten &#8211; die Hauptrolle spielen.<\/p>\n<p>AktivistInnen von Gruppen wie New Profile, MachsomWatch, Women in Black, Popular Committee of Budrus, Popular Committee of Bil&#8217;in, Gush Shalom, Yesh Gvul, International Women&#8217;s Peace Service, International Solidarity Movement, ActiveStills, The Other Israel, Occupation Magazine, Black Laundry und Anarchists Against the Wall kommen zu Wort und pr\u00e4sentieren die Auseinandersetzungen in Israel \/ Pal\u00e4stina von einer neuen, in den westlichen Medienberichten viel zu oft vernachl\u00e4ssigten und f\u00fcr viele ungewohnten Perspektive.<\/p>\n","protected":false},"excerpt":{"rendered":"<p><span style=\"color: #ff0000\"><strong>Wieder lieferbar!<\/strong><\/span><\/p>\n<p>Das Buch versammelt Beitr\u00e4ge von israelischen, pal\u00e4stinensischen und internationalen AktivistInnen, die den Nahostkonflikt von gewaltfrei-antimilitaristischen, feministischen und libert\u00e4ren Standpunkten aus betrachten. Die AktivistInnen skizzieren ein Bild des Konflikts von unten, bei dem die Sichtweisen und Aktivit\u00e4ten der lebendigen und radikalen Graswurzelbewegungen &#8211; nicht die der weltpolitischen Eliten &#8211; die Hauptrolle spielen.<\/p>\n","protected":false},"featured_media":16941,"template":"","meta":{"slim_seo":{"title":"Barrieren durchbrechen! - graswurzelrevolution","description":"Wieder lieferbar! Das Buch versammelt Beitr\u00e4ge von israelischen, pal\u00e4stinensischen und internationalen AktivistInnen, die den Nahostkonflikt von gewaltfrei-anti"}},"product_brand":[],"product_cat":[923],"product_tag":[700],"class_list":{"0":"post-15682","1":"product","2":"type-product","3":"status-publish","4":"has-post-thumbnail","6":"product_cat-buchverlag","7":"product_tag-israelpalaestina","9":"first","10":"instock","11":"taxable","12":"shipping-taxable","13":"purchasable","14":"product-type-simple"},"_links":{"self":[{"href":"https:\/\/www.graswurzel.net\/gwr\/wp-json\/wp\/v2\/product\/15682","targetHints":{"allow":["GET"]}}],"collection":[{"href":"https:\/\/www.graswurzel.net\/gwr\/wp-json\/wp\/v2\/product"}],"about":[{"href":"https:\/\/www.graswurzel.net\/gwr\/wp-json\/wp\/v2\/types\/product"}],"wp:featuredmedia":[{"embeddable":true,"href":"https:\/\/www.graswurzel.net\/gwr\/wp-json\/wp\/v2\/media\/16941"}],"wp:attachment":[{"href":"https:\/\/www.graswurzel.net\/gwr\/wp-json\/wp\/v2\/media?parent=15682"}],"wp:term":[{"taxonomy":"product_brand","embeddable":true,"href":"https:\/\/www.graswurzel.net\/gwr\/wp-json\/wp\/v2\/product_brand?post=15682"},{"taxonomy":"product_cat","embeddable":true,"href":"https:\/\/www.graswurzel.net\/gwr\/wp-json\/wp\/v2\/product_cat?post=15682"},{"taxonomy":"product_tag","embeddable":true,"href":"https:\/\/www.graswurzel.net\/gwr\/wp-json\/wp\/v2\/product_tag?post=15682"}],"curies":[{"name":"wp","href":"https:\/\/api.w.org\/{rel}","templated":true}]}}