{"id":15683,"date":"2021-10-04T17:50:34","date_gmt":"2021-10-04T15:50:34","guid":{"rendered":"http:\/\/test.graswurzel.net\/gwr\/produkt\/ein-weltweiter-aufbruch\/"},"modified":"2022-05-20T17:59:35","modified_gmt":"2022-05-20T15:59:35","slug":"ein-weltweiter-aufbruch","status":"publish","type":"product","link":"https:\/\/www.graswurzel.net\/gwr\/produkt\/ein-weltweiter-aufbruch\/","title":{"rendered":"Ein weltweiter Aufbruch!"},"content":{"rendered":"<p>Johann Bauer<br \/>\n<b>Ein weltweiter Aufbruch!<\/b><br \/>\nGespr\u00e4ch \u00fcber den gewaltfreien Anarchismus der Siebzigerjahre. Mit Grundsatztexten u.a. zur Kritik der RAF und zur G\u00f6ttinger \u00bbMescalero\u00ab-Aff\u00e4re<\/p>\n<p>119 Seiten, 7 Abb.,<br \/>\nISBN 978-3-939045-12-0<\/p>\n<p>Durch die Darstellungen in Massenmedien und andauernde juristische Verfahren verengt sich das Bild der Bewegungen der Siebzigerjahre stark auf einen Konflikt: Rote Armee Fraktion (RAF) contra Staat, gelegentlich noch: die wild bewegte Jugend des heute gel\u00e4uterten Staatsmannes und zuk\u00fcnftigen Wirtschaftsberaters. So wird die Geschichte antiautorit\u00e4rer und alternativer sozialer Bewegungen marginalisiert, die f\u00fcr heutige Auseinandersetzungen um eine Gesellschaft ohne Ausbeutung, Unterdr\u00fcckung und Krieg noch etwas beizutragen haben. Wie die Graswurzelrevolution in Auseinandersetzungen mit bestehenden Herrschaftsstrukturen, aber auch gegen eine Politik der Militarisierung revolution\u00e4rer Bewegungen und leninistische Parteimodelle eine Programmatik gewaltloser Revolution in den sozialen Bewegungen der Siebzigerjahre entwickelt hat, welche internationalen Einfl\u00fcsse aufgenommen wurden &#8211; das wird in den Erinnerungen Johann Bauers in diesem Buch nicht ohne humorvolle Spitzen und selbstkritische Passagen erz\u00e4hlt.<\/p>\n<p>Eine Kultur gewaltloser direkter Aktionen zivilen Ungehorsams musste gegen ein ganz anderes Macht- und Politikverst\u00e4ndnis begr\u00fcndet werden. Dies geschah beispielsweise in den hier dokumentierten programmatischen Texten: &#8222;Was hei\u00dft Graswurzelrevolution?&#8220; (1974) und &#8222;Feldz\u00fcge f\u00fcr ein sauberes Deutschland&#8220;, der politischen Erkl\u00e4rung Gewaltfreier Aktionsgruppen in der BRD zu Terrorismus und Repression am Beispiel der &#8222;Mescalero&#8220;-Aff\u00e4re 1977.<\/p>\n<p>Emanzipatorische, feministische und \u00f6kologische Gruppen f\u00fchrten aus kleinen Anf\u00e4ngen vor allem durch die tats\u00e4chliche Massenaktionsbewegung gegen Atomenergie Ende der Siebzigerjahre zur Durchsetzung neuer Fragen, neuer Formen der Selbstorganisation, zum Zerfall der autorit\u00e4ren Konzepte, aber auch zur Bildung neuer Parteiillusionen. Viele der Befreiungsziele, die sich seit den Sechzigerjahren entwickelt hatten, sind in der \u00f6konomischen und gesellschaftlichen Krise wieder aktuell geworden und sollten neu diskutiert werden.<\/p>\n","protected":false},"excerpt":{"rendered":"<p><span style=\"color: #ff0000\"><strong>50 Jahre Graswurzelrevolution<\/strong><\/span><\/p>\n<p>Wie die Graswurzelrevolution in Auseinandersetzungen mit bestehenden Herrschaftsstrukturen, aber auch gegen eine Politik der Militarisierung revolution\u00e4rer Bewegungen und leninistische Parteimodelle eine Programmatik gewaltloser Revolution in den sozialen Bewegungen der Siebzigerjahre entwickelt hat, welche internationalen Einfl\u00fcsse aufgenommen wurden &#8211; das wird in den Erinnerungen Johann Bauers in diesem Buch nicht ohne humorvolle Spitzen und selbstkritische Passagen erz\u00e4hlt.<\/p>\n","protected":false},"featured_media":16734,"template":"","meta":{"slim_seo":{"title":"Ein weltweiter Aufbruch! - graswurzelrevolution","description":"50 Jahre Graswurzelrevolution Wie die Graswurzelrevolution in Auseinandersetzungen mit bestehenden Herrschaftsstrukturen, aber auch gegen eine Politik der Milit"}},"product_brand":[],"product_cat":[923],"product_tag":[698],"class_list":{"0":"post-15683","1":"product","2":"type-product","3":"status-publish","4":"has-post-thumbnail","6":"product_cat-buchverlag","7":"product_tag-anarchismus-2","9":"first","10":"instock","11":"taxable","12":"shipping-taxable","13":"purchasable","14":"product-type-simple"},"_links":{"self":[{"href":"https:\/\/www.graswurzel.net\/gwr\/wp-json\/wp\/v2\/product\/15683","targetHints":{"allow":["GET"]}}],"collection":[{"href":"https:\/\/www.graswurzel.net\/gwr\/wp-json\/wp\/v2\/product"}],"about":[{"href":"https:\/\/www.graswurzel.net\/gwr\/wp-json\/wp\/v2\/types\/product"}],"wp:featuredmedia":[{"embeddable":true,"href":"https:\/\/www.graswurzel.net\/gwr\/wp-json\/wp\/v2\/media\/16734"}],"wp:attachment":[{"href":"https:\/\/www.graswurzel.net\/gwr\/wp-json\/wp\/v2\/media?parent=15683"}],"wp:term":[{"taxonomy":"product_brand","embeddable":true,"href":"https:\/\/www.graswurzel.net\/gwr\/wp-json\/wp\/v2\/product_brand?post=15683"},{"taxonomy":"product_cat","embeddable":true,"href":"https:\/\/www.graswurzel.net\/gwr\/wp-json\/wp\/v2\/product_cat?post=15683"},{"taxonomy":"product_tag","embeddable":true,"href":"https:\/\/www.graswurzel.net\/gwr\/wp-json\/wp\/v2\/product_tag?post=15683"}],"curies":[{"name":"wp","href":"https:\/\/api.w.org\/{rel}","templated":true}]}}