{"id":15684,"date":"2011-02-01T17:54:34","date_gmt":"2011-02-01T15:54:34","guid":{"rendered":"http:\/\/test.graswurzel.net\/gwr\/produkt\/staudamm-oder-leben\/"},"modified":"2026-01-14T18:14:04","modified_gmt":"2026-01-14T16:14:04","slug":"staudamm-oder-leben","status":"publish","type":"product","link":"https:\/\/www.graswurzel.net\/gwr\/produkt\/staudamm-oder-leben\/","title":{"rendered":"Staudamm oder Leben!"},"content":{"rendered":"<p>Ulrike B\u00fcrger<br \/>\n<b>Staudamm oder Leben!<\/b><br \/>\nIndien: Der Widerstand an der Narmada<\/p>\n<p>222 Seiten<br \/>\nISBN 978-3-939045-15-1<\/p>\n<p>Mehr als 80 Millionen Menschen sind in den letzten f\u00fcnf Jahrzehnten weltweit durch den Bau gro\u00dfer Staud\u00e4mme zwangsumgesiedelt worden. F\u00fcr die indigenen Bev\u00f6lkerungen sind die Folgen besonders verheerend. Sie werden von ihrem Land vertrieben und ihre traditionelle Lebensweise wird zerst\u00f6rt. Sie m\u00fcssen daf\u00fcr k\u00e4mpfen, v\u00f6llig unzureichende Landkompensationen oder Entsch\u00e4digungen zu erhalten. H\u00e4ufig landen sie in den Slums der Gro\u00dfst\u00e4dte. Der Widerstand gegen Staud\u00e4mme braucht unsere Solidarit\u00e4t, denn die Planungen f\u00fcr weitere industrielle Gro\u00dfprojekte im Namen einer fragw\u00fcrdigenEntwicklungsideologie sind ungebrochen. Das zeigt sich besonders in Indien, das zum Global Player des Industriekapitalismus aufsteigen will. Am Beispiel der Bewegung zur Rettung der Narmada (NBA), einer der wichtigsten \u00f6kologischen Widerstandsbewegungen der letzten Jahrzehnte in Indien, zeigt das Buch, wie der globale Kapitalismus K\u00e4mpfe um das Wasser, die Energiegewinnung und industrielle Gro\u00dfmachtambitionen verursacht. Der Widerstand der Menschen an der Narmada gegen die brutalen und manipulativen Repressionsstrategien von Staat und Konzernen ist ein Beispiel f\u00fcr den notwendigen Versuch, die Vielf\u00e4ltigkeit von Lebensweisen gegen\u00fcber der sich ausbreitenden Monokultur der Industriegesellschaft zu bewahren.<\/p>\n<p>Ulrike B\u00fcrger ist w\u00e4hrend ihrer mehrmaligen Indienaufenthalte in den Gebieten zweier Gro\u00dfbaustellen, Maan und Maheshwar, gewesen. Sie hat mit vielen Betroffenen und NBA-AktivistInnen \u00fcber die Zerst\u00f6rung der Umwelt, die Bedrohung ihrer Lebensbedingungen und ihren Widerstand sprechen k\u00f6nnen. Dabei konnte sie Informationen aus erster Hand sammeln.<\/p>\n","protected":false},"excerpt":{"rendered":"<p>Ulrike B\u00fcrger Staudamm oder Leben! Indien: Der Widerstand an der Narmada 222 Seiten ISBN 978-3-939045-15-1 Mehr als 80 Millionen Menschen sind in den letzten f\u00fcnf Jahrzehnten weltweit durch den Bau gro\u00dfer Staud\u00e4mme zwangsumgesiedelt worden. F\u00fcr die indigenen Bev\u00f6lkerungen sind die Folgen besonders verheerend. Sie werden von ihrem Land vertrieben und ihre traditionelle Lebensweise wird zerst\u00f6rt. &hellip; <a href=\"https:\/\/www.graswurzel.net\/gwr\/produkt\/staudamm-oder-leben\/\">Weiterlesen<\/a><\/p>\n","protected":false},"featured_media":16732,"template":"","meta":{"slim_seo":{"title":"Staudamm oder Leben! - graswurzelrevolution","description":"Ulrike B\u00fcrger Staudamm oder Leben! Indien: Der Widerstand an der Narmada 222 Seiten ISBN 978-3-939045-15-1 Mehr als 80 Millionen Menschen sind in den letzten f\u00fc"}},"product_brand":[],"product_cat":[923],"product_tag":[697],"class_list":{"0":"post-15684","1":"product","2":"type-product","3":"status-publish","4":"has-post-thumbnail","6":"product_cat-buchverlag","7":"product_tag-indien-2","9":"first","10":"outofstock","11":"taxable","12":"shipping-taxable","13":"purchasable","14":"product-type-simple"},"_links":{"self":[{"href":"https:\/\/www.graswurzel.net\/gwr\/wp-json\/wp\/v2\/product\/15684","targetHints":{"allow":["GET"]}}],"collection":[{"href":"https:\/\/www.graswurzel.net\/gwr\/wp-json\/wp\/v2\/product"}],"about":[{"href":"https:\/\/www.graswurzel.net\/gwr\/wp-json\/wp\/v2\/types\/product"}],"wp:featuredmedia":[{"embeddable":true,"href":"https:\/\/www.graswurzel.net\/gwr\/wp-json\/wp\/v2\/media\/16732"}],"wp:attachment":[{"href":"https:\/\/www.graswurzel.net\/gwr\/wp-json\/wp\/v2\/media?parent=15684"}],"wp:term":[{"taxonomy":"product_brand","embeddable":true,"href":"https:\/\/www.graswurzel.net\/gwr\/wp-json\/wp\/v2\/product_brand?post=15684"},{"taxonomy":"product_cat","embeddable":true,"href":"https:\/\/www.graswurzel.net\/gwr\/wp-json\/wp\/v2\/product_cat?post=15684"},{"taxonomy":"product_tag","embeddable":true,"href":"https:\/\/www.graswurzel.net\/gwr\/wp-json\/wp\/v2\/product_tag?post=15684"}],"curies":[{"name":"wp","href":"https:\/\/api.w.org\/{rel}","templated":true}]}}