{"id":15687,"date":"2023-09-28T13:23:37","date_gmt":"2023-09-28T11:23:37","guid":{"rendered":"http:\/\/test.graswurzel.net\/gwr\/produkt\/topf-soehne-besetzung-auf-einem-taeterort\/"},"modified":"2026-01-30T20:14:28","modified_gmt":"2026-01-30T18:14:28","slug":"topf-soehne-besetzung-auf-einem-taeterort","status":"publish","type":"product","link":"https:\/\/www.graswurzel.net\/gwr\/produkt\/topf-soehne-besetzung-auf-einem-taeterort\/","title":{"rendered":"Topf &amp; S\u00f6hne \u2013 Besetzung auf einem T\u00e4terort"},"content":{"rendered":"<p><span style=\"color: #ff0000\"><strong>Wieder lieferbar!<\/strong><\/span><\/p>\n<p>Meyerbeer\/Sp\u00e4th (Hrsg.)<br \/>\n<b>Topf &amp; S\u00f6hne &#8211; Besetzung auf einem T\u00e4terort<\/b><\/p>\n<p>187 Seiten, 205 Abb.<br \/>\nISBN 978-3-939045-20-5<\/p>\n<p>Die Hausbesetzung auf dem ehemaligen Gel\u00e4nde der Erfurter Firma Topf &amp; S\u00f6hne, die in der Zeit des Nationalsozialismus Krematoriums\u00f6fen f\u00fcr Konzentrations- und Vernichtungslager hergestellt hatte, war in den 2000er-Jahren eines der bekanntesten linksradikalen Projekte in Deutschland. Das Buch h\u00e4lt die Erfahrungen dieser Zeit fest. Mit Erz\u00e4hlungen und Analysen werden die gemeinsamen K\u00e4mpfe und internen Streitigkeiten rekonstruiert. Wir bieten dazu einen \u00dcberblick \u00fcber die Hausbesetzer:innenszene der 1990er-Jahre in Erfurt und die historische Bedeutung der Firma Topf &amp; S\u00f6hne.<\/p>\n<p><i>\u00bbIch fand&#8217;s geil, dass wir auf dem Gel\u00e4nde mit dieser krassen Geschichte was gemacht haben, dass die Nutzung im NS rumgedreht hat. Die haben halt damals f\u00fcr Geld alles gemacht. Wir haben alles fast ohne Geld gemacht. Das fand ich den richtigen Umgang mit dem Gel\u00e4nde.\u00ab<\/i><br \/>\nComa Richter, Besetzerin<\/p>\n","protected":false},"excerpt":{"rendered":"<p><span style=\"color: #ff0000\"><strong>Wieder lieferbar!<\/strong><\/span><\/p>\n<p>Die Hausbesetzung auf dem ehemaligen Gel\u00e4nde der Erfurter Firma Topf &amp; S\u00f6hne, die in der Zeit des Nationalsozialismus Krematoriums\u00f6fen f\u00fcr Konzentrations- und Vernichtungslager hergestellt hatte, war in den 2000er-Jahren eines der bekanntesten linksradikalen Projekte in Deutschland. Das Buch h\u00e4lt die Erfahrungen dieser Zeit fest.<\/p>\n","protected":false},"featured_media":16729,"template":"","meta":{"slim_seo":{"title":"Topf &amp; S\u00f6hne \u2013 Besetzung auf einem T\u00e4terort - graswurzelrevolution","description":"Wieder lieferbar! Die Hausbesetzung auf dem ehemaligen Gel\u00e4nde der Erfurter Firma Topf &amp; S\u00f6hne, die in der Zeit des Nationalsozialismus Krematoriums\u00f6fen f\u00fcr"}},"product_brand":[],"product_cat":[923],"product_tag":[],"class_list":{"0":"post-15687","1":"product","2":"type-product","3":"status-publish","4":"has-post-thumbnail","6":"product_cat-buchverlag","8":"first","9":"instock","10":"taxable","11":"shipping-taxable","12":"purchasable","13":"product-type-simple"},"_links":{"self":[{"href":"https:\/\/www.graswurzel.net\/gwr\/wp-json\/wp\/v2\/product\/15687","targetHints":{"allow":["GET"]}}],"collection":[{"href":"https:\/\/www.graswurzel.net\/gwr\/wp-json\/wp\/v2\/product"}],"about":[{"href":"https:\/\/www.graswurzel.net\/gwr\/wp-json\/wp\/v2\/types\/product"}],"wp:featuredmedia":[{"embeddable":true,"href":"https:\/\/www.graswurzel.net\/gwr\/wp-json\/wp\/v2\/media\/16729"}],"wp:attachment":[{"href":"https:\/\/www.graswurzel.net\/gwr\/wp-json\/wp\/v2\/media?parent=15687"}],"wp:term":[{"taxonomy":"product_brand","embeddable":true,"href":"https:\/\/www.graswurzel.net\/gwr\/wp-json\/wp\/v2\/product_brand?post=15687"},{"taxonomy":"product_cat","embeddable":true,"href":"https:\/\/www.graswurzel.net\/gwr\/wp-json\/wp\/v2\/product_cat?post=15687"},{"taxonomy":"product_tag","embeddable":true,"href":"https:\/\/www.graswurzel.net\/gwr\/wp-json\/wp\/v2\/product_tag?post=15687"}],"curies":[{"name":"wp","href":"https:\/\/api.w.org\/{rel}","templated":true}]}}