{"id":15689,"date":"2013-10-01T17:54:37","date_gmt":"2013-10-01T15:54:37","guid":{"rendered":"http:\/\/test.graswurzel.net\/gwr\/produkt\/christlicher-anarchismus\/"},"modified":"2026-01-30T20:27:02","modified_gmt":"2026-01-30T18:27:02","slug":"christlicher-anarchismus","status":"publish","type":"product","link":"https:\/\/www.graswurzel.net\/gwr\/produkt\/christlicher-anarchismus\/","title":{"rendered":"Christlicher Anarchismus"},"content":{"rendered":"<p>Sebastian Kalicha (Hg.)<br \/>\n<b>Christlicher Anarchismus<\/b><br \/>\nFacetten einer libert\u00e4ren Str\u00f6mung<\/p>\n<p>192 Seiten, 17,90 EUR<br \/>\nISBN 978-3-939045-21-2<\/p>\n<p>&#8222;Biblisches Gedankengut f\u00fchrt direkt zum Anarchismus&#8220;, meinte der Philosoph und christliche Anarchist Jacques Ellul. Dennoch werden Anarchismus und Christentum selten zusammengedacht. Christliche AnarchistInnen sind aber der \u00dcberzeugung, dass eben dies eine gro\u00dfe Bereicherung sowohl f\u00fcr den Anarchismus als auch f\u00fcr das Christentum w\u00e4re. Der Sammelband geht der Frage nach, wie libert\u00e4res Christentum aussehen kann, stellt unterschiedliche christlich-anarchistische Traditionen vor und untersucht diverse Aspekte dieser libert\u00e4ren Str\u00f6mung und der sich darauf berufenden Bewegung(en). Christlicher Anarchismus wird oft ausschlie\u00dflich mit Leo Tolstoi assoziiert. Dieses Buch ist der Versuch, den christlich-anarchistischen Diskurs zu verbreitern und die unterschiedlichen Facetten und Debatten zum Thema einzufangen. Die Textsammlung bietet allgemeine Reflexionen zum Verh\u00e4ltnis von Anarchismus und Christentum, Beitr\u00e4ge, die sich mit libert\u00e4rer Exegese besch\u00e4ftigen, \u00dcberlegungen zu christlich-anarchistischem Aktivismus sowie Portr\u00e4ts christlicher AnarchistInnen wie Jacques Ellul, Dorothy Day und Ammon Hennacy von der Catholic-Worker-Bewegung oder Peter Chel?icky. &#8222;Christlicher Anarchismus. Facetten einer libert\u00e4ren Str\u00f6mung&#8220; bietet f\u00fcr AnarchistInnen, ChristInnen, christliche AnarchistInnen und f\u00fcr alle anderen, die sich f\u00fcr das Thema interessieren, einen pr\u00e4gnanten \u00dcberblick \u00fcber christlich-anarchistische Theorie und Praxis.<\/p>\n","protected":false},"excerpt":{"rendered":"<p>Der Sammelband geht der Frage nach, wie libert\u00e4res Christentum aussehen kann, stellt unterschiedliche christlich-anarchistische Traditionen vor und untersucht diverse Aspekte dieser libert\u00e4ren Str\u00f6mung und der sich darauf berufenden Bewegung(en).<\/p>\n","protected":false},"featured_media":16728,"template":"","meta":{"slim_seo":{"title":"Christlicher Anarchismus - graswurzelrevolution","description":"Der Sammelband geht der Frage nach, wie libert\u00e4res Christentum aussehen kann, stellt unterschiedliche christlich-anarchistische Traditionen vor und untersucht d"}},"product_brand":[],"product_cat":[923],"product_tag":[692],"class_list":{"0":"post-15689","1":"product","2":"type-product","3":"status-publish","4":"has-post-thumbnail","6":"product_cat-buchverlag","7":"product_tag-christlicher-anarchismus-2","9":"first","10":"instock","11":"taxable","12":"shipping-taxable","13":"purchasable","14":"product-type-simple"},"_links":{"self":[{"href":"https:\/\/www.graswurzel.net\/gwr\/wp-json\/wp\/v2\/product\/15689","targetHints":{"allow":["GET"]}}],"collection":[{"href":"https:\/\/www.graswurzel.net\/gwr\/wp-json\/wp\/v2\/product"}],"about":[{"href":"https:\/\/www.graswurzel.net\/gwr\/wp-json\/wp\/v2\/types\/product"}],"wp:featuredmedia":[{"embeddable":true,"href":"https:\/\/www.graswurzel.net\/gwr\/wp-json\/wp\/v2\/media\/16728"}],"wp:attachment":[{"href":"https:\/\/www.graswurzel.net\/gwr\/wp-json\/wp\/v2\/media?parent=15689"}],"wp:term":[{"taxonomy":"product_brand","embeddable":true,"href":"https:\/\/www.graswurzel.net\/gwr\/wp-json\/wp\/v2\/product_brand?post=15689"},{"taxonomy":"product_cat","embeddable":true,"href":"https:\/\/www.graswurzel.net\/gwr\/wp-json\/wp\/v2\/product_cat?post=15689"},{"taxonomy":"product_tag","embeddable":true,"href":"https:\/\/www.graswurzel.net\/gwr\/wp-json\/wp\/v2\/product_tag?post=15689"}],"curies":[{"name":"wp","href":"https:\/\/api.w.org\/{rel}","templated":true}]}}