{"id":15691,"date":"2025-08-22T17:43:38","date_gmt":"2025-08-22T15:43:38","guid":{"rendered":"http:\/\/test.graswurzel.net\/gwr\/produkt\/kampf-der-erinnerungen\/"},"modified":"2026-03-08T13:30:14","modified_gmt":"2026-03-08T11:30:14","slug":"kampf-der-erinnerungen","status":"publish","type":"product","link":"https:\/\/www.graswurzel.net\/gwr\/produkt\/kampf-der-erinnerungen\/","title":{"rendered":"Kampf der Erinnerungen"},"content":{"rendered":"<p style=\"text-align: center\"><strong>Wir trauern um unseren Autor Walther L. Bernecker<\/strong><\/p>\n<p><img loading=\"lazy\" decoding=\"async\" class=\"wp-image-33782 aligncenter\" src=\"https:\/\/www.graswurzel.net\/gwr\/wp-content\/uploads\/2026\/03\/LB-e1772966732433-218x300.webp\" alt=\"Walther L. Bernecker\" width=\"162\" height=\"212\" \/><\/p>\n<p style=\"text-align: center\"><strong>1947\u20132026<\/strong><\/p>\n<p>&nbsp;<\/p>\n<p>Walther L. Bernecker\/S\u00f6ren Brinkmann<br \/>\n<b>Kampf der Erinnerungen<\/b><br \/>\nDer Spanische B\u00fcrgerkrieg in Politik und Gesellschaft 1936-2010<\/p>\n<p>5., erweiterte und aktualisierte Auflage<\/p>\n<p>391 Seiten, 21,50 EUR<br \/>\nISBN 978-3-939045-16-8<\/p>\n<p>Spanien stellte viele Jahre einen Sonderfall unter den L\u00e4ndern dar, denen erst in j\u00fcngerer Zeit der \u00dcbergang von der Diktatur zur Demokratie gelang. Hier schien sich die &#8222;Transition&#8220;, die Abl\u00f6sung von den politischen Formen des Franco-Regimes, lange ohne eine \u00f6ffentliche Auseinandersetzung \u00fcber die Gewalt der Franco-Diktatur zu vollziehen. Seit der Jahrtausendwende ist jedoch ein wahrhafter Erinnerungsboom zu beobachten, der sich in Forschung, Literatur und Massenmedien ebenso wie in der von zahlreichen B\u00fcrgerinitiativen betriebenen Suche nach den bis zu 30.000 &#8222;Verschwundenen&#8220; des B\u00fcrgerkrieges niederschl\u00e4gt. Welche Erinnerungen an den B\u00fcrgerkrieg 1936-1939 und welche Lehren daraus wollen die unterschiedlichen Gruppierungen der spanischen Gesellschaft heute zulassen oder \u00f6ffentlich zuspitzen? Das Buch spannt den Bogen der Erinnerungsgeschichte von den drei\u00dfiger Jahren bis in die unmittelbare Gegenwart. Es beschreibt die propagandistische Ausschlachtung der Vergangenheit unter Franco, deren bewu\u00dftes Beschweigen im \u00dcbergang zur Demokratie sowie das Entstehen einer zivilgesellschaftlichen Erinnerungsbewegung seit Ende der neunziger Jahre.<\/p>\n<p>Neu in der erweiterten und aktualisierten Auflage ist die Beschreibung der seit 2006 sowohl auf regionaler als auch nationaler Ebene fortgesetzten Debatte: In Spanien wird die Erinnerung an den B\u00fcrgerkrieg wesentlich beeinflu\u00dft vom Konflikt zwischen dem Zentralstaat und den Regionen wie Katalonien und dem Baskenland. Die Auseinandersetzungen \u00fcber das von den regierenden Sozialisten Ende 2007 in Kraft gesetzte Entsch\u00e4digungsgesetz f\u00fcr die Opfer des Franquismus werden ebenfalls ausf\u00fchrlich dargestellt.<\/p>\n","protected":false},"excerpt":{"rendered":"<p>Spanien stellte viele Jahre einen Sonderfall unter den L\u00e4ndern dar, denen erst in j\u00fcngerer Zeit der \u00dcbergang von der Diktatur zur Demokratie gelang. Hier schien sich die &#8222;Transition&#8220;, die Abl\u00f6sung von den politischen Formen des Franco-Regimes, lange ohne eine \u00f6ffentliche Auseinandersetzung \u00fcber die Gewalt der Franco-Diktatur zu vollziehen.<\/p>\n","protected":false},"featured_media":16731,"template":"","meta":{"slim_seo":{"title":"Kampf der Erinnerungen - graswurzelrevolution","description":"Spanien stellte viele Jahre einen Sonderfall unter den L\u00e4ndern dar, denen erst in j\u00fcngerer Zeit der \u00dcbergang von der Diktatur zur Demokratie gelang. Hier schien"}},"product_brand":[],"product_cat":[923],"product_tag":[696],"class_list":{"0":"post-15691","1":"product","2":"type-product","3":"status-publish","4":"has-post-thumbnail","6":"product_cat-buchverlag","7":"product_tag-spanischer-buergerkrieg","9":"first","10":"instock","11":"taxable","12":"shipping-taxable","13":"purchasable","14":"product-type-simple"},"_links":{"self":[{"href":"https:\/\/www.graswurzel.net\/gwr\/wp-json\/wp\/v2\/product\/15691","targetHints":{"allow":["GET"]}}],"collection":[{"href":"https:\/\/www.graswurzel.net\/gwr\/wp-json\/wp\/v2\/product"}],"about":[{"href":"https:\/\/www.graswurzel.net\/gwr\/wp-json\/wp\/v2\/types\/product"}],"wp:featuredmedia":[{"embeddable":true,"href":"https:\/\/www.graswurzel.net\/gwr\/wp-json\/wp\/v2\/media\/16731"}],"wp:attachment":[{"href":"https:\/\/www.graswurzel.net\/gwr\/wp-json\/wp\/v2\/media?parent=15691"}],"wp:term":[{"taxonomy":"product_brand","embeddable":true,"href":"https:\/\/www.graswurzel.net\/gwr\/wp-json\/wp\/v2\/product_brand?post=15691"},{"taxonomy":"product_cat","embeddable":true,"href":"https:\/\/www.graswurzel.net\/gwr\/wp-json\/wp\/v2\/product_cat?post=15691"},{"taxonomy":"product_tag","embeddable":true,"href":"https:\/\/www.graswurzel.net\/gwr\/wp-json\/wp\/v2\/product_tag?post=15691"}],"curies":[{"name":"wp","href":"https:\/\/api.w.org\/{rel}","templated":true}]}}