{"id":15793,"date":"2018-03-09T17:32:17","date_gmt":"2018-03-09T15:32:17","guid":{"rendered":"http:\/\/test.graswurzel.net\/gwr\/?post_type=product&#038;p=15793"},"modified":"2018-09-27T12:42:58","modified_gmt":"2018-09-27T10:42:58","slug":"im-kampf-gegen-die-tyrannei","status":"publish","type":"product","link":"https:\/\/www.graswurzel.net\/gwr\/produkt\/im-kampf-gegen-die-tyrannei\/","title":{"rendered":"Im Kampf gegen die Tyrannei"},"content":{"rendered":"<p>Guillaume Gamblin, Pierre Sommermeyer, Lou Marin (Hg.)<br \/>\n<b>Im Kampf gegen die Tyrannei<br \/>\n<\/b>Gewaltfrei-revolution\u00e4re Massenbewegungen in arabischen und islamischen Gesellschaften: der zivile Widerstand in Syrien 2011-2013 und die &#8222;Republikanischen Br\u00fcder&#8220; im Sudan 1983-1985<\/p>\n<p>144 S., 13,90 Euro<br \/>\nISBN: 978-3-939045-34-2<\/p>\n<p>Die Kriege im Mittleren Osten und in der afrikanischen Sahelzone treffen vor allem ZivilistInnen und zwingen Millionen zur Flucht. Viele Medien stellen als Handelnde nur die bewaffneten Milit\u00e4rs und Milizen dar, denen eine angeblich passive, ihnen ausgelieferte Bev\u00f6lkerung gegen\u00fcbersteht. Dieses Bild l\u00e4sst zunehmend in Vergessenheit geraten, dass in den arabischen Aufst\u00e4nden 2011 Milit\u00e4rdiktaturen auf gewaltfreie Weise gest\u00fcrzt oder ins Wanken gebracht worden sind.<\/p>\n<p>Der erste Teil des Buches dokumentiert die syrische gewaltfreie Massenbewegung w\u00e4hrend der Jahre 2011 bis 2013. Die Texte der syrischen gewaltfreien Revolution\u00e4rInnen und Graswurzel-JournalistInnen schildern u.a. die Aktionen von Frauen, die zu Beginn der Massenproteste eine besondere Rolle gespielt haben. Beschrieben werden die\u00a0<i>Freien Frauen Darayyas<\/i>, das\u00a0<i>Mazaya-Frauenzentrum\u00a0<\/i>oder die in der arabischen Welt bekannte Schauspielerin\u00a0<i>Fadwa Suleiman<\/i>, die mit den Mitteln der Kunst gegen die Tyrannei des al-Assad-Regimes k\u00e4mpfte. Erinnert wird au\u00dferdem an den Einfluss des Anarchisten\u00a0<i>Omar Aziz\u00a0<\/i>auf die entstehende R\u00e4tebewegung in Stadtteilen und Regionen Syriens sowie an\u00a0<i>Jawdat Said<\/i>, den wichtigsten Theoretiker der\u00a0<i>Syrischen Bewegung f\u00fcr Gewaltfreiheit<\/i>. Die Gr\u00fcndung der Freien Syrischen Armee (FSA), neue islamistische Tyranneien sowie Interventionskriege machten aus dem Traum der sozialen Revolution jedoch einen Albtraum.<\/p>\n<p>Der zweite Teil des Buches informiert \u00fcber die gewaltfreie Massenbewegung im Sudan von 1983 bis 1985. Sie wurde wesentlich durch den Sufi, Antikolonialisten und libert\u00e4ren Interpreten des Koran,\u00a0<i>Mahmud Taha<\/i>, und seine Organisation\u00a0<i>Republikanische Br\u00fcder<\/i>\u00a0gepr\u00e4gt. Ihr gelang es, die Milit\u00e4rdiktatur an-Numairis, der seine Tyrannei als s\u00e4kular-&#8222;sozialistischer&#8220; Putschist in der Tradition der jungen Offiziere von Nasser bis Gaddafi begr\u00fcndete, aber sp\u00e4ter als Verb\u00fcndeter der Muslimbr\u00fcder die Scharia einf\u00fchrte, entscheidend zu schw\u00e4chen. Taha wurde als &#8222;Ketzer&#8220; verurteilt und 1985 hingerichtet. Er hatte ein Konzept f\u00fcr ein f\u00f6deralistisches System entwickelt, das den Krieg zwischen Nord- und S\u00fcdsudan entsch\u00e4rft und den sp\u00e4teren Massenmord in Darfur m\u00f6glicherweise verhindert h\u00e4tte.<\/p>\n","protected":false},"excerpt":{"rendered":"<p>Die Kriege im Mittleren Osten und in der afrikanischen Sahelzone treffen vor allem ZivilistInnen und zwingen Millionen zur Flucht. Viele Medien stellen als Handelnde nur die bewaffneten Milit\u00e4rs und Milizen dar, denen eine angeblich passive, ihnen ausgelieferte Bev\u00f6lkerung gegen\u00fcbersteht. Dieses Bild l\u00e4sst zunehmend in Vergessenheit geraten, dass in den arabischen Aufst\u00e4nden 2011 Milit\u00e4rdiktaturen auf gewaltfreie Weise gest\u00fcrzt oder ins Wanken gebracht worden sind.<\/p>\n","protected":false},"featured_media":16713,"template":"","meta":{"slim_seo":{"title":"Im Kampf gegen die Tyrannei - graswurzelrevolution","description":"Die Kriege im Mittleren Osten und in der afrikanischen Sahelzone treffen vor allem ZivilistInnen und zwingen Millionen zur Flucht. Viele Medien stellen als Hand"}},"product_brand":[],"product_cat":[923],"product_tag":[],"class_list":{"0":"post-15793","1":"product","2":"type-product","3":"status-publish","4":"has-post-thumbnail","6":"product_cat-buchverlag","8":"first","9":"instock","10":"taxable","11":"shipping-taxable","12":"purchasable","13":"product-type-simple"},"_links":{"self":[{"href":"https:\/\/www.graswurzel.net\/gwr\/wp-json\/wp\/v2\/product\/15793","targetHints":{"allow":["GET"]}}],"collection":[{"href":"https:\/\/www.graswurzel.net\/gwr\/wp-json\/wp\/v2\/product"}],"about":[{"href":"https:\/\/www.graswurzel.net\/gwr\/wp-json\/wp\/v2\/types\/product"}],"wp:featuredmedia":[{"embeddable":true,"href":"https:\/\/www.graswurzel.net\/gwr\/wp-json\/wp\/v2\/media\/16713"}],"wp:attachment":[{"href":"https:\/\/www.graswurzel.net\/gwr\/wp-json\/wp\/v2\/media?parent=15793"}],"wp:term":[{"taxonomy":"product_brand","embeddable":true,"href":"https:\/\/www.graswurzel.net\/gwr\/wp-json\/wp\/v2\/product_brand?post=15793"},{"taxonomy":"product_cat","embeddable":true,"href":"https:\/\/www.graswurzel.net\/gwr\/wp-json\/wp\/v2\/product_cat?post=15793"},{"taxonomy":"product_tag","embeddable":true,"href":"https:\/\/www.graswurzel.net\/gwr\/wp-json\/wp\/v2\/product_tag?post=15793"}],"curies":[{"name":"wp","href":"https:\/\/api.w.org\/{rel}","templated":true}]}}