{"id":15794,"date":"2021-10-01T17:34:01","date_gmt":"2021-10-01T15:34:01","guid":{"rendered":"http:\/\/test.graswurzel.net\/gwr\/?post_type=product&#038;p=15794"},"modified":"2022-02-28T20:59:40","modified_gmt":"2022-02-28T18:59:40","slug":"je-mehr-gewalt-desto-weniger-revolution","status":"publish","type":"product","link":"https:\/\/www.graswurzel.net\/gwr\/produkt\/je-mehr-gewalt-desto-weniger-revolution\/","title":{"rendered":"Je mehr Gewalt, desto weniger Revolution"},"content":{"rendered":"<p>Arbeitsgruppe Anarchismus und Gewaltfreiheit (Hg.)<\/p>\n<p><b>Je mehr Gewalt, desto weniger Revolution<\/b><br \/>\nTexte zum gewaltfreien Anarchismus &amp; anarchistischen Pazifismus<br \/>\nBand 1<\/p>\n<p>240 Seiten, 16,90 Euro<br \/>\nISBN 978-3-939045-31-1<\/p>\n<p>&#8222;Je mehr Gewalt, desto weniger Revolution&#8220;<b>\u00a0<\/b>&#8211; mit diesem Satz brachte Bart de Ligt eine zentrale Maxime des gewaltfreien Anarchismus und anarchistischen Pazifismus auf den Punkt. Die Aussage war nicht nur als theoretisch-praktische Erkenntnis zu verstehen, sondern auch als eine, die sich auf konkrete historische Erfahrungen bezieht. De Ligts Feststellung ist von weitreichender Bedeutung &#8211; f\u00fcr anarchistische, gewaltfreie und sozialrevolution\u00e4re Theorie und Praxis; f\u00fcr Geschichte und Gegenwart; f\u00fcr AnarchistInnen unterschiedlicher Couleur; f\u00fcr gewaltfreie AktivistInnen und PazifistInnen sowie f\u00fcr alle Menschen, die nach einem emanzipatorischen Wandel streben.<\/p>\n<p>Gelingt Befreiung mit gewaltlosen Kampfformen? Wie k\u00f6nnen sie \u00fcber punktuelle Kampagnen hinaus als gewaltfrei-revolution\u00e4re Perspektive effektiv werden? Welche historischen und aktuellen Erfahrungen, Grenzen und Erfolge m\u00fcssen dabei aufgenommen und diskutiert werden?<\/p>\n<p>Beitr\u00e4ge aus anarchistisch-gewaltfreien und anarchopazifistischen Traditionen wieder in Erinnerung zu rufen und deren Bedeutung f\u00fcr sozialrevolution\u00e4re Bewegungen zu unterstreichen, geh\u00f6rt zu den Aufgaben dieser Buchreihe: Nachdrucke historischer Texte, die nicht leicht verf\u00fcgbar sind, theoretische Abhandlungen und die Praxis sozialer Bewegungen reflektierende Aufs\u00e4tze sollen Diskussionen \u00fcber die Erfolgsaussichten antiautorit\u00e4r-sozialistischer Perspektiven neu er\u00f6ffnen.<\/p>\n","protected":false},"excerpt":{"rendered":"<p>Beitr\u00e4ge aus anarchistisch-gewaltfreien und anarchopazifistischen Traditionen wieder in Erinnerung zu rufen und deren Bedeutung f\u00fcr sozialrevolution\u00e4re Bewegungen zu unterstreichen, geh\u00f6rt zu den Aufgaben dieser Buchreihe: Nachdrucke historischer Texte, die nicht leicht verf\u00fcgbar sind, theoretische Abhandlungen und die Praxis sozialer Bewegungen reflektierende Aufs\u00e4tze.<\/p>\n","protected":false},"featured_media":16715,"template":"","meta":{"slim_seo":{"title":"Je mehr Gewalt, desto weniger Revolution - graswurzelrevolution","description":"Beitr\u00e4ge aus anarchistisch-gewaltfreien und anarchopazifistischen Traditionen wieder in Erinnerung zu rufen und deren Bedeutung f\u00fcr sozialrevolution\u00e4re Bewegung"}},"product_brand":[],"product_cat":[923],"product_tag":[698,989],"class_list":{"0":"post-15794","1":"product","2":"type-product","3":"status-publish","4":"has-post-thumbnail","6":"product_cat-buchverlag","7":"product_tag-anarchismus-2","8":"product_tag-gewaltfreiheit","10":"first","11":"instock","12":"taxable","13":"shipping-taxable","14":"purchasable","15":"product-type-simple"},"_links":{"self":[{"href":"https:\/\/www.graswurzel.net\/gwr\/wp-json\/wp\/v2\/product\/15794","targetHints":{"allow":["GET"]}}],"collection":[{"href":"https:\/\/www.graswurzel.net\/gwr\/wp-json\/wp\/v2\/product"}],"about":[{"href":"https:\/\/www.graswurzel.net\/gwr\/wp-json\/wp\/v2\/types\/product"}],"wp:featuredmedia":[{"embeddable":true,"href":"https:\/\/www.graswurzel.net\/gwr\/wp-json\/wp\/v2\/media\/16715"}],"wp:attachment":[{"href":"https:\/\/www.graswurzel.net\/gwr\/wp-json\/wp\/v2\/media?parent=15794"}],"wp:term":[{"taxonomy":"product_brand","embeddable":true,"href":"https:\/\/www.graswurzel.net\/gwr\/wp-json\/wp\/v2\/product_brand?post=15794"},{"taxonomy":"product_cat","embeddable":true,"href":"https:\/\/www.graswurzel.net\/gwr\/wp-json\/wp\/v2\/product_cat?post=15794"},{"taxonomy":"product_tag","embeddable":true,"href":"https:\/\/www.graswurzel.net\/gwr\/wp-json\/wp\/v2\/product_tag?post=15794"}],"curies":[{"name":"wp","href":"https:\/\/api.w.org\/{rel}","templated":true}]}}