{"id":15795,"date":"2018-02-01T00:00:32","date_gmt":"2018-01-31T22:00:32","guid":{"rendered":"http:\/\/test.graswurzel.net\/gwr\/?post_type=product&#038;p=15795"},"modified":"2019-01-27T13:04:53","modified_gmt":"2019-01-27T11:04:53","slug":"amparo-poch-y-gascon","status":"publish","type":"product","link":"https:\/\/www.graswurzel.net\/gwr\/produkt\/amparo-poch-y-gascon\/","title":{"rendered":"Amparo Poch y Gasc\u00f3n"},"content":{"rendered":"<p>Martin Baxmeyer<br \/>\n<b>Amparo Poch y Gasc\u00f3n<\/b><br \/>\nBiographie und Erz\u00e4hlungen aus der spanischen Revolution<\/p>\n<p>152 Seiten, 13,90 Euro<br \/>\nISBN: 978-3-939045-33-5<\/p>\n<p>Leben und Werk der aus Zaragoza stammenden Amparo Poch y Gasc\u00f3n (1902-1968) sind ein eindr\u00fcckliches Beispiel daf\u00fcr, wie spannungsreich das Verh\u00e4ltnis zwischen M\u00e4nnern und Frauen in der anarchistischen Bewegung Spaniens war. Pro-feministische und anti-feministische Str\u00f6mungen standen sich im 19. Jahrhundert und noch bis in die Drei\u00dfigerjahre unvermittelt und konfliktgeladen gegen\u00fcber.<\/p>\n<p>Amparo Poch war eine der drei Gr\u00fcnderinnen der anarchistischen Frauenorganisation\u00a0<i>Mujeres Libres<\/i>\u00a0w\u00e4hrend der spanischen Revolution und mit pr\u00e4gend f\u00fcr deren Politik. Sie k\u00e4mpfte f\u00fcr die freie Liebe und gleichen Zugang f\u00fcr Frauen zum Arbeitsprozess. Als \u00c4rztin leitete sie ein Feldlazarett vor Madrid, weigerte sich aber gleichzeitig, Gewalt in einer extrem gewaltt\u00e4tigen Situation zu legitimieren. Als Mitarbeiterin von Federica Montseny im Gesundheitsministerium organisierte sie die massenhafte Evakuierung von Kindern ins Ausland.<\/p>\n<p>Die anarchistische Literatur vollzog in der spanischen Revolution einen &#8222;nationalistischen Schwenk&#8220;, den Amparo Poch nicht mitmachte. Sie schrieb weiterhin in ihrem herrschafts- und patriarchatskritischen sowie lebensbejahrenden Stil. Davon zeugen ihre ironisch-satirischen Erz\u00e4hlungen, die unter dem Titel\u00a0<i>Sanatorium des Optimismus<\/i>\u00a0in der anarchafeministischen Zeitschrift\u00a0<i>Mujeres Libres<\/i>\u00a0erschienen und im Anhang dieser Biographie erstmals in deutscher \u00dcbersetzung vorliegen.<\/p>\n","protected":false},"excerpt":{"rendered":"<p>Leben und Werk der aus Zaragoza stammenden Amparo Poch y Gasc\u00f3n (1902-1968) sind ein eindr\u00fcckliches Beispiel daf\u00fcr, wie spannungsreich das Verh\u00e4ltnis zwischen M\u00e4nnern und Frauen in der anarchistischen Bewegung Spaniens war.<\/p>\n","protected":false},"featured_media":16716,"template":"","meta":{"slim_seo":{"title":"Amparo Poch y Gasc\u00f3n - graswurzelrevolution","description":"Leben und Werk der aus Zaragoza stammenden Amparo Poch y Gasc\u00f3n (1902-1968) sind ein eindr\u00fcckliches Beispiel daf\u00fcr, wie spannungsreich das Verh\u00e4ltnis zwischen M"}},"product_brand":[],"product_cat":[923],"product_tag":[],"class_list":{"0":"post-15795","1":"product","2":"type-product","3":"status-publish","4":"has-post-thumbnail","6":"product_cat-buchverlag","8":"first","9":"instock","10":"taxable","11":"shipping-taxable","12":"purchasable","13":"product-type-simple"},"_links":{"self":[{"href":"https:\/\/www.graswurzel.net\/gwr\/wp-json\/wp\/v2\/product\/15795","targetHints":{"allow":["GET"]}}],"collection":[{"href":"https:\/\/www.graswurzel.net\/gwr\/wp-json\/wp\/v2\/product"}],"about":[{"href":"https:\/\/www.graswurzel.net\/gwr\/wp-json\/wp\/v2\/types\/product"}],"wp:featuredmedia":[{"embeddable":true,"href":"https:\/\/www.graswurzel.net\/gwr\/wp-json\/wp\/v2\/media\/16716"}],"wp:attachment":[{"href":"https:\/\/www.graswurzel.net\/gwr\/wp-json\/wp\/v2\/media?parent=15795"}],"wp:term":[{"taxonomy":"product_brand","embeddable":true,"href":"https:\/\/www.graswurzel.net\/gwr\/wp-json\/wp\/v2\/product_brand?post=15795"},{"taxonomy":"product_cat","embeddable":true,"href":"https:\/\/www.graswurzel.net\/gwr\/wp-json\/wp\/v2\/product_cat?post=15795"},{"taxonomy":"product_tag","embeddable":true,"href":"https:\/\/www.graswurzel.net\/gwr\/wp-json\/wp\/v2\/product_tag?post=15795"}],"curies":[{"name":"wp","href":"https:\/\/api.w.org\/{rel}","templated":true}]}}