{"id":15796,"date":"2019-02-10T18:04:19","date_gmt":"2019-02-10T16:04:19","guid":{"rendered":"http:\/\/test.graswurzel.net\/gwr\/?post_type=product&#038;p=15796"},"modified":"2019-06-26T20:12:36","modified_gmt":"2019-06-26T18:12:36","slug":"handbuch-fuer-gewaltfreie-kampagnen","status":"publish","type":"product","link":"https:\/\/www.graswurzel.net\/gwr\/produkt\/handbuch-fuer-gewaltfreie-kampagnen\/","title":{"rendered":"Handbuch f\u00fcr gewaltfreie Kampagnen"},"content":{"rendered":"<p>War Resisters&#8216; International (Hg.)<br \/>\n<b>Handbuch f\u00fcr gewaltfreie Kampagnen<\/b><\/p>\n<p>256 Seiten, 28 Fotos, 25 Abbildungen (Tabellen\/Grafiken), 18,90 Euro<br \/>\nISBN: 978-3-939045-32-8<\/p>\n<p>Eine soziale Umw\u00e4lzung passiert nicht einfach so. Sie ist das Ergebnis der Arbeit engagierter AktivistInnen, die f\u00fcr eine Welt der Gerechtigkeit und des Friedens k\u00e4mpfen. Aktionen f\u00fcr soziale Gerechtigkeit gut vorzubereiten, ist der Schl\u00fcssel zum Erfolg. Dieses Handbuch f\u00fchrt Erfahrungen von gewaltfreien Kampagnen in verschiedenen sozialen Zusammenh\u00e4ngen und unterschiedlichen L\u00e4ndern der Welt zusammen. Es zeigt, wie<\/p>\n<ul>\n<li>Strategien f\u00fcr gewaltfreie Kampagnen entwickelt und<\/li>\n<li>wirksame gewaltfreie Aktionen vorbereitet werden (inkl. Checklisten),<\/li>\n<li>gewaltfreies Verhalten einge\u00fcbt wird (inkl. Prozesse der Gruppendynamik und der Gender-Problematik).<\/li>\n<li>Fallbeispiele aus verschiedenen L\u00e4ndern schildern erfolgreiche gewaltfreie Kampagnen unter spezifischen gesellschaftlichen Bedingungen.<\/li>\n<\/ul>\n<p>Auch wenn es nicht das eine garantiert wirksame Rezept f\u00fcr den Erfolg gewaltfreier Aktionen und Kampagnen gibt, bietet dieses Handbuch viele hilfreiche praktische Hinweise. AktivistInnen k\u00f6nnen sie nutzen, um ihre eigene Kampagne aufzubauen. 50 Autorinnen und Autoren des Netzwerks der antimilitaristischen Internationale War Resisters&#8216; International (WRI) haben an diesem Handbuch mitgewirkt. Sie kommen aus Australien, Belgien, Gro\u00dfbritannien, Kolumbien, Chile, der BRD, Italien, Israel, S\u00fcdkorea, Skandinavien, Spanien, der T\u00fcrkei und den USA.<\/p>\n","protected":false},"excerpt":{"rendered":"<p>Eine soziale Umw\u00e4lzung passiert nicht einfach so. Sie ist das Ergebnis der Arbeit engagierter AktivistInnen, die f\u00fcr eine Welt der Gerechtigkeit und des Friedens k\u00e4mpfen. Aktionen f\u00fcr soziale Gerechtigkeit gut vorzubereiten, ist der Schl\u00fcssel zum Erfolg.<\/p>\n","protected":false},"featured_media":16717,"template":"","meta":{"slim_seo":{"title":"Handbuch f\u00fcr gewaltfreie Kampagnen - graswurzelrevolution","description":"Eine soziale Umw\u00e4lzung passiert nicht einfach so. Sie ist das Ergebnis der Arbeit engagierter AktivistInnen, die f\u00fcr eine Welt der Gerechtigkeit und des Frieden"}},"product_brand":[],"product_cat":[923],"product_tag":[990,989],"class_list":{"0":"post-15796","1":"product","2":"type-product","3":"status-publish","4":"has-post-thumbnail","6":"product_cat-buchverlag","7":"product_tag-antimilitarismus","8":"product_tag-gewaltfreiheit","10":"first","11":"instock","12":"taxable","13":"shipping-taxable","14":"purchasable","15":"product-type-simple"},"_links":{"self":[{"href":"https:\/\/www.graswurzel.net\/gwr\/wp-json\/wp\/v2\/product\/15796","targetHints":{"allow":["GET"]}}],"collection":[{"href":"https:\/\/www.graswurzel.net\/gwr\/wp-json\/wp\/v2\/product"}],"about":[{"href":"https:\/\/www.graswurzel.net\/gwr\/wp-json\/wp\/v2\/types\/product"}],"wp:featuredmedia":[{"embeddable":true,"href":"https:\/\/www.graswurzel.net\/gwr\/wp-json\/wp\/v2\/media\/16717"}],"wp:attachment":[{"href":"https:\/\/www.graswurzel.net\/gwr\/wp-json\/wp\/v2\/media?parent=15796"}],"wp:term":[{"taxonomy":"product_brand","embeddable":true,"href":"https:\/\/www.graswurzel.net\/gwr\/wp-json\/wp\/v2\/product_brand?post=15796"},{"taxonomy":"product_cat","embeddable":true,"href":"https:\/\/www.graswurzel.net\/gwr\/wp-json\/wp\/v2\/product_cat?post=15796"},{"taxonomy":"product_tag","embeddable":true,"href":"https:\/\/www.graswurzel.net\/gwr\/wp-json\/wp\/v2\/product_tag?post=15796"}],"curies":[{"name":"wp","href":"https:\/\/api.w.org\/{rel}","templated":true}]}}