{"id":15797,"date":"2017-04-19T18:05:11","date_gmt":"2017-04-19T16:05:11","guid":{"rendered":"http:\/\/test.graswurzel.net\/gwr\/?post_type=product&#038;p=15797"},"modified":"2026-01-30T20:24:14","modified_gmt":"2026-01-30T18:24:14","slug":"gewaltfreier-anarchismus-anarchistischer-pazifismus","status":"publish","type":"product","link":"https:\/\/www.graswurzel.net\/gwr\/produkt\/gewaltfreier-anarchismus-anarchistischer-pazifismus\/","title":{"rendered":"Gewaltfreier Anarchismus &amp; anarchistischer Pazifismus"},"content":{"rendered":"<p>Sebastian Kalicha<br \/>\n<b>Gewaltfreier Anarchismus &amp; anarchistischer Pazifismus<\/b><br \/>\nAuf den Spuren einer revolution\u00e4ren Theorie und Bewegung<\/p>\n<p>Illustriert von Daniel Grunewald<\/p>\n<p>278 Seiten, 65 Abbildungen, 18,90 Euro<br \/>\nISBN 978-3-939045-30-4<\/p>\n<p>In der facettenreichen Welt des Anarchismus spielt seit jeher auch der gewaltfreie Anarchismus und anarchistische Pazifismus eine Rolle. Was aber zeichnet diese spezifische anarchistische Str\u00f6mung aus? Was sind die Grundlagen gewaltfrei-anarchistischer Theorie? Welche Pers\u00f6nlichkeiten haben diese Tradition des Anarchismus gepr\u00e4gt und welchen Einfluss hatte und hat sie auf emanzipatorische Protestbewegungen und auf anarchistischen, antimilitaristischen sowie gewaltfrei-revolution\u00e4ren Aktivismus?<\/p>\n<p>All diese Fragen und noch viele weitere Aspekte des gewaltfreien Anarchismus und anarchistischen Pazifismus werden in dieser illustrierten Einf\u00fchrung eingehend behandelt. Es wird ein weiter Bogen gespannt von der Theorie zur Praxis, von der Geschichte zur Gegenwart und von der biografischen Betrachtung zur Bewegungsgeschichte in dem Bestreben, ein umfassendes Bild und eine koh\u00e4rente Analyse dieser anarchistischen Str\u00f6mung zu liefern.<\/p>\n","protected":false},"excerpt":{"rendered":"<p>In der facettenreichen Welt des Anarchismus spielt seit jeher auch der gewaltfreie Anarchismus und anarchistische Pazifismus eine Rolle. Was aber zeichnet diese spezifische anarchistische Str\u00f6mung aus? Was sind die Grundlagen gewaltfrei-anarchistischer Theorie?<\/p>\n","protected":false},"featured_media":16718,"template":"","meta":{"slim_seo":{"title":"Gewaltfreier Anarchismus &amp; anarchistischer Pazifismus - graswurzelrevolution","description":"In der facettenreichen Welt des Anarchismus spielt seit jeher auch der gewaltfreie Anarchismus und anarchistische Pazifismus eine Rolle. Was aber zeichnet diese"}},"product_brand":[],"product_cat":[923],"product_tag":[698,989],"class_list":{"0":"post-15797","1":"product","2":"type-product","3":"status-publish","4":"has-post-thumbnail","6":"product_cat-buchverlag","7":"product_tag-anarchismus-2","8":"product_tag-gewaltfreiheit","10":"first","11":"instock","12":"taxable","13":"shipping-taxable","14":"purchasable","15":"product-type-simple"},"_links":{"self":[{"href":"https:\/\/www.graswurzel.net\/gwr\/wp-json\/wp\/v2\/product\/15797","targetHints":{"allow":["GET"]}}],"collection":[{"href":"https:\/\/www.graswurzel.net\/gwr\/wp-json\/wp\/v2\/product"}],"about":[{"href":"https:\/\/www.graswurzel.net\/gwr\/wp-json\/wp\/v2\/types\/product"}],"wp:featuredmedia":[{"embeddable":true,"href":"https:\/\/www.graswurzel.net\/gwr\/wp-json\/wp\/v2\/media\/16718"}],"wp:attachment":[{"href":"https:\/\/www.graswurzel.net\/gwr\/wp-json\/wp\/v2\/media?parent=15797"}],"wp:term":[{"taxonomy":"product_brand","embeddable":true,"href":"https:\/\/www.graswurzel.net\/gwr\/wp-json\/wp\/v2\/product_brand?post=15797"},{"taxonomy":"product_cat","embeddable":true,"href":"https:\/\/www.graswurzel.net\/gwr\/wp-json\/wp\/v2\/product_cat?post=15797"},{"taxonomy":"product_tag","embeddable":true,"href":"https:\/\/www.graswurzel.net\/gwr\/wp-json\/wp\/v2\/product_tag?post=15797"}],"curies":[{"name":"wp","href":"https:\/\/api.w.org\/{rel}","templated":true}]}}