{"id":15798,"date":"2016-10-17T18:05:54","date_gmt":"2016-10-17T16:05:54","guid":{"rendered":"http:\/\/test.graswurzel.net\/gwr\/?post_type=product&#038;p=15798"},"modified":"2018-08-08T19:00:09","modified_gmt":"2018-08-08T17:00:09","slug":"digitale-selbstueberwachung","status":"publish","type":"product","link":"https:\/\/www.graswurzel.net\/gwr\/produkt\/digitale-selbstueberwachung\/","title":{"rendered":"Digitale Selbst\u00fcberwachung"},"content":{"rendered":"<p>Simon Schaupp<br \/>\n<b>Digitale Selbst\u00fcberwachung<br \/>\n<\/b>Self-Tracking im kybernetischen Kapitalismus<\/p>\n<p>160 Seiten, 14,90 Euro<br \/>\nISBN 978-3-939045-29-8<\/p>\n<p>Self-Tracking und das\u00a0<i>Quantified-Self-Movement<\/i>\u00a0sind zu einem schnell wachsenden Trend geworden. Immer mehr Menschen \u00fcberwachen mittels tragbarer digitaler Ger\u00e4te minuti\u00f6s ihren Lebenswandel, von der Arbeit bis zum Schlaf, vom Sport bis zum Sex &#8211; und das freiwillig.<\/p>\n<p>Simon Schaupps Studie\u00a0<i>Digitale Selbst\u00fcberwachung<\/i>\u00a0geht diesem Trend kritisch auf den Grund. Er stellt dabei die Self-Tracker_innen nicht als obsessive Nerds dar, sondern fragt nach den gesellschaftlichen Ursachen f\u00fcr diese Praxis: Welche politischen und \u00f6konomischen Strukturen machen es notwendig, sich permanent selbst zu \u00fcberwachen und zu optimieren?<\/p>\n<p>Um diese Frage zu beantworten, verfolgt Schaupp die Selbstoptimierung auf der Grundlage von Feedbackschleifen zu ihren historischen Wurzeln in der kybernetischen Steuerungstheorie zur\u00fcck und skizziert eine Theorie des kybernetischen Kapitalismus. Dabei wird deutlich, dass die Allgegenwart miniaturisierter vernetzter Computer unsere Gesellschaft grundlegend ver\u00e4ndert. Nicht nur verschmelzen Kommunikation und Warenproduktion immer mehr zu ein- und demselben Prozess, sondern es bildet sich auch eine neue Form sozialer Kontrolle heraus, die wesentlich auf permanenten (digitalen) Feedbacks gr\u00fcndet.<\/p>\n<p>Das Self-Tracking wird hier als Ausdruck der Entwicklung hin zu einem kybernetischen Kapitalismus analysiert, die verstehen sollte, wer die Funktionsweise von Herrschaft in hoch technisierten Gesellschaften durchschauen will.<\/p>\n","protected":false},"excerpt":{"rendered":"<p>Self-Tracking und das <i>Quantified-Self-Movement<\/i> sind zu einem schnell wachsenden Trend geworden. Immer mehr Menschen \u00fcberwachen mittels tragbarer digitaler Ger\u00e4te minuti\u00f6s ihren Lebenswandel, von der Arbeit bis zum Schlaf, vom Sport bis zum Sex &#8211; und das freiwillig.<\/p>\n","protected":false},"featured_media":16719,"template":"","meta":{"slim_seo":{"title":"Digitale Selbst\u00fcberwachung - graswurzelrevolution","description":"Self-Tracking und das Quantified-Self-Movement sind zu einem schnell wachsenden Trend geworden. Immer mehr Menschen \u00fcberwachen mittels tragbarer digitaler Ger\u00e4t"}},"product_brand":[],"product_cat":[923],"product_tag":[],"class_list":{"0":"post-15798","1":"product","2":"type-product","3":"status-publish","4":"has-post-thumbnail","6":"product_cat-buchverlag","8":"first","9":"instock","10":"taxable","11":"shipping-taxable","12":"purchasable","13":"product-type-simple"},"_links":{"self":[{"href":"https:\/\/www.graswurzel.net\/gwr\/wp-json\/wp\/v2\/product\/15798","targetHints":{"allow":["GET"]}}],"collection":[{"href":"https:\/\/www.graswurzel.net\/gwr\/wp-json\/wp\/v2\/product"}],"about":[{"href":"https:\/\/www.graswurzel.net\/gwr\/wp-json\/wp\/v2\/types\/product"}],"wp:featuredmedia":[{"embeddable":true,"href":"https:\/\/www.graswurzel.net\/gwr\/wp-json\/wp\/v2\/media\/16719"}],"wp:attachment":[{"href":"https:\/\/www.graswurzel.net\/gwr\/wp-json\/wp\/v2\/media?parent=15798"}],"wp:term":[{"taxonomy":"product_brand","embeddable":true,"href":"https:\/\/www.graswurzel.net\/gwr\/wp-json\/wp\/v2\/product_brand?post=15798"},{"taxonomy":"product_cat","embeddable":true,"href":"https:\/\/www.graswurzel.net\/gwr\/wp-json\/wp\/v2\/product_cat?post=15798"},{"taxonomy":"product_tag","embeddable":true,"href":"https:\/\/www.graswurzel.net\/gwr\/wp-json\/wp\/v2\/product_tag?post=15798"}],"curies":[{"name":"wp","href":"https:\/\/api.w.org\/{rel}","templated":true}]}}