{"id":15799,"date":"2016-09-01T18:06:57","date_gmt":"2016-09-01T16:06:57","guid":{"rendered":"http:\/\/test.graswurzel.net\/gwr\/?post_type=product&#038;p=15799"},"modified":"2018-08-08T19:00:49","modified_gmt":"2018-08-08T17:00:49","slug":"die-revolution-bist-du","status":"publish","type":"product","link":"https:\/\/www.graswurzel.net\/gwr\/produkt\/die-revolution-bist-du\/","title":{"rendered":"Die Revolution bist Du!"},"content":{"rendered":"<p>Dennis de Lange<br \/>\n<b>Die Revolution bist Du!<\/b><br \/>\nDer Tolstojanismus als soziale Bewegung in den Niederlanden<br \/>\nHerausgegeben, kommentiert und aus dem Niederl\u00e4ndischen \u00fcbersetzt von Renate Brucker<\/p>\n<p>177 Seiten, 24 Abb., 16,90 Euro<br \/>\nISBN 978-3-939045-27-4<\/p>\n<p>Die niederl\u00e4ndischen TolstojanerInnen, die sich selbst &#8222;Christen-Anarchisten&#8220; nannten, bildeten ein ausgedehntes Netzwerk, dessen Mitglieder sich auf verschiedenen Gebieten bet\u00e4tigten. Sie k\u00e4mpften gewaltfrei gegen Militarismus und Ausbeutung, aber auch gegen Alkohol, Rauchen und Tierversuche und traten f\u00fcr den Vegetarismus und die freie Ehe, aber gegen ungez\u00fcgelten sexuellen Genuss ein. Sie lehnten Staat und Kapitalismus ab, widersetzten sich aber gleichzeitig dem Parteisozialismus. Praktisch umgesetzt haben sie ihre Ideen in Vorformen sozial-kultureller Stadtteilarbeit in Amsterdam und in Siedlungen wie der Kolonie der Internationalen Bruderschaft sowie in der Humanit\u00e4ren Schule in Blaricum. Dies alles waren Aspekte des Strebens nach einem besseren Menschen und einer besseren Welt. Der anarchistische Aspekt wird u. a. in der auf die individuelle Ver\u00e4nderung ausgerichteten Strategie deutlich, die nicht auf gesetzliche Regelungen oder &#8222;Lobbyarbeit&#8220; abzielte, aber auch in direkten Handlungen der Verweigerung.<\/p>\n<p>Dennis de Langes Studie ist die erste, welche die TolstojanerInnen als soziale Bewegung in den Niederlanden beschreibt. Sie stellt die wichtigsten Protagonisten vor, diskutiert deren Visionen und K\u00e4mpfe und behandelt umfassend all die unterschiedlichen Aspekte, Phasen und Projekte dieser Bewegung.<\/p>\n","protected":false},"excerpt":{"rendered":"<p>Die niederl\u00e4ndischen TolstojanerInnen, die sich selbst &#8222;Christen-Anarchisten&#8220; nannten, bildeten ein ausgedehntes Netzwerk, dessen Mitglieder sich auf verschiedenen Gebieten bet\u00e4tigten. Sie k\u00e4mpften gewaltfrei gegen Militarismus und Ausbeutung, aber auch gegen Alkohol, Rauchen und Tierversuche und traten f\u00fcr den Vegetarismus und die freie Ehe, aber gegen ungez\u00fcgelten sexuellen Genuss ein.<\/p>\n","protected":false},"featured_media":16722,"template":"","meta":{"slim_seo":{"title":"Die Revolution bist Du! - graswurzelrevolution","description":"Die niederl\u00e4ndischen TolstojanerInnen, die sich selbst \"Christen-Anarchisten\" nannten, bildeten ein ausgedehntes Netzwerk, dessen Mitglieder sich auf verschiede"}},"product_brand":[],"product_cat":[923],"product_tag":[],"class_list":{"0":"post-15799","1":"product","2":"type-product","3":"status-publish","4":"has-post-thumbnail","6":"product_cat-buchverlag","8":"first","9":"instock","10":"taxable","11":"shipping-taxable","12":"purchasable","13":"product-type-simple"},"_links":{"self":[{"href":"https:\/\/www.graswurzel.net\/gwr\/wp-json\/wp\/v2\/product\/15799","targetHints":{"allow":["GET"]}}],"collection":[{"href":"https:\/\/www.graswurzel.net\/gwr\/wp-json\/wp\/v2\/product"}],"about":[{"href":"https:\/\/www.graswurzel.net\/gwr\/wp-json\/wp\/v2\/types\/product"}],"wp:featuredmedia":[{"embeddable":true,"href":"https:\/\/www.graswurzel.net\/gwr\/wp-json\/wp\/v2\/media\/16722"}],"wp:attachment":[{"href":"https:\/\/www.graswurzel.net\/gwr\/wp-json\/wp\/v2\/media?parent=15799"}],"wp:term":[{"taxonomy":"product_brand","embeddable":true,"href":"https:\/\/www.graswurzel.net\/gwr\/wp-json\/wp\/v2\/product_brand?post=15799"},{"taxonomy":"product_cat","embeddable":true,"href":"https:\/\/www.graswurzel.net\/gwr\/wp-json\/wp\/v2\/product_cat?post=15799"},{"taxonomy":"product_tag","embeddable":true,"href":"https:\/\/www.graswurzel.net\/gwr\/wp-json\/wp\/v2\/product_tag?post=15799"}],"curies":[{"name":"wp","href":"https:\/\/api.w.org\/{rel}","templated":true}]}}