{"id":15800,"date":"2016-04-09T18:19:09","date_gmt":"2016-04-09T16:19:09","guid":{"rendered":"http:\/\/test.graswurzel.net\/gwr\/?post_type=product&#038;p=15800"},"modified":"2020-07-22T12:22:47","modified_gmt":"2020-07-22T10:22:47","slug":"rirette-maitrejean","status":"publish","type":"product","link":"https:\/\/www.graswurzel.net\/gwr\/produkt\/rirette-maitrejean\/","title":{"rendered":"Rirette Ma\u00eetrejean"},"content":{"rendered":"<p>Lou Marin<br \/>\n<b>Rirette Ma\u00eetrejean<\/b><br \/>\nAttentatskritikerin, Anarchafeministin, Individualanarchistin<\/p>\n<p>262 Seiten,16,90 Euro<br \/>\nISBN 978-3-939045-26-7<\/p>\n<p>Rirette Ma\u00eetrejean (1887-1968), Anarchafeministin und Individualanarchistin im franz\u00f6sischen Milieu libre vor dem Ersten Weltkrieg, wandte sich in ihren&nbsp;<i>Souvenirs d&#8217;anarchie<\/i>&nbsp;(1913) entschieden gegen anarchistische Attentate und Raub\u00fcberf\u00e4lle, von denen besonders die &#8222;Aff\u00e4re Bonnot&#8220; bis heute erinnert wird.<\/p>\n<p>Die daraus entstandenen konfliktgeladenen Diskussionen f\u00fchrten zur Schw\u00e4chung der anarchistischen Massenbewegung beim Kriegseintritt Frankreichs 1914. Die staatliche Repressionswelle traf nicht nur das vielfach von Anarchafeministinnen gepr\u00e4gte lebensreformerische und individualanarchistische Milieu, sondern zwang auch alle anderen anarchistischen Str\u00f6mungen (u.a. Syndikalismus, kommunistischer Anarchismus) dazu, Stellung zu beziehen.<\/p>\n<p>Rirette Ma\u00eetrejean argumentierte in den Zwanziger- und Drei\u00dfigerjahren gegen ihren ehemaligen Lebenspartner und Gesinnungsgenossen Victor Serge, als dieser als Konsequenz aus dem gescheiterten &#8222;Illegalismus&#8220; den Staatsterror der jungen Sowjetunion bef\u00fcrwortete. W\u00e4hrend und nach dem Zweiten Weltkrieg begegnete sie Albert Camus, der ihre Erfahrungen in seiner Kritik des Nihilismus ausformulierte.<\/p>\n<p>Diese Biographie mit einer Auswahl \u00fcbersetzter Artikel bietet die M\u00f6glichkeit, sich mit Leben und Werk der bisher im deutschsprachigen Raum unbekannten Rirette Ma\u00eetrejean auseinanderzusetzen.<\/p>\n","protected":false},"excerpt":{"rendered":"<p>Attentatskritikerin, Anarchafeministin, Individualanarchistin im franz\u00f6sischen Milieu libre vor dem Ersten Weltkrieg: Diese Biographie mit einer Auswahl \u00fcbersetzter Artikel bietet die M\u00f6glichkeit, sich mit Leben und Werk der bisher im deutschsprachigen Raum unbekannten Rirette Ma\u00eetrejean auseinanderzusetzen.<\/p>\n","protected":false},"featured_media":16723,"template":"","meta":{"slim_seo":{"title":"Rirette Ma\u00eetrejean - graswurzelrevolution","description":"Attentatskritikerin, Anarchafeministin, Individualanarchistin im franz\u00f6sischen Milieu libre vor dem Ersten Weltkrieg: Diese Biographie mit einer Auswahl \u00fcberset"}},"product_brand":[],"product_cat":[923],"product_tag":[],"class_list":{"0":"post-15800","1":"product","2":"type-product","3":"status-publish","4":"has-post-thumbnail","6":"product_cat-buchverlag","8":"first","9":"instock","10":"taxable","11":"shipping-taxable","12":"purchasable","13":"product-type-simple"},"_links":{"self":[{"href":"https:\/\/www.graswurzel.net\/gwr\/wp-json\/wp\/v2\/product\/15800","targetHints":{"allow":["GET"]}}],"collection":[{"href":"https:\/\/www.graswurzel.net\/gwr\/wp-json\/wp\/v2\/product"}],"about":[{"href":"https:\/\/www.graswurzel.net\/gwr\/wp-json\/wp\/v2\/types\/product"}],"wp:featuredmedia":[{"embeddable":true,"href":"https:\/\/www.graswurzel.net\/gwr\/wp-json\/wp\/v2\/media\/16723"}],"wp:attachment":[{"href":"https:\/\/www.graswurzel.net\/gwr\/wp-json\/wp\/v2\/media?parent=15800"}],"wp:term":[{"taxonomy":"product_brand","embeddable":true,"href":"https:\/\/www.graswurzel.net\/gwr\/wp-json\/wp\/v2\/product_brand?post=15800"},{"taxonomy":"product_cat","embeddable":true,"href":"https:\/\/www.graswurzel.net\/gwr\/wp-json\/wp\/v2\/product_cat?post=15800"},{"taxonomy":"product_tag","embeddable":true,"href":"https:\/\/www.graswurzel.net\/gwr\/wp-json\/wp\/v2\/product_tag?post=15800"}],"curies":[{"name":"wp","href":"https:\/\/api.w.org\/{rel}","templated":true}]}}