{"id":15803,"date":"2023-09-28T13:10:38","date_gmt":"2023-09-28T11:10:38","guid":{"rendered":"http:\/\/test.graswurzel.net\/gwr\/?post_type=product&#038;p=15803"},"modified":"2026-01-30T20:16:27","modified_gmt":"2026-01-30T18:16:27","slug":"und-ueber-uns-kein-himmel","status":"publish","type":"product","link":"https:\/\/www.graswurzel.net\/gwr\/produkt\/und-ueber-uns-kein-himmel\/","title":{"rendered":"&#8230; und \u00fcber uns kein Himmel"},"content":{"rendered":"<p>Robert Krieg\/Daniel Daemgen<br \/>\n<b>&#8230; und \u00fcber uns kein Himmel\u00a0<\/b><br \/>\nGraphic Novel<\/p>\n<p>95 Seiten<br \/>\nISBN 978-3-939045-18-2<\/p>\n<p>\u201e&#8230; und \u00fcber uns kein Himmel\u201c beruht auf einem authentischen, exemplarischen Fall. Erz\u00e4hlt wird die Odyssee eines Jungen, der in der Geschichte Fritz Blume hei\u00dft, durch Heime der \u00f6ffentlichen F\u00fcrsorge von 1936 bis 1953. F\u00fcr das nationalsozialistische Regime waren Kinder, die in Waisenh\u00e4usern aufwuchsen, \u201enutzlose Esser\u201c, die von der Gesellschaft durchgef\u00fcttert werden mussten. Sie galten als \u201esozial minderwertig\u201c. Wenn ein Psychiater einen F\u00fcrsorgez\u00f6gling beurteilte und in einem Gutachten f\u00fcr geisteskrank erkl\u00e4rte, konnte das einem Todesurteil gleichkommen. Wie durch ein Wunder \u00fcberlebte Fritz Blume die Anstalten &#8211; im Gegensatz zu den rund 200.000 Menschen, die bis 1945 der \u201eRassenhygiene\u201c und der \u201eVernichtung unwerten Lebens\u201c zum Opfer fielen. Kriegsende und Zusammenbruch des Nazi-Regimes \u00e4nderten kaum etwas an den Zust\u00e4nden in den Heimen und Anstalten. Die der Zwangspsychiatrisierung Ausgelieferten hatten jenseits der Mauern keine \u00f6ffentlichen F\u00fcrsprecherInnen. Fritz Blume geh\u00f6rt zu den wenigen, die sich nicht scheuten, das begangene Unrecht selbst \u00f6ffentlich zu machen und Entsch\u00e4digung zu fordern. Er verschaffte sich Geh\u00f6r in einer Nachkriegsgesellschaft, die die Misshandlung \u201esozial Minderwertiger\u201c stillschweigend duldete.<\/p>\n","protected":false},"excerpt":{"rendered":"<p><a href=\"https:\/\/www.graswurzel.net\/gwr\/produkt\/und-ueber-uns-kein-himmel\/\"><span style=\"color: #ff0000\"><strong>Veranstaltungsformat \u201eFilm &amp; Graphic Novel\u201c buchen \u2026<\/strong><\/span><\/a><\/p>\n<p>\u201e&#8230; und \u00fcber uns kein Himmel\u201c beruht auf einem authentischen, exemplarischen Fall. Erz\u00e4hlt wird die Odyssee eines Jungen, der in der Geschichte Fritz Blume hei\u00dft, durch Heime der \u00f6ffentlichen F\u00fcrsorge von 1936 bis 1953. F\u00fcr das nationalsozialistische Regime waren Kinder, die in Waisenh\u00e4usern aufwuchsen, \u201enutzlose Esser\u201c, die von der Gesellschaft durchgef\u00fcttert werden mussten.<\/p>\n","protected":false},"featured_media":16726,"template":"","meta":{"slim_seo":{"title":"... und \u00fcber uns kein Himmel - graswurzelrevolution","description":"Veranstaltungsformat \u201eFilm &amp; Graphic Novel\u201c buchen \u2026 \u201e... und \u00fcber uns kein Himmel\u201c beruht auf einem authentischen, exemplarischen Fall. Erz\u00e4hlt wird die Od"}},"product_brand":[],"product_cat":[923],"product_tag":[],"class_list":{"0":"post-15803","1":"product","2":"type-product","3":"status-publish","4":"has-post-thumbnail","6":"product_cat-buchverlag","8":"first","9":"instock","10":"taxable","11":"shipping-taxable","12":"purchasable","13":"product-type-simple"},"_links":{"self":[{"href":"https:\/\/www.graswurzel.net\/gwr\/wp-json\/wp\/v2\/product\/15803","targetHints":{"allow":["GET"]}}],"collection":[{"href":"https:\/\/www.graswurzel.net\/gwr\/wp-json\/wp\/v2\/product"}],"about":[{"href":"https:\/\/www.graswurzel.net\/gwr\/wp-json\/wp\/v2\/types\/product"}],"wp:featuredmedia":[{"embeddable":true,"href":"https:\/\/www.graswurzel.net\/gwr\/wp-json\/wp\/v2\/media\/16726"}],"wp:attachment":[{"href":"https:\/\/www.graswurzel.net\/gwr\/wp-json\/wp\/v2\/media?parent=15803"}],"wp:term":[{"taxonomy":"product_brand","embeddable":true,"href":"https:\/\/www.graswurzel.net\/gwr\/wp-json\/wp\/v2\/product_brand?post=15803"},{"taxonomy":"product_cat","embeddable":true,"href":"https:\/\/www.graswurzel.net\/gwr\/wp-json\/wp\/v2\/product_cat?post=15803"},{"taxonomy":"product_tag","embeddable":true,"href":"https:\/\/www.graswurzel.net\/gwr\/wp-json\/wp\/v2\/product_tag?post=15803"}],"curies":[{"name":"wp","href":"https:\/\/api.w.org\/{rel}","templated":true}]}}