{"id":15805,"date":"2010-08-01T18:31:51","date_gmt":"2010-08-01T16:31:51","guid":{"rendered":"http:\/\/test.graswurzel.net\/gwr\/?post_type=product&#038;p=15805"},"modified":"2026-01-30T20:25:56","modified_gmt":"2026-01-30T18:25:56","slug":"kleine-geschichte-des-anarchismus","status":"publish","type":"product","link":"https:\/\/www.graswurzel.net\/gwr\/produkt\/kleine-geschichte-des-anarchismus\/","title":{"rendered":"Kleine Geschichte des Anarchismus"},"content":{"rendered":"<p>Findus<br \/>\n<b>Kleine Geschichte des Anarchismus<\/b><br \/>\nEin schwarz-roter Leitfaden &#8211; Comic<\/p>\n<p>57 Seiten<br \/>\n2., \u00fcberarbeitete Auflage<br \/>\nISBN 978-3-939045-14-4<\/p>\n<p>Unterhaltsam, am\u00fcsant und informativ pr\u00e4sentiert der Comic zur Geschichte, Theorie und Praxis des Anarchismus soziale Bewegungen, in denen AnarchistInnen eine bedeutende Rolle gespielt haben, und theoretische Str\u00f6mungen. Vorgestellt werden u. a.: die Pariser Kommune 1871, die Machno-Bewegung in der Ukraine, die Kollektivierungen w\u00e4hrend des Spanischen B\u00fcrgerkriegs 1936 bis 1939, die Mexikanische Revolution 1910. Die Beispiele reichen bis in die j\u00fcngste Vergangenheit. Die libert\u00e4re Kultur kommt nicht zu kurz, Leben und Werk von MusikerInnen und SchriftstellerInnen sowie anarchistische &#8222;Klassiker&#8220; werden beschrieben. Literaturempfehlungen runden den schwarz-roten Leitfaden ab. Die zweite Auflage wurde \u00fcberarbeitet und aktualisiert. Das ideale Geschenk f\u00fcr &#8222;EinsteigerInnen&#8220; und &#8222;Fortgeschrittene&#8220;.<\/p>\n<p><i>&#8222;Der Comic-Stil hat erfrischend positive Ausstrahlung, er verspr\u00fcht Witz und Charme. Findus setzt einen klaren Kontrapunkt zum finster-fiesen Antlitz eines von der b\u00fcrgerlichen \u00d6ffentlichkeit immer wieder kolportierten Anarchismus. Sein Band d\u00fcrfte deshalb sehr viel, wenn nicht sogar mehr als andere Ver\u00f6ffentlichungen dazu beitragen, den Anarchismus in einem sympathischen und ernst zu nehmenderen Licht erscheinen zu lassen. Kurzum: Dieser Comic ist Feuerwerk! Er ist das ultimative Geschenk, vor allem gegen sich unter Mitmenschen hartn\u00e4ckig haltende Vorurteile [&#8230;]&#8220;<\/i>(Direkte Aktion, Nr. 198, M\u00e4rz\/April 2010)<\/p>\n","protected":false},"excerpt":{"rendered":"<p>Unterhaltsam, am\u00fcsant und informativ pr\u00e4sentiert der Comic zur Geschichte, Theorie und Praxis des Anarchismus soziale Bewegungen, in denen AnarchistInnen eine bedeutende Rolle gespielt haben, und theoretische Str\u00f6mungen.<\/p>\n","protected":false},"featured_media":16735,"template":"","meta":{"slim_seo":{"title":"Kleine Geschichte des Anarchismus - graswurzelrevolution","description":"Unterhaltsam, am\u00fcsant und informativ pr\u00e4sentiert der Comic zur Geschichte, Theorie und Praxis des Anarchismus soziale Bewegungen, in denen AnarchistInnen eine b"}},"product_brand":[],"product_cat":[923],"product_tag":[698],"class_list":{"0":"post-15805","1":"product","2":"type-product","3":"status-publish","4":"has-post-thumbnail","6":"product_cat-buchverlag","7":"product_tag-anarchismus-2","9":"first","10":"instock","11":"taxable","12":"shipping-taxable","13":"purchasable","14":"product-type-simple"},"_links":{"self":[{"href":"https:\/\/www.graswurzel.net\/gwr\/wp-json\/wp\/v2\/product\/15805","targetHints":{"allow":["GET"]}}],"collection":[{"href":"https:\/\/www.graswurzel.net\/gwr\/wp-json\/wp\/v2\/product"}],"about":[{"href":"https:\/\/www.graswurzel.net\/gwr\/wp-json\/wp\/v2\/types\/product"}],"wp:featuredmedia":[{"embeddable":true,"href":"https:\/\/www.graswurzel.net\/gwr\/wp-json\/wp\/v2\/media\/16735"}],"wp:attachment":[{"href":"https:\/\/www.graswurzel.net\/gwr\/wp-json\/wp\/v2\/media?parent=15805"}],"wp:term":[{"taxonomy":"product_brand","embeddable":true,"href":"https:\/\/www.graswurzel.net\/gwr\/wp-json\/wp\/v2\/product_brand?post=15805"},{"taxonomy":"product_cat","embeddable":true,"href":"https:\/\/www.graswurzel.net\/gwr\/wp-json\/wp\/v2\/product_cat?post=15805"},{"taxonomy":"product_tag","embeddable":true,"href":"https:\/\/www.graswurzel.net\/gwr\/wp-json\/wp\/v2\/product_tag?post=15805"}],"curies":[{"name":"wp","href":"https:\/\/api.w.org\/{rel}","templated":true}]}}