{"id":15807,"date":"2001-12-31T00:00:38","date_gmt":"2001-12-30T22:00:38","guid":{"rendered":"http:\/\/test.graswurzel.net\/gwr\/?post_type=product&#038;p=15807"},"modified":"2018-08-16T20:03:47","modified_gmt":"2018-08-16T18:03:47","slug":"die-wueste-lebt","status":"publish","type":"product","link":"https:\/\/www.graswurzel.net\/gwr\/produkt\/die-wueste-lebt\/","title":{"rendered":"Die W\u00fcste lebt"},"content":{"rendered":"<p>Helmut Thielen<br \/>\n<b>Die W\u00fcste lebt<\/b><br \/>\nJenseits von Kapital und Staat<\/p>\n<p>363 Seiten<br \/>\nISBN 3-9806353-3-3<\/p>\n<p>Die Verletzung der Menschenw\u00fcrde durch Armut ist Kennzeichen der neoliberalen kapitalistischen \u00d6konomie. Der Staatssozialismus des Ostens und die Befreiungsbewegungen des S\u00fcdens stellten keine wirklichen Alternativen zum kapitalistischen Herrschaftssystem dar. Helmut Thielen pl\u00e4diert daher daf\u00fcr, sich den urspr\u00fcnglichen Ideen und versch\u00fctteten Traditionen des Sozialismus, Kommunismus und Anarchismus zuzuwenden und aus ihnen eine Utopie der Befreiung f\u00fcr eine gerechte und freie Gesellschaft zu entwickeln. Dies schlie\u00dft auch die authentische kommunit\u00e4re Praxis des christlichen Glaubens ein.<\/p>\n<p>Als aktuelle Beispiele f\u00fcr einen neuen Weg jenseits von Reformpolitik oder konventioneller Revolution beschreibt Helmut Thielen u.a. die zapatistische Bewegung in Mexiko und &#8211; besonders kenntnisreich und informativ, da der Autor in Brasilien lebt -, die Bewegung der brasilianischen Landlosen.<\/p>\n<p>Helmut Thielen zeigt die Notwendigkeit und die M\u00f6glichkeit eines neuen Beginnens jenseits von Kapital und Staat.<\/p>\n","protected":false},"excerpt":{"rendered":"<p>Die Verletzung der Menschenw\u00fcrde durch Armut ist Kennzeichen der neoliberalen kapitalistischen \u00d6konomie. Der Staatssozialismus des Ostens und die Befreiungsbewegungen des S\u00fcdens stellten keine wirklichen Alternativen zum kapitalistischen Herrschaftssystem dar. Helmut Thielen pl\u00e4diert daher daf\u00fcr, sich den urspr\u00fcnglichen Ideen und versch\u00fctteten Traditionen des Sozialismus, Kommunismus und Anarchismus zuzuwenden und aus ihnen eine Utopie der Befreiung f\u00fcr eine gerechte und freie Gesellschaft zu entwickeln.<\/p>\n","protected":false},"featured_media":16938,"template":"","meta":{"slim_seo":{"title":"Die W\u00fcste lebt - graswurzelrevolution","description":"Die Verletzung der Menschenw\u00fcrde durch Armut ist Kennzeichen der neoliberalen kapitalistischen \u00d6konomie. Der Staatssozialismus des Ostens und die Befreiungsbewe"}},"product_brand":[],"product_cat":[923],"product_tag":[],"class_list":{"0":"post-15807","1":"product","2":"type-product","3":"status-publish","4":"has-post-thumbnail","6":"product_cat-buchverlag","8":"first","9":"outofstock","10":"taxable","11":"shipping-taxable","12":"purchasable","13":"product-type-simple"},"_links":{"self":[{"href":"https:\/\/www.graswurzel.net\/gwr\/wp-json\/wp\/v2\/product\/15807","targetHints":{"allow":["GET"]}}],"collection":[{"href":"https:\/\/www.graswurzel.net\/gwr\/wp-json\/wp\/v2\/product"}],"about":[{"href":"https:\/\/www.graswurzel.net\/gwr\/wp-json\/wp\/v2\/types\/product"}],"wp:featuredmedia":[{"embeddable":true,"href":"https:\/\/www.graswurzel.net\/gwr\/wp-json\/wp\/v2\/media\/16938"}],"wp:attachment":[{"href":"https:\/\/www.graswurzel.net\/gwr\/wp-json\/wp\/v2\/media?parent=15807"}],"wp:term":[{"taxonomy":"product_brand","embeddable":true,"href":"https:\/\/www.graswurzel.net\/gwr\/wp-json\/wp\/v2\/product_brand?post=15807"},{"taxonomy":"product_cat","embeddable":true,"href":"https:\/\/www.graswurzel.net\/gwr\/wp-json\/wp\/v2\/product_cat?post=15807"},{"taxonomy":"product_tag","embeddable":true,"href":"https:\/\/www.graswurzel.net\/gwr\/wp-json\/wp\/v2\/product_tag?post=15807"}],"curies":[{"name":"wp","href":"https:\/\/api.w.org\/{rel}","templated":true}]}}