{"id":17642,"date":"2018-09-21T12:45:48","date_gmt":"2018-09-21T10:45:48","guid":{"rendered":"https:\/\/www.graswurzel.net\/gwr\/?post_type=product&#038;p=17642"},"modified":"2018-09-27T18:18:13","modified_gmt":"2018-09-27T16:18:13","slug":"vom-revolutionaeren-elan","status":"publish","type":"product","link":"https:\/\/www.graswurzel.net\/gwr\/produkt\/vom-revolutionaeren-elan\/","title":{"rendered":"Vom revolution\u00e4ren Elan"},"content":{"rendered":"<p>Clara Wichmann<br \/>\n<b>Vom revolution\u00e4ren Elan<\/b><br \/>\nBeitr\u00e4ge zu Emanzipationsbewegungen 1917-1922<\/p>\n<p>Mit einer biografischen Einleitung herausgegeben von Renate Brucker<\/p>\n<p>180 S., 14,90 Euro<br \/>\nISBN: 978-3-939045-36-6<\/p>\n<p>Als Clara Wichmann im Februar 1922 starb, war sie erst 36 Jahre alt. Doch hat diese so fr\u00fch und unvermittelt aus dem Leben gerissene &#8222;Verteidigerin der Menschlichkeit&#8220; (Bart de Ligt) ein umfassendes, vielschichtiges Werk hinterlassen.<\/p>\n<p>Als Wissenschaftlerin setzte sie sich theoretisch mit einer Vielzahl sozialphilosophischer Themen auseinander; politisch war sie in verschiedenen sozialen Bewegungen f\u00fcr Feminismus und Frauenbefreiung, Sozialismus, Anarchismus und revolution\u00e4ren Syndikalismus, Tierrechte, Strafrechtsreform sowie Gewaltfreiheit und Antimilitarismus aktiv. Ihre Positionen pr\u00e4gten die Diskussion innerhalb der verschiedenen emanzipatorischen politischen Str\u00f6mungen in den Niederlanden des 20. Jahrhunderts und beeinflussten auch die Diskussionen im deutschsprachigen Raum.<\/p>\n<p>Renate Brucker bietet mit dieser Auswahl bislang noch nicht \u00fcbersetzter Texte Clara Wichmanns aus den Jahren 1917-1922 einen pr\u00e4gnanten Einblick in Leben und Werk dieser beeindruckenden und inspirierenden K\u00e4mpferin f\u00fcr eine gerechte, solidarische und freie Gesellschaft.<\/p>\n","protected":false},"excerpt":{"rendered":"<p>Renate Brucker bietet mit dieser Auswahl bislang noch nicht \u00fcbersetzter Texte Clara Wichmanns aus den Jahren 1917-1922 einen pr\u00e4gnanten Einblick in Leben und Werk dieser beeindruckenden und inspirierenden K\u00e4mpferin f\u00fcr eine gerechte, solidarische und freie Gesellschaft.<\/p>\n","protected":false},"featured_media":17643,"template":"","meta":{"slim_seo":{"title":"Vom revolution\u00e4ren Elan - graswurzelrevolution","description":"Renate Brucker bietet mit dieser Auswahl bislang noch nicht \u00fcbersetzter Texte Clara Wichmanns aus den Jahren 1917-1922 einen pr\u00e4gnanten Einblick in Leben und We"}},"product_brand":[],"product_cat":[923],"product_tag":[],"class_list":{"0":"post-17642","1":"product","2":"type-product","3":"status-publish","4":"has-post-thumbnail","6":"product_cat-buchverlag","8":"first","9":"instock","10":"taxable","11":"shipping-taxable","12":"purchasable","13":"product-type-simple"},"_links":{"self":[{"href":"https:\/\/www.graswurzel.net\/gwr\/wp-json\/wp\/v2\/product\/17642","targetHints":{"allow":["GET"]}}],"collection":[{"href":"https:\/\/www.graswurzel.net\/gwr\/wp-json\/wp\/v2\/product"}],"about":[{"href":"https:\/\/www.graswurzel.net\/gwr\/wp-json\/wp\/v2\/types\/product"}],"wp:featuredmedia":[{"embeddable":true,"href":"https:\/\/www.graswurzel.net\/gwr\/wp-json\/wp\/v2\/media\/17643"}],"wp:attachment":[{"href":"https:\/\/www.graswurzel.net\/gwr\/wp-json\/wp\/v2\/media?parent=17642"}],"wp:term":[{"taxonomy":"product_brand","embeddable":true,"href":"https:\/\/www.graswurzel.net\/gwr\/wp-json\/wp\/v2\/product_brand?post=17642"},{"taxonomy":"product_cat","embeddable":true,"href":"https:\/\/www.graswurzel.net\/gwr\/wp-json\/wp\/v2\/product_cat?post=17642"},{"taxonomy":"product_tag","embeddable":true,"href":"https:\/\/www.graswurzel.net\/gwr\/wp-json\/wp\/v2\/product_tag?post=17642"}],"curies":[{"name":"wp","href":"https:\/\/api.w.org\/{rel}","templated":true}]}}