{"id":21203,"date":"2019-11-27T20:58:57","date_gmt":"2019-11-27T18:58:57","guid":{"rendered":"https:\/\/www.graswurzel.net\/gwr\/?post_type=product&#038;p=21203"},"modified":"2026-01-18T13:36:54","modified_gmt":"2026-01-18T11:36:54","slug":"widerstaendige-musik-an-unmoeglichen-orten","status":"publish","type":"product","link":"https:\/\/www.graswurzel.net\/gwr\/produkt\/widerstaendige-musik-an-unmoeglichen-orten\/","title":{"rendered":"Widerst\u00e4ndige Musik an unm\u00f6glichen Orten"},"content":{"rendered":"<p>Lebenslaute (Hg.)<br \/>\n<strong>Widerst\u00e4ndige Musik an unm\u00f6glichen Orten<br \/>\n<\/strong>33 Jahre Lebenslaute<\/p>\n<p>Mit DVD<\/p>\n<p>249 Seiten, 180 Fotos (fast durchg\u00e4ngig farbig) + zahlreiche Dokumente<br \/>\nFormat: 21 x 28 cm<br \/>\n25,00 Euro<br \/>\nISBN 978-3-939045-39-7<\/p>\n<p>Lebenslaute ist ein buntes Netzwerk von Musiker*innen. Ihre Konzertblockaden richten sich gegen staatliche Strukturen wie Milit\u00e4r und Verfassungsschutz, gegen die Atom-, R\u00fcstungs-, Gentechnik- und Kohleindustrie, gegen Kriegsvorbereitungen, Naturzerst\u00f6rung und Rassismus. \u201eWiderst\u00e4ndige Musik an unm\u00f6glichen Orten\u201c ist ein Lesebuch im alten Sinne: Nach dem Aufklappen bleibt der Blick irgendwo h\u00e4ngen und man f\u00e4ngt an zu lesen \u2026 Es ist ein Bewegungsbuch: Es dokumentiert und bewahrt die Erfahrungen einer Gewaltfreien Aktionsgruppe, die seit dreiunddrei\u00dfig Jahren Zivilen Ungehorsam leistet. Es ist ein Geschichtsbuch: Die Geschichten von 1986 bis 2018 werden erz\u00e4hlt von langj\u00e4hrigen Aktivist*innen, neu Hinzugekommen, Profi- und Laienmusiker*innen, Unterst\u00fctzer*innen und Wegbegleiter*innen unterschiedlichen Alters. Der Bild- und Dokumentationsband mit 180 fast durchg\u00e4ngig farbigen Fotos und zahlreichen Dokumenten reflektiert aber auch die Bedingungen, Notwendigkeiten und Konsequenzen dieser einzigartigen direkten Aktionen.<\/p>\n<blockquote><p>Lebenslaute ist ein buntes Netzwerk von Musiker*innen. Wir haben nie zu Ende diskutiert, in was fu\u0308r einer Welt wir leben wollen. Aber wir haben angefangen, unsere Lebendigkeit und unsere Musik in unsere politischen Aktionen zu integrieren. Wir vertrauen auf die Kraft der Musik und nehmen doch kein Blatt vor den Mund, wenn es um Kritik an Gewalt- und Herrschaftsstrukturen sowie um Schutz der Menschenrechte geht. Unsere Aktionen richten sich gegen herrschende staatliche Strukturen wie Milit\u00e4r und Verfassungsschutz, gegen die Durchsetzung von Kapitalinteressen der Atom-, Ru\u0308stungs-, Gentechnik- und Kohleindustrie, gegen Kriegsvorbereitungen, Naturzerst\u00f6rung und Rassismus.<\/p>\n<p>Unser Vertrauen in die gewaltreduzierende Kraft der Musik und in den allgemeinen Respekt gegenu\u0308ber der Musikkultur verleiht uns den Mut zur Konfrontation. Die Auffu\u0308hrung eines klassischen Konzerts in schwarz-wei\u00dfer Konzertkleidung bleibt eine solche, auch wenn sie gleichzeitig die Blockade der Zufahrt zu einer Ru\u0308stungsfabrik ist. Indem wir gleichzeitig Musiker*innen und Ruhest\u00f6rer*innen sind, irritieren wir und \u00f6ffnen Augen, Herzen und Ohren fu\u0308r unsere Inhalte.<\/p><\/blockquote>\n<p>(Aus dem Vorwort)<\/p>\n","protected":false},"excerpt":{"rendered":"<p>Lebenslaute ist ein buntes Netzwerk von Musiker*innen. Ihre Konzertblockaden richten sich gegen staatliche Strukturen wie Milit\u00e4r und Verfassungsschutz, gegen die Atom-, R\u00fcstungs-, Gentechnik- und Kohleindustrie, gegen Kriegsvorbereitungen, Naturzerst\u00f6rung und Rassismus. Dieser Bild- und Dokumentationsband mit 180 fast durchgehend farbigen Fotos und zahlreichen Dokumenten ist sowohl ein Lesebuch als auch ein Bewegungs- und Geschichtsbuch.<\/p>\n","protected":false},"featured_media":21204,"template":"","meta":{"slim_seo":{"title":"Widerst\u00e4ndige Musik an unm\u00f6glichen Orten - graswurzelrevolution","description":"Lebenslaute ist ein buntes Netzwerk von Musiker*innen. Ihre Konzertblockaden richten sich gegen staatliche Strukturen wie Milit\u00e4r und Verfassungsschutz, gegen d"}},"product_brand":[],"product_cat":[923],"product_tag":[],"class_list":{"0":"post-21203","1":"product","2":"type-product","3":"status-publish","4":"has-post-thumbnail","6":"product_cat-buchverlag","8":"first","9":"outofstock","10":"taxable","11":"shipping-taxable","12":"purchasable","13":"product-type-simple"},"_links":{"self":[{"href":"https:\/\/www.graswurzel.net\/gwr\/wp-json\/wp\/v2\/product\/21203","targetHints":{"allow":["GET"]}}],"collection":[{"href":"https:\/\/www.graswurzel.net\/gwr\/wp-json\/wp\/v2\/product"}],"about":[{"href":"https:\/\/www.graswurzel.net\/gwr\/wp-json\/wp\/v2\/types\/product"}],"wp:featuredmedia":[{"embeddable":true,"href":"https:\/\/www.graswurzel.net\/gwr\/wp-json\/wp\/v2\/media\/21204"}],"wp:attachment":[{"href":"https:\/\/www.graswurzel.net\/gwr\/wp-json\/wp\/v2\/media?parent=21203"}],"wp:term":[{"taxonomy":"product_brand","embeddable":true,"href":"https:\/\/www.graswurzel.net\/gwr\/wp-json\/wp\/v2\/product_brand?post=21203"},{"taxonomy":"product_cat","embeddable":true,"href":"https:\/\/www.graswurzel.net\/gwr\/wp-json\/wp\/v2\/product_cat?post=21203"},{"taxonomy":"product_tag","embeddable":true,"href":"https:\/\/www.graswurzel.net\/gwr\/wp-json\/wp\/v2\/product_tag?post=21203"}],"curies":[{"name":"wp","href":"https:\/\/api.w.org\/{rel}","templated":true}]}}