{"id":23790,"date":"2020-11-24T18:59:15","date_gmt":"2020-11-24T16:59:15","guid":{"rendered":"https:\/\/www.graswurzel.net\/gwr\/?post_type=product&#038;p=23790"},"modified":"2026-04-16T10:13:13","modified_gmt":"2026-04-16T08:13:13","slug":"ueber-anarchismus","status":"publish","type":"product","link":"https:\/\/www.graswurzel.net\/gwr\/produkt\/ueber-anarchismus\/","title":{"rendered":"\u00dcber Anarchismus"},"content":{"rendered":"<p>Noam Chomsky<\/p>\n<p><strong>\u00dcber Anarchismus<br \/>\n<\/strong>Beitr\u00e4ge aus vier Jahrzehnten<\/p>\n<p>Ausgew\u00e4hlt, \u00fcbersetzt und kommentiert von Rainer Barbey<\/p>\n<p>246 Seiten<br \/>\nISBN 978-3-939045-42-7<\/p>\n<p>19,90 Euro<\/p>\n<p>Noam Chomsky (geb. 1928) ist einer der bekanntesten und einflussreichsten Intellektuellen unserer Zeit. Seit fru\u0308hester Jugend besch\u00e4ftigt er sich mit dem Anarchismus und bekannte sich stets zu libert\u00e4ren Idealen als Teil seiner gesellschaftspolitischen Ziele. Dieser Band versammelt zentrale Vortr\u00e4ge, Interviews und Essays aus Chomskys jahrzehntelanger Auseinandersetzung mit der anarchistischen Tradition, die gleichzeitig immer auch Beitr\u00e4ge zu aktuellen politischen Diskussionen gewesen sind.<\/p>\n<p>Es geht dabei u.a. um eine Verankerung des libert\u00e4ren Denkens in der Aufkl\u00e4rung, um eine Entgegensetzung von klassischem Liberalismus und sp\u00e4tkapitalistischem Liberalismus, um den Zusammenhang von Sprache und Freiheit und um eine Verteidigung der Kollektivierungen in der spanischen Revolution sowie sozialstaatlicher Errungenschaften. Die Texte zeigen, dass der Anarchismus f\u00fcr Chomsky eine universelle Geisteshaltung ist, die f\u00fcr alle Bereiche des menschlichen Zusammenlebens Bedeutung besitzt.<\/p>\n<p>\u201eSobald jemand illegitime Macht erkennt, herausfordert und \u00fcberwindet, ist er Anarchist. Die meisten Menschen sind Anarchisten. Mir ist egal, wie sie sich nennen.\u201c<br \/>\n(Noam Chomsky)<\/p>\n","protected":false},"excerpt":{"rendered":"<p>Noam Chomsky ist einer der bekanntesten und einflussreichsten Intellektuellen unserer Zeit. Seit fru\u0308hester Jugend besch\u00e4ftigt er sich mit dem Anarchismus und bekannte sich stets zu libert\u00e4ren Idealen als Teil seiner gesellschaftspolitischen Ziele. Dieser Band versammelt zentrale Vortr\u00e4ge, Interviews und Essays aus Chomskys jahrzehntelanger Auseinandersetzung mit der anarchistischen Tradition, die gleichzeitig immer auch Beitr\u00e4ge zu aktuellen politischen Diskussionen gewesen sind.<\/p>\n","protected":false},"featured_media":23793,"template":"","meta":{"slim_seo":{"title":"\u00dcber Anarchismus - graswurzelrevolution","description":"Noam Chomsky ist einer der bekanntesten und einflussreichsten Intellektuellen unserer Zeit. Seit fru\u0308hester Jugend besch\u00e4ftigt er sich mit dem Anarchismus und b"}},"product_brand":[],"product_cat":[923],"product_tag":[],"class_list":{"0":"post-23790","1":"product","2":"type-product","3":"status-publish","4":"has-post-thumbnail","6":"product_cat-buchverlag","8":"first","9":"outofstock","10":"taxable","11":"shipping-taxable","12":"purchasable","13":"product-type-simple"},"_links":{"self":[{"href":"https:\/\/www.graswurzel.net\/gwr\/wp-json\/wp\/v2\/product\/23790","targetHints":{"allow":["GET"]}}],"collection":[{"href":"https:\/\/www.graswurzel.net\/gwr\/wp-json\/wp\/v2\/product"}],"about":[{"href":"https:\/\/www.graswurzel.net\/gwr\/wp-json\/wp\/v2\/types\/product"}],"wp:featuredmedia":[{"embeddable":true,"href":"https:\/\/www.graswurzel.net\/gwr\/wp-json\/wp\/v2\/media\/23793"}],"wp:attachment":[{"href":"https:\/\/www.graswurzel.net\/gwr\/wp-json\/wp\/v2\/media?parent=23790"}],"wp:term":[{"taxonomy":"product_brand","embeddable":true,"href":"https:\/\/www.graswurzel.net\/gwr\/wp-json\/wp\/v2\/product_brand?post=23790"},{"taxonomy":"product_cat","embeddable":true,"href":"https:\/\/www.graswurzel.net\/gwr\/wp-json\/wp\/v2\/product_cat?post=23790"},{"taxonomy":"product_tag","embeddable":true,"href":"https:\/\/www.graswurzel.net\/gwr\/wp-json\/wp\/v2\/product_tag?post=23790"}],"curies":[{"name":"wp","href":"https:\/\/api.w.org\/{rel}","templated":true}]}}