{"id":24093,"date":"2020-12-27T21:44:28","date_gmt":"2020-12-27T19:44:28","guid":{"rendered":"https:\/\/www.graswurzel.net\/gwr\/?post_type=product&#038;p=24093"},"modified":"2026-01-30T20:21:28","modified_gmt":"2026-01-30T18:21:28","slug":"kleine-geschichte-der-protestmusik","status":"publish","type":"product","link":"https:\/\/www.graswurzel.net\/gwr\/produkt\/kleine-geschichte-der-protestmusik\/","title":{"rendered":"Kleine Geschichte der Protestmusik"},"content":{"rendered":"<p>Findus<\/p>\n<p><strong>Kleine Geschichte der Protestmusik<br \/>\n<\/strong>Von Katzenmusik bis K-Pop<\/p>\n<p>Graphic Novel<br \/>\n52 Seiten<br \/>\nISBN 978-3-939045-43-4<strong><br \/>\n<\/strong><\/p>\n<p>10,90 Euro<\/p>\n<p>Soziale Bewegungen haben ihren eigenen Sound. In bew\u00e4hrter Qualit\u00e4t nimmt uns Findus mit auf einen Streifzug durch die Geschichte der Protestmusik, um emanzipative Momente der Popul\u00e4rmusik in Erinnerung zu rufen und zum genaueren Hinh\u00f6ren zu motivieren. Arbeiterlieder aus dem 19. Jh. und widerst\u00e4ndige Musik der Bewegungen des 20. Jh. werden vorgestellt.<\/p>\n<p>Liedermacher*innen, Bands und Stilrichtungen wie Blues, Folk, Gospel, Politrock, Punk und Hip-Hop werden beschrieben, sodass deutlich wird, f\u00fcr welche Bewegungen in Deutschland, den USA und anderen Teilen der Welt sie von Bedeutung waren. Ein unterhaltsames und pers\u00f6nliches \u201eGeschichtsbuch\u201c \u00fcber Protestmusik, das bis in die Gegenwart reicht und sowohl zum Neuentdecken als auch zum Wiederh\u00f6ren anregt.<\/p>\n<p>Und hier das Line-up:<\/p>\n<ul>\n<li>Katzenmusik, Arbeiterch\u00f6re, Protestlieder der Arbeiterbewegung<\/li>\n<li><span style=\"font-size: 1rem\">Antifaschistische Protestmusik, Dadaistische Musik, dt. Liedermacher*innen<\/span><\/li>\n<li><span style=\"font-size: 1rem\">Politrock, Punk in Deutschland, Hip-Hop wider den Machismus<\/span><\/li>\n<li><span style=\"font-size: 1rem\">USA: Blues, Folk, Bob Dylan, Joan Baez, Counterculture und Hippiemusik<\/span><\/li>\n<li><span style=\"font-size: 1rem\">Singer-Songwriter, Black Gospel, Soul\/Funk, Jazz<\/span><\/li>\n<li><span style=\"font-size: 1rem\">Proto-Punk, US-Punk, Riot Grrrls, US-Hip-Hop, Hardrock<\/span><\/li>\n<li><span style=\"font-size: 1rem\">Chile: Victor Jara, Jamaika: Bob Marley, Afrika: Fela Kuti, Russland: Pussy Riot<\/span><\/li>\n<li><span style=\"font-size: 1rem\">Post-Beatles: John Lennon, Prog und Neo-Prog, UK-Punk<\/span><\/li>\n<li><span style=\"font-size: 1rem\">Crass, Chumbawamba, US-Post-Punk<\/span><\/li>\n<li><span style=\"font-size: 1rem\">Politisches Chanson in Frankreich<\/span><\/li>\n<li><span style=\"font-size: 1rem\">S\u00fcdkorea: K-Pop-Protest<\/span><\/li>\n<\/ul>\n","protected":false},"excerpt":{"rendered":"<p>Soziale Bewegungen haben ihren eigenen Sound. In bew\u00e4hrter Qualit\u00e4t nimmt uns Findus mit auf einen Streifzug durch die Geschichte der Protestmusik, um emanzipative Momente der Popul\u00e4rmusik in Erinnerung zu rufen und zum genaueren Hinh\u00f6ren zu motivieren.<\/p>\n","protected":false},"featured_media":24094,"template":"","meta":{"slim_seo":{"title":"Kleine Geschichte der Protestmusik - graswurzelrevolution","description":"Soziale Bewegungen haben ihren eigenen Sound. In bew\u00e4hrter Qualit\u00e4t nimmt uns Findus mit auf einen Streifzug durch die Geschichte der Protestmusik, um emanzipat"}},"product_brand":[],"product_cat":[923],"product_tag":[],"class_list":{"0":"post-24093","1":"product","2":"type-product","3":"status-publish","4":"has-post-thumbnail","6":"product_cat-buchverlag","8":"first","9":"instock","10":"taxable","11":"shipping-taxable","12":"purchasable","13":"product-type-simple"},"_links":{"self":[{"href":"https:\/\/www.graswurzel.net\/gwr\/wp-json\/wp\/v2\/product\/24093","targetHints":{"allow":["GET"]}}],"collection":[{"href":"https:\/\/www.graswurzel.net\/gwr\/wp-json\/wp\/v2\/product"}],"about":[{"href":"https:\/\/www.graswurzel.net\/gwr\/wp-json\/wp\/v2\/types\/product"}],"wp:featuredmedia":[{"embeddable":true,"href":"https:\/\/www.graswurzel.net\/gwr\/wp-json\/wp\/v2\/media\/24094"}],"wp:attachment":[{"href":"https:\/\/www.graswurzel.net\/gwr\/wp-json\/wp\/v2\/media?parent=24093"}],"wp:term":[{"taxonomy":"product_brand","embeddable":true,"href":"https:\/\/www.graswurzel.net\/gwr\/wp-json\/wp\/v2\/product_brand?post=24093"},{"taxonomy":"product_cat","embeddable":true,"href":"https:\/\/www.graswurzel.net\/gwr\/wp-json\/wp\/v2\/product_cat?post=24093"},{"taxonomy":"product_tag","embeddable":true,"href":"https:\/\/www.graswurzel.net\/gwr\/wp-json\/wp\/v2\/product_tag?post=24093"}],"curies":[{"name":"wp","href":"https:\/\/api.w.org\/{rel}","templated":true}]}}