{"id":24938,"date":"2021-10-03T17:31:58","date_gmt":"2021-10-03T15:31:58","guid":{"rendered":"https:\/\/www.graswurzel.net\/gwr\/?post_type=product&#038;p=24938"},"modified":"2025-01-13T15:05:47","modified_gmt":"2025-01-13T13:05:47","slug":"je-mehr-gewalt-desto-weniger-revolution-2","status":"publish","type":"product","link":"https:\/\/www.graswurzel.net\/gwr\/produkt\/je-mehr-gewalt-desto-weniger-revolution-2\/","title":{"rendered":"Je mehr Gewalt, desto weniger Revolution"},"content":{"rendered":"<p>Arbeitsgruppe Anarchismus und Gewaltfreiheit (Hg.)<\/p>\n<p><strong>Je mehr Gewalt, desto weniger Revolution<br \/>\n<\/strong>Texte zum gewaltfreien Anarchismus &amp; anarchistischen Pazifismus<strong><br \/>\n<\/strong>Band 2<\/p>\n<p>202 Seiten<br \/>\nISBN 978-3-939045-41-0<\/p>\n<p>16,90 Euro<\/p>\n<p>\u201eGewalt\u201c ist radikaler, \u201eGewaltlosigkeit\u201c eher gem\u00e4\u00dfigt, so urteilt schnell die \u00f6ffentliche Meinung, und so sehen das auch Intellektuelle, Aktivist_innen, Politiker_innen. Sie k\u00f6nnten sich sehr t\u00e4uschen. Wenn es darum geht, zerst\u00f6rerische Prozesse \u201ean der Wurzel\u201c zu bek\u00e4mpfen, kann sich herausstellen, dass \u201eGegengewalt\u201c eher ein Problem als die L\u00f6sung ist.<\/p>\n<p>Die These \u201eJe mehr Gewalt, desto weniger Revolution\u201c wird &#8211; wie schon im ersten Band dieser Textsammlung &#8211; durch aktuelle wie historische Beispiele der Kritik an direkter und struktureller Gewalt, auch in sozialen Bewegungen, die sich revolution\u00e4r begreifen, verdeutlicht. Solche Kritik w\u00e4re nicht m\u00f6glich, wenn es nicht die Alternative gewaltloser Massenbewegungen g\u00e4be. Und die Erfahrungen dieser Massenbewegungen, aber auch fast vergessener Einzelner und gewaltlos-anarchistischer Str\u00f6mungen, st\u00e4rken die Emanzipationsbewegungen in ihrem Willen, sich nicht zu militarisieren und keine neuen Hierarchien zuzulassen.<\/p>\n","protected":false},"excerpt":{"rendered":"<p>Wie radikal kann, darf, muss Gewaltfreiheit sein? Wie radikal ist Gewaltfreiheit \u00fcberhaupt? Und wie gewaltlos der Anarchismus? Die These \u201eJe mehr Gewalt, desto weniger Revolution\u201c wird &#8211; wie schon im ersten Band dieser Textsammlung &#8211; durch aktuelle wie historische Beispiele der Kritik an direkter und struktureller Gewalt, auch in sozialen Bewegungen, die sich revolution\u00e4r begreifen, verdeutlicht. Solche Kritik w\u00e4re nicht m\u00f6glich, wenn es nicht die Alternative gewaltloser Massenbewegungen g\u00e4be.<\/p>\n","protected":false},"featured_media":32158,"template":"","meta":{"slim_seo":{"title":"Je mehr Gewalt, desto weniger Revolution - graswurzelrevolution","description":"Wie radikal kann, darf, muss Gewaltfreiheit sein? Wie radikal ist Gewaltfreiheit \u00fcberhaupt? Und wie gewaltlos der Anarchismus? Die These \u201eJe mehr Gewalt, desto"}},"product_brand":[],"product_cat":[923],"product_tag":[],"class_list":{"0":"post-24938","1":"product","2":"type-product","3":"status-publish","4":"has-post-thumbnail","6":"product_cat-buchverlag","8":"first","9":"instock","10":"taxable","11":"shipping-taxable","12":"purchasable","13":"product-type-simple"},"_links":{"self":[{"href":"https:\/\/www.graswurzel.net\/gwr\/wp-json\/wp\/v2\/product\/24938","targetHints":{"allow":["GET"]}}],"collection":[{"href":"https:\/\/www.graswurzel.net\/gwr\/wp-json\/wp\/v2\/product"}],"about":[{"href":"https:\/\/www.graswurzel.net\/gwr\/wp-json\/wp\/v2\/types\/product"}],"wp:featuredmedia":[{"embeddable":true,"href":"https:\/\/www.graswurzel.net\/gwr\/wp-json\/wp\/v2\/media\/32158"}],"wp:attachment":[{"href":"https:\/\/www.graswurzel.net\/gwr\/wp-json\/wp\/v2\/media?parent=24938"}],"wp:term":[{"taxonomy":"product_brand","embeddable":true,"href":"https:\/\/www.graswurzel.net\/gwr\/wp-json\/wp\/v2\/product_brand?post=24938"},{"taxonomy":"product_cat","embeddable":true,"href":"https:\/\/www.graswurzel.net\/gwr\/wp-json\/wp\/v2\/product_cat?post=24938"},{"taxonomy":"product_tag","embeddable":true,"href":"https:\/\/www.graswurzel.net\/gwr\/wp-json\/wp\/v2\/product_tag?post=24938"}],"curies":[{"name":"wp","href":"https:\/\/api.w.org\/{rel}","templated":true}]}}