{"id":27733,"date":"2022-10-10T13:34:46","date_gmt":"2022-10-10T11:34:46","guid":{"rendered":"https:\/\/www.graswurzel.net\/gwr\/?post_type=product&#038;p=27733"},"modified":"2026-01-30T20:19:15","modified_gmt":"2026-01-30T18:19:15","slug":"die-zerrissenheit","status":"publish","type":"product","link":"https:\/\/www.graswurzel.net\/gwr\/produkt\/die-zerrissenheit\/","title":{"rendered":"Die Zerrissenheit"},"content":{"rendered":"<p>&nbsp;<\/p>\n<p style=\"font-weight: 400\">Holger Vanicek<\/p>\n<p style=\"font-weight: 400\"><strong>Die Zerrissenheit<br \/>\n<\/strong>Albert Camus\u2019 Tanz unter dem Schwert<\/p>\n<p style=\"font-weight: 400\">220 Seiten<\/p>\n<p style=\"font-weight: 400\">ISBN 978-3-939045-49-6<\/p>\n<p>19,90 Euro<\/p>\n<p style=\"font-weight: 400\">In der Zur\u00fcckweisung eines ideologischen Bescheidwissens und der Verabsolutierung des Rechthabens entwickelte sich die Zerrissenheit bei Albert Camus zur eigenen Zustandsbeschreibung. Die Notwendigkeit des Zweifelns und die Handhabe, politische Bewertungen, wenn sie sich als nicht sicher herausstellen sollten, wieder korrigieren zu k\u00f6nnen, stellt sich als wesentlich antiautorit\u00e4r dar und steht gegen eine starre, vereinheitlichende, totalit\u00e4re Haltung.<\/p>\n<p style=\"font-weight: 400\">Zur Illustration seiner Camus-Interpretation untersucht Holger Vanicek die Naturbetrachtungen aus dem Fr\u00fchwerk, Anschauungen bez\u00fcglich der Verweise auf eine Transzendenz und Camus\u2019 politische Positionierungen, betrachtet die Dramen \u201eDie Gerechten\u201c und \u201eCaligula\u201c und aus dem Sp\u00e4twerk die Kurzgeschichte \u201eDer Gast\u201c und die Novelle \u201eDer Fall\u201c, wagt aber auch einen Blick auf Camus\u2019 pers\u00f6nliche Zwiespalte, das Gl\u00fcck und das Scheitern inbegriffen.<\/p>\n<p style=\"font-weight: 400\">K\u00f6nnte es gerade an seinem Verst\u00e4ndnis der Zerrissenheit gelegen haben, dass Camus in der Auseinandersetzung mit seinen politischen Gegenparts aus dem Lager Sartres so weitsichtig argumentiert und gehandelt hat, dass seine Haltungen heute noch Bestand haben?<\/p>\n","protected":false},"excerpt":{"rendered":"<p style=\"font-weight: 400\">In der Zur\u00fcckweisung eines ideologischen Bescheidwissens und der Verabsolutierung des Rechthabens entwickelte sich die Zerrissenheit bei Albert Camus zur eigenen Zustandsbeschreibung. Die Notwendigkeit des Zweifelns und die Handhabe, politische Bewertungen, wenn sie sich als nicht sicher herausstellen sollten, wieder korrigieren zu k\u00f6nnen, stellt sich als wesentlich antiautorit\u00e4r dar und steht gegen eine starre, vereinheitlichende, totalit\u00e4re Haltung.<\/p>\n<p style=\"font-weight: 400\">K\u00f6nnte es gerade an seinem Verst\u00e4ndnis der Zerrissenheit gelegen haben, dass Camus in der Auseinandersetzung mit seinen politischen Gegenparts aus dem Lager Sartres so weitsichtig argumentiert und gehandelt hat, dass seine Haltungen heute noch Bestand haben?<\/p>\n","protected":false},"featured_media":28596,"template":"","meta":{"slim_seo":{"title":"Die Zerrissenheit - graswurzelrevolution","description":"In der Zur\u00fcckweisung eines ideologischen Bescheidwissens und der Verabsolutierung des Rechthabens entwickelte sich die Zerrissenheit bei Albert Camus zur eigene"}},"product_brand":[],"product_cat":[923],"product_tag":[],"class_list":{"0":"post-27733","1":"product","2":"type-product","3":"status-publish","4":"has-post-thumbnail","6":"product_cat-buchverlag","8":"first","9":"instock","10":"taxable","11":"shipping-taxable","12":"purchasable","13":"product-type-simple"},"_links":{"self":[{"href":"https:\/\/www.graswurzel.net\/gwr\/wp-json\/wp\/v2\/product\/27733","targetHints":{"allow":["GET"]}}],"collection":[{"href":"https:\/\/www.graswurzel.net\/gwr\/wp-json\/wp\/v2\/product"}],"about":[{"href":"https:\/\/www.graswurzel.net\/gwr\/wp-json\/wp\/v2\/types\/product"}],"wp:featuredmedia":[{"embeddable":true,"href":"https:\/\/www.graswurzel.net\/gwr\/wp-json\/wp\/v2\/media\/28596"}],"wp:attachment":[{"href":"https:\/\/www.graswurzel.net\/gwr\/wp-json\/wp\/v2\/media?parent=27733"}],"wp:term":[{"taxonomy":"product_brand","embeddable":true,"href":"https:\/\/www.graswurzel.net\/gwr\/wp-json\/wp\/v2\/product_brand?post=27733"},{"taxonomy":"product_cat","embeddable":true,"href":"https:\/\/www.graswurzel.net\/gwr\/wp-json\/wp\/v2\/product_cat?post=27733"},{"taxonomy":"product_tag","embeddable":true,"href":"https:\/\/www.graswurzel.net\/gwr\/wp-json\/wp\/v2\/product_tag?post=27733"}],"curies":[{"name":"wp","href":"https:\/\/api.w.org\/{rel}","templated":true}]}}