{"id":30266,"date":"2025-08-22T17:45:28","date_gmt":"2025-08-22T15:45:28","guid":{"rendered":"https:\/\/www.graswurzel.net\/gwr\/?post_type=product&#038;p=30266"},"modified":"2026-03-08T13:21:20","modified_gmt":"2026-03-08T11:21:20","slug":"geschichte-und-erinnerungskultur","status":"publish","type":"product","link":"https:\/\/www.graswurzel.net\/gwr\/produkt\/geschichte-und-erinnerungskultur\/","title":{"rendered":"Geschichte und Erinnerungskultur"},"content":{"rendered":"<div>\n<div>\n<p style=\"text-align: center\"><strong>Wir trauern um unseren Autor Walther L. Bernecker<\/strong><\/p>\n<p><img loading=\"lazy\" decoding=\"async\" class=\"wp-image-33782 aligncenter\" src=\"https:\/\/www.graswurzel.net\/gwr\/wp-content\/uploads\/2026\/03\/LB-e1772966732433-218x300.webp\" alt=\"Walther L. Bernecker\" width=\"162\" height=\"212\" \/><\/p>\n<p style=\"text-align: center\"><strong>1947\u20132026<\/strong><\/p>\n<p>&nbsp;<\/p>\n<p class=\"Untertitelklein\"><span style=\"font-size: 1rem\">Walther L. Bernecker<\/span><\/p>\n<\/div>\n<div>\n<p class=\"Haupttitel\"><strong>Geschichte und Erinnerungskultur<\/strong><\/p>\n<\/div>\n<div>\n<p class=\"Untertitelklein\">Spaniens anhaltender Deutungskampf\u00a0um Vergangenheit und Gegenwart<\/p>\n<\/div>\n<div>\n<p class=\"Untertitelklein\">Reihe \u201eAuf den Punkt\u201c<\/p>\n<div>\n<p class=\"ISBNklein\">78 S. | 10,90 Euro | ISBN 978-3-939045-51-9<\/p>\n<\/div>\n<\/div>\n<\/div>\n<p>&nbsp;<\/p>\n<div>\n<div>\n<p class=\"Brottext\">Spanien ist in Europa wohl das Land, in dem bis heute am intensivsten und leidenschaftlichsten um die Deutungshoheit \u00fcber die Vergangenheit gerungen wird, insbesondere \u00fcber B\u00fcrgerkrieg und Franquismus im 20. Jahrhundert. Geschichtsinterpretationen und Erinnerungskulturen lassen sich h\u00e4ufig kaum trennen; sie haben nicht nur in der Geschichtswissenschaft, sondern auch in Politik, Kultur und Gesellschaft zu tiefgehenden Auseinandersetzungen und Spaltungen gef\u00fchrt; seit Jahrzehnten bestimmen sie gro\u00dfe Teile des gesellschaftspolitischen Diskurses. Der Band fasst die politischen und gesellschaftlichen Deutungsk\u00e4mpfe seit dem \u00dcbergang des Landes in die Demokratie in den 1970er-Jahren bis in die unmittelbare Gegenwart zusammen, er stellt die Aufarbeitungsversuche in Politik und Zivilgesellschaft vor und geht auf die Regionalisierung sowie Formver\u00e4nderungen der Erinnerungsarbeit ein.<\/p>\n<\/div>\n<\/div>\n","protected":false},"excerpt":{"rendered":"<p><strong>Wir trauern um unseren Autor Walther L. Bernecker (1947\u20132026)<\/strong><\/p>\n<p style=\"font-weight: 400\">In Spanien wird bis heute wohl am intensivsten um die Deutungshoheit \u00fcber die Vergangenheit gerungen, insbesondere \u00fcber B\u00fcrgerkrieg und Franquismus. Geschichtsinterpretationen und Erinnerungskulturen lassen sich h\u00e4ufig kaum trennen; sie haben nicht nur in der Geschichtswissenschaft, sondern auch in Politik, Kultur und Gesellschaft zu tiefgehenden Auseinandersetzungen und Spaltungen gef\u00fchrt. Walther L. Bernecker fasst in dem Band die politischen und gesellschaftlichen Deutungsk\u00e4mpfe seit dem \u00dcbergang des Landes in die Demokratie in den 1970er-Jahren bis in die unmittelbare Gegenwart zusammen.<\/p>\n<p style=\"font-weight: 400\"><span style=\"color: #ff0000\">\u00bbSpanien wird dieser Tage von den Geistern der Vergangenheit heimgesucht. (\u2026) Berneckers Band ist der perfekte Einstieg f\u00fcr all diejenigen, die verstehen wollen, wie dies \u00fcber 40 Jahre nach Ende der Franco-Diktatur mitten in Europa m\u00f6glich ist.\u00ab<\/span><br \/>\n<span style=\"color: #ff0000\">Reiner Wandler in: taz vom 9.1.2024<\/span><\/p>\n","protected":false},"featured_media":30360,"template":"","meta":{"slim_seo":{"title":"Geschichte und Erinnerungskultur - graswurzelrevolution","description":"Wir trauern um unseren Autor Walther L. Bernecker (1947\u20132026) In Spanien wird bis heute wohl am intensivsten um die Deutungshoheit \u00fcber die Vergangenheit gerung"}},"product_brand":[],"product_cat":[923],"product_tag":[],"class_list":{"0":"post-30266","1":"product","2":"type-product","3":"status-publish","4":"has-post-thumbnail","6":"product_cat-buchverlag","8":"first","9":"instock","10":"taxable","11":"shipping-taxable","12":"purchasable","13":"product-type-simple"},"_links":{"self":[{"href":"https:\/\/www.graswurzel.net\/gwr\/wp-json\/wp\/v2\/product\/30266","targetHints":{"allow":["GET"]}}],"collection":[{"href":"https:\/\/www.graswurzel.net\/gwr\/wp-json\/wp\/v2\/product"}],"about":[{"href":"https:\/\/www.graswurzel.net\/gwr\/wp-json\/wp\/v2\/types\/product"}],"wp:featuredmedia":[{"embeddable":true,"href":"https:\/\/www.graswurzel.net\/gwr\/wp-json\/wp\/v2\/media\/30360"}],"wp:attachment":[{"href":"https:\/\/www.graswurzel.net\/gwr\/wp-json\/wp\/v2\/media?parent=30266"}],"wp:term":[{"taxonomy":"product_brand","embeddable":true,"href":"https:\/\/www.graswurzel.net\/gwr\/wp-json\/wp\/v2\/product_brand?post=30266"},{"taxonomy":"product_cat","embeddable":true,"href":"https:\/\/www.graswurzel.net\/gwr\/wp-json\/wp\/v2\/product_cat?post=30266"},{"taxonomy":"product_tag","embeddable":true,"href":"https:\/\/www.graswurzel.net\/gwr\/wp-json\/wp\/v2\/product_tag?post=30266"}],"curies":[{"name":"wp","href":"https:\/\/api.w.org\/{rel}","templated":true}]}}