{"id":30562,"date":"2023-09-25T20:48:02","date_gmt":"2023-09-25T18:48:02","guid":{"rendered":"https:\/\/www.graswurzel.net\/gwr\/?post_type=product&#038;p=30562"},"modified":"2024-06-29T14:25:30","modified_gmt":"2024-06-29T12:25:30","slug":"vw-steht-fuer-verkehrswende","status":"publish","type":"product","link":"https:\/\/www.graswurzel.net\/gwr\/produkt\/vw-steht-fuer-verkehrswende\/","title":{"rendered":"VW steht f\u00fcr Verkehrswende"},"content":{"rendered":"<div><\/div>\n<div>\n<p style=\"font-weight: 400;\">Eva Brunnemann\/Tobi Rosswog (Hg.)<\/p>\n<p style=\"font-weight: 400;\"><strong>VW steht f\u00fcr Verkehrswende<\/strong><br \/>\nKonversion &amp; Vergesellschaftung zwischen Theorie und Praxis<\/p>\n<p>70 S. | 5 Euro | ISBN 978-3-939045-52-6<\/p>\n<\/div>\n<p><strong>Impulse und Perspektiven zur sozial-\u00f6kologischen Frage.\u00a0Beitr\u00e4ge aus Arbeit, Bewegung, Politik und Wissenschaft<\/strong><\/p>\n<div>\n<p style=\"font-weight: 400;\">In dieser Brosch\u00fcre sind Beitr\u00e4ge aus Bewegung, Wissenschaft und Politik und nicht zuletzt aus Produktion und Gewerkschaft versammelt. Wir streben eine gegenseitige Ann\u00e4herung von Arbeiter:innen, Klimabewegung, Wissenschaftler:innen, einzelnen linken Politiker:innen und den vielen Aktivist:innen der Zivilgesellschaft an. Das Ziel: In W\u00fcrde arbeiten und Sinnvolles produzieren.\u00a0Auch wenn der Ausgang ungewiss ist, zeigt dieses Projekt einen Weg, von dem wir lernen k\u00f6nnen, wenn wir dem Machtblock aus Autoindustrie und Politik gegen\u00fcberstehen, aber auch einer offiziellen Gewerkschaftslinie, die ihre gemeinn\u00fctzigen Ziele in der eigenen Satzung nicht mehr kennt, und einer schweigenden Mehrheit von Arbeiter*innen.\u00a0Um also nicht vergebens gegen eine \u00fcberm\u00e4chtige Mauer anzulaufen, treffen sich die verschiedenen Akteur:innen und planen weiterhin Aktionen, die auf den Riss in der Mauer zielen und ihn vergr\u00f6\u00dfern, entwerfen Visionen mit politischer und sozialer Fantasie, zeichnen die Erfahrungen von Selbsterm\u00e4chtigung der Arbeiter:innen im Streik nach und zeigen die materiellen Voraussetzungen f\u00fcr den Wandel auf. Mit Hand und Fu\u00df, mit Herz und Verstand.<\/p>\n<\/div>\n","protected":false},"excerpt":{"rendered":"<p style=\"font-weight: 400;\">In dieser Brosch\u00fcre sind Beitr\u00e4ge aus Bewegung, Wissenschaft und Politik und nicht zuletzt aus Produktion und Gewerkschaft versammelt. Wir streben eine gegenseitige Ann\u00e4herung von Arbeiter:innen, Klimabewegung, Wissenschaftler:innen, einzelnen linken Politiker:innen und den vielen Aktivist:innen der Zivilgesellschaft an. Das Ziel: In W\u00fcrde arbeiten und Sinnvolles produzieren.<\/p>\n","protected":false},"featured_media":30563,"template":"","meta":{"slim_seo":{"title":"VW steht f\u00fcr Verkehrswende - graswurzelrevolution","description":"In dieser Brosch\u00fcre sind Beitr\u00e4ge aus Bewegung, Wissenschaft und Politik und nicht zuletzt aus Produktion und Gewerkschaft versammelt. Wir streben eine gegensei"}},"product_brand":[],"product_cat":[923],"product_tag":[],"class_list":{"0":"post-30562","1":"product","2":"type-product","3":"status-publish","4":"has-post-thumbnail","6":"product_cat-buchverlag","8":"first","9":"instock","10":"taxable","11":"shipping-taxable","12":"purchasable","13":"product-type-simple"},"_links":{"self":[{"href":"https:\/\/www.graswurzel.net\/gwr\/wp-json\/wp\/v2\/product\/30562","targetHints":{"allow":["GET"]}}],"collection":[{"href":"https:\/\/www.graswurzel.net\/gwr\/wp-json\/wp\/v2\/product"}],"about":[{"href":"https:\/\/www.graswurzel.net\/gwr\/wp-json\/wp\/v2\/types\/product"}],"wp:featuredmedia":[{"embeddable":true,"href":"https:\/\/www.graswurzel.net\/gwr\/wp-json\/wp\/v2\/media\/30563"}],"wp:attachment":[{"href":"https:\/\/www.graswurzel.net\/gwr\/wp-json\/wp\/v2\/media?parent=30562"}],"wp:term":[{"taxonomy":"product_brand","embeddable":true,"href":"https:\/\/www.graswurzel.net\/gwr\/wp-json\/wp\/v2\/product_brand?post=30562"},{"taxonomy":"product_cat","embeddable":true,"href":"https:\/\/www.graswurzel.net\/gwr\/wp-json\/wp\/v2\/product_cat?post=30562"},{"taxonomy":"product_tag","embeddable":true,"href":"https:\/\/www.graswurzel.net\/gwr\/wp-json\/wp\/v2\/product_tag?post=30562"}],"curies":[{"name":"wp","href":"https:\/\/api.w.org\/{rel}","templated":true}]}}