{"id":31302,"date":"2025-04-22T21:00:07","date_gmt":"2025-04-22T19:00:07","guid":{"rendered":"https:\/\/www.graswurzel.net\/gwr\/?post_type=product&#038;p=31302"},"modified":"2026-01-30T20:12:35","modified_gmt":"2026-01-30T18:12:35","slug":"indigener-widerstand-in-zeiten-des-klimawandels","status":"publish","type":"product","link":"https:\/\/www.graswurzel.net\/gwr\/produkt\/indigener-widerstand-in-zeiten-des-klimawandels\/","title":{"rendered":"Indigener Widerstand  in Zeiten des Klimawandels"},"content":{"rendered":"<div>\n<p style=\"font-weight: 400\">Gabriel Kuhn<\/p>\n<p style=\"font-weight: 400\"><strong>Indigener Widerstand\u00a0 in Zeiten des Klimawandels<\/strong><br \/>\nS\u00e1pmi: Gr\u00fcner Kolonialismus im Norden Europas<\/p>\n<p style=\"font-weight: 400\">Reihe \u201eAuf den Punkt\u201c<\/p>\n<p style=\"font-weight: 400\">66 Seiten | 13,90 Euro | ISBN 978-3-939045-54-0<\/p>\n<\/div>\n<p>&nbsp;<\/p>\n<div>\n<p style=\"font-weight: 400\">Die S\u00e1mi sind die indigene Gesellschaft des Nordens Europas. Ihr Siedlungsgebiet, S\u00e1pmi, verteilt sich auf die Staatsgebiete Norwegens, Schwedens, Finnlands und Russlands. Im Zuge der Kolonisierung S\u00e1pmis erfuhren die S\u00e1mi Landraub, Vertreibung und Zwangsassimilierung. Die Grundlagen ihrer Kultur sind von Kolonialm\u00e4chten ausgeh\u00f6hlt worden, ihr Glaubenssystem, ihre sozialen Organisationsformen, die Art, ihren Lebensunterhalt zu bestreiten. Die Arroganz der Kolonialherren (in diesem Fall der nordischen Nationalstaaten und Russland), die Selbstverst\u00e4ndlichkeit der Land\u00fcbernahme durch aus dem S\u00fcden kommende Siedler:innen, die Geringsch\u00e4tzung indigener Lebensweise und Kultur sowie die H\u00e4rte, mit der die Kolonisierung durchgesetzt wurde, waren allzu bekannt. Bis heute profitieren die nordischen Nationalstaaten von der Ausbeutung S\u00e1pmis, wie das traditionelle Siedlungsgebiet der S\u00e1mi genannt wird. Immer wieder widersetzten sie sich politischer Diskriminierung und \u00f6konomischer Ausbeutung. In der gegenw\u00e4rtigen Widerstandsbewegung verbinden sich K\u00e4mpfe um Klimagerechtigkeit mit Forderungen nach bed\u00fcrfnisorientiertem Wirtschaften und indigener Selbstbestimmung. Die samische Widerstandsbewegung ist damit wegweisend f\u00fcr nachhaltige Lebensformen der Zukunft.<\/p>\n<\/div>\n","protected":false},"excerpt":{"rendered":"<p><span style=\"font-size: 1rem\">Die S\u00e1mi sind die indigene Gesellschaft des Nordens Europas. Ihr Siedlungsgebiet, S\u00e1pmi, verteilt sich auf die Staatsgebiete Norwegens, Schwedens, Finnlands und Russlands. Im Zuge der Kolonisierung S\u00e1pmis erfuhren die S\u00e1mi Landraub, Vertreibung und Zwangsassimilierung. Immer wieder widersetzten sie sich politischer Diskriminierung und \u00f6konomischer Ausbeutung. In der gegenw\u00e4rtigen Widerstandsbewegung verbinden sich K\u00e4mpfe um Klimagerechtigkeit mit Forderungen nach bed\u00fcrfnisorientiertem Wirtschaften und indigener Selbstbestimmung. Die samische Widerstandsbewegung ist damit wegweisend f\u00fcr nachhaltige Lebensformen der Zukunft.<\/span><\/p>\n","protected":false},"featured_media":31769,"template":"","meta":{"slim_seo":{"title":"Indigener Widerstand in Zeiten des Klimawandels - graswurzelrevolution","description":"Die S\u00e1mi sind die indigene Gesellschaft des Nordens Europas. Ihr Siedlungsgebiet, S\u00e1pmi, verteilt sich auf die Staatsgebiete Norwegens, Schwedens, Finnlands und"}},"product_brand":[],"product_cat":[923],"product_tag":[],"class_list":{"0":"post-31302","1":"product","2":"type-product","3":"status-publish","4":"has-post-thumbnail","6":"product_cat-buchverlag","8":"first","9":"instock","10":"taxable","11":"shipping-taxable","12":"purchasable","13":"product-type-simple"},"_links":{"self":[{"href":"https:\/\/www.graswurzel.net\/gwr\/wp-json\/wp\/v2\/product\/31302","targetHints":{"allow":["GET"]}}],"collection":[{"href":"https:\/\/www.graswurzel.net\/gwr\/wp-json\/wp\/v2\/product"}],"about":[{"href":"https:\/\/www.graswurzel.net\/gwr\/wp-json\/wp\/v2\/types\/product"}],"wp:featuredmedia":[{"embeddable":true,"href":"https:\/\/www.graswurzel.net\/gwr\/wp-json\/wp\/v2\/media\/31769"}],"wp:attachment":[{"href":"https:\/\/www.graswurzel.net\/gwr\/wp-json\/wp\/v2\/media?parent=31302"}],"wp:term":[{"taxonomy":"product_brand","embeddable":true,"href":"https:\/\/www.graswurzel.net\/gwr\/wp-json\/wp\/v2\/product_brand?post=31302"},{"taxonomy":"product_cat","embeddable":true,"href":"https:\/\/www.graswurzel.net\/gwr\/wp-json\/wp\/v2\/product_cat?post=31302"},{"taxonomy":"product_tag","embeddable":true,"href":"https:\/\/www.graswurzel.net\/gwr\/wp-json\/wp\/v2\/product_tag?post=31302"}],"curies":[{"name":"wp","href":"https:\/\/api.w.org\/{rel}","templated":true}]}}